{"id":1867,"date":"2025-07-28T17:41:54","date_gmt":"2025-07-28T15:41:54","guid":{"rendered":"https:\/\/packlabhu.com\/?page_id=1867"},"modified":"2025-07-28T17:41:54","modified_gmt":"2025-07-28T15:41:54","slug":"testovani","status":"publish","type":"page","link":"https:\/\/packlabhu.com\/cs\/testovani\/","title":{"rendered":"Testov\u00e1n\u00ed"},"content":{"rendered":"[vc_row][vc_column][vc_column_text]\n<h1><span data-sheets-root=\"1\">Testov\u00e1n\u00ed<\/span><\/h1>\n[\/vc_column_text][\/vc_column][\/vc_row][vc_row][vc_column][vc_column_text]\nC\u00edlem balen\u00ed je chr\u00e1nit produkt b\u011bhem manipulace, distribuce, p\u0159epravy a skladov\u00e1n\u00ed. Testov\u00e1n\u00ed obal\u016f m\u011b\u0159\u00ed \u00fa\u010dinky a vz\u00e1jemn\u00e9 p\u016fsoben\u00ed na r\u016fzn\u00fdch \u00farovn\u00edch obalov\u00e9ho syst\u00e9mu (obalov\u00e9 materi\u00e1ly, obalov\u00e9 prvky, spot\u0159ebitelsk\u00e9 obaly, kontejnery a jednotkov\u00e9 n\u00e1klady) ve vztahu k obsahu obalu, vn\u011bj\u0161\u00edm vliv\u016fm a kone\u010dn\u00e9mu pou\u017eit\u00ed.<\/p>\n<p>Oblasti testov\u00e1n\u00ed na\u0161eho laborato\u0159e:<\/p>\n<ul>\n<li>Typov\u00e9 zkou\u0161ky obal\u016f pro nebezpe\u010dn\u00e9 zbo\u017e\u00ed<\/li>\n<li>Testov\u00e1n\u00ed p\u0159epravn\u00edch obal\u016f (jednotkov\u00e9 n\u00e1klady)<\/li>\n<li>Kontrola kvality obalov\u00fdch materi\u00e1l\u016f a za\u0159\u00edzen\u00ed<\/li>\n<li>Automobilov\u00e9 testy<\/li>\n<\/ul>\n[\/vc_column_text][\/vc_column][\/vc_row]\n","protected":false},"excerpt":{"rendered":"<p>[vc_row][vc_column][vc_column_text] Testov\u00e1n\u00ed [\/vc_column_text][\/vc_column][\/vc_row][vc_row][vc_column][vc_column_text] C\u00edlem balen\u00ed je chr\u00e1nit produkt b\u011bhem manipulace, distribuce, p\u0159epravy a skladov\u00e1n\u00ed. Testov\u00e1n\u00ed obal\u016f m\u011b\u0159\u00ed \u00fa\u010dinky a vz\u00e1jemn\u00e9 p\u016fsoben\u00ed na r\u016fzn\u00fdch \u00farovn\u00edch obalov\u00e9ho syst\u00e9mu (obalov\u00e9 materi\u00e1ly, obalov\u00e9 prvky, spot\u0159ebitelsk\u00e9 obaly, kontejnery a jednotkov\u00e9 n\u00e1klady) ve vztahu k obsahu obalu, vn\u011bj\u0161\u00edm vliv\u016fm a kone\u010dn\u00e9mu pou\u017eit\u00ed. Oblasti testov\u00e1n\u00ed na\u0161eho laborato\u0159e: Typov\u00e9 zkou\u0161ky obal\u016f pro nebezpe\u010dn\u00e9 zbo\u017e\u00ed Testov\u00e1n\u00ed p\u0159epravn\u00edch obal\u016f (jednotkov\u00e9 n\u00e1klady) Kontrola kvality obalov\u00fdch materi\u00e1l\u016f a za\u0159\u00edzen\u00ed Automobilov\u00e9 testy [\/vc_column_text][\/vc_column][\/vc_row]<\/p>\n","protected":false},"author":1,"featured_media":0,"parent":0,"menu_order":0,"comment_status":"closed","ping_status":"closed","template":"","meta":{"footnotes":""},"class_list":["post-1867","page","type-page","status-publish","hentry"],"_links":{"self":[{"href":"https:\/\/packlabhu.com\/cs\/wp-json\/wp\/v2\/pages\/1867","targetHints":{"allow":["GET"]}}],"collection":[{"href":"https:\/\/packlabhu.com\/cs\/wp-json\/wp\/v2\/pages"}],"about":[{"href":"https:\/\/packlabhu.com\/cs\/wp-json\/wp\/v2\/types\/page"}],"author":[{"embeddable":true,"href":"https:\/\/packlabhu.com\/cs\/wp-json\/wp\/v2\/users\/1"}],"replies":[{"embeddable":true,"href":"https:\/\/packlabhu.com\/cs\/wp-json\/wp\/v2\/comments?post=1867"}],"version-history":[{"count":1,"href":"https:\/\/packlabhu.com\/cs\/wp-json\/wp\/v2\/pages\/1867\/revisions"}],"predecessor-version":[{"id":1868,"href":"https:\/\/packlabhu.com\/cs\/wp-json\/wp\/v2\/pages\/1867\/revisions\/1868"}],"wp:attachment":[{"href":"https:\/\/packlabhu.com\/cs\/wp-json\/wp\/v2\/media?parent=1867"}],"curies":[{"name":"wp","href":"https:\/\/api.w.org\/{rel}","templated":true}]}}