{"id":1869,"date":"2025-07-28T17:44:12","date_gmt":"2025-07-28T15:44:12","guid":{"rendered":"https:\/\/packlabhu.com\/?page_id=1869"},"modified":"2025-07-28T18:11:30","modified_gmt":"2025-07-28T16:11:30","slug":"testovani-obalu","status":"publish","type":"page","link":"https:\/\/packlabhu.com\/cs\/testovani-obalu\/","title":{"rendered":"TESTOV\u00c1N\u00cd OBAL\u016e"},"content":{"rendered":"[vc_row][vc_column][vc_column_text]\n<h1 style=\"text-align: center;\">TESTOV\u00c1N\u00cd OBAL\u016e<\/h1>\n[\/vc_column_text][\/vc_column][\/vc_row][vc_row el_class=&#8220;kepeksor&#8220;][vc_column width=&#8220;1\/3&#8243;][vc_single_image image=&#8220;862&#8243; img_size=&#8220;full&#8220; alignment=&#8220;center&#8220; onclick=&#8220;custom_link&#8220; link=&#8220;https:\/\/packlabhu.com\/hu\/veszelyes-aru-csomagolas\/&#8220;][\/vc_column][vc_column width=&#8220;1\/3&#8243;][vc_single_image image=&#8220;900&#8243; img_size=&#8220;full&#8220; alignment=&#8220;center&#8220; onclick=&#8220;custom_link&#8220; link=&#8220;https:\/\/packlabhu.com\/hu\/ista\/&#8220;][\/vc_column][vc_column width=&#8220;1\/3&#8243;][vc_single_image image=&#8220;869&#8243; img_size=&#8220;full&#8220; alignment=&#8220;center&#8220; onclick=&#8220;custom_link&#8220; link=&#8220;https:\/\/packlabhu.com\/hu\/amazon\/&#8220;][\/vc_column][\/vc_row][vc_row][vc_column width=&#8220;1\/3&#8243;][vc_column_text]\n<h4 style=\"text-align: center;\"><a href=\"https:\/\/packlabhu.com\/cs\/baleni-nebezpecneho-zbozi\"><strong>Balen\u00ed nebezpe\u010dn\u00e9ho zbo\u017e\u00ed<\/strong><\/a><\/h4>\n<p style=\"text-align: center;\">Obaly jsou testov\u00e1ny dle p\u0159edpis\u016f pro nebezpe\u010dn\u00e9 zbo\u017e\u00ed. Normy: ADR, RID, ADN, IATA, IMDG.<\/p>\n[\/vc_column_text][\/vc_column][vc_column width=&#8220;1\/3&#8243;][vc_column_text]\n<h4 style=\"text-align: center;\"><a href=\"https:\/\/packlabhu.com\/cs\/ista\"><strong>ISTA<\/strong><\/a><\/h4>\n<p style=\"text-align: center;\">N\u00e1\u0161 laborato\u0159 je certifikov\u00e1na organizac\u00ed ISTA (International Safe Transit Association).<\/p>\n[\/vc_column_text][\/vc_column][vc_column width=&#8220;1\/3&#8243;][vc_column_text]\n<h4 style=\"text-align: center;\"><a href=\"https:\/\/packlabhu.com\/cs\/amazon\"><strong>Amazon<\/strong><\/a><\/h4>\n<p style=\"text-align: center;\">S rychl\u00fdm r\u016fstem e-commerce se balen\u00ed st\u00e1v\u00e1 d\u016fle\u017eit\u011bj\u0161\u00edm. Mus\u00ed chr\u00e1nit produkt, b\u00fdt n\u00e1kladov\u011b efektivn\u00ed, snadno se otev\u00edrat a minimalizovat odpad.<\/p>\n[\/vc_column_text][\/vc_column][\/vc_row][vc_row el_class=&#8220;kepeksor&#8220;][vc_column width=&#8220;1\/3&#8243;][vc_single_image image=&#8220;866&#8243; img_size=&#8220;full&#8220; alignment=&#8220;center&#8220; onclick=&#8220;custom_link&#8220; link=&#8220;https:\/\/packlabhu.com\/hu\/mechanikai\/&#8220;][\/vc_column][vc_column width=&#8220;1\/3&#8243;][vc_single_image image=&#8220;881&#8243; img_size=&#8220;full&#8220; alignment=&#8220;center&#8220; onclick=&#8220;custom_link&#8220; link=&#8220;https:\/\/packlabhu.com\/hu\/kornyezetallosagi\/&#8220;][\/vc_column][vc_column width=&#8220;1\/3&#8243;][vc_single_image image=&#8220;888&#8243; img_size=&#8220;full&#8220; alignment=&#8220;center&#8220; onclick=&#8220;custom_link&#8220; link=&#8220;https:\/\/packlabhu.com\/hu\/anyagvizsgalat\/&#8220;][\/vc_column][\/vc_row][vc_row][vc_column width=&#8220;1\/3&#8243;][vc_column_text]\n<h4 style=\"text-align: center;\"><a href=\"https:\/\/packlabhu.com\/cs\/mechanicke-testy\"><strong>Mechanick\u00e9 testy<\/strong><\/a><\/h4>\n<p style=\"text-align: center;\">Mechanick\u00e9 testy simuluj\u00ed dopravn\u00ed prost\u0159ed\u00ed za kontrolovan\u00fdch a opakovateln\u00fdch podm\u00ednek.<\/p>\n[\/vc_column_text][\/vc_column][vc_column width=&#8220;1\/3&#8243;][vc_column_text]\n<h4 style=\"text-align: center;\"><a href=\"https:\/\/packlabhu.com\/cs\/testy-odolnosti-vuci-prostredi\"><strong>Testy odolnosti v\u016f\u010di prost\u0159ed\u00ed<\/strong><\/a><\/h4>\n<p style=\"text-align: center;\">Obaly se testuj\u00ed p\u0159i ur\u010den\u00e9 teplot\u011b a vlhkosti.<\/p>\n[\/vc_column_text][\/vc_column][vc_column width=&#8220;1\/3&#8243;][vc_column_text]\n<h4 style=\"text-align: center;\"><a href=\"https:\/\/packlabhu.com\/cs\/testovani-materialu\"><strong>Testov\u00e1n\u00ed materi\u00e1l\u016f<\/strong><\/a><\/h4>\n<p style=\"text-align: center;\">Kontrola kvality obalov\u00fdch materi\u00e1l\u016f.<\/p>\n[\/vc_column_text][\/vc_column][\/vc_row]\n","protected":false},"excerpt":{"rendered":"<p>[vc_row][vc_column][vc_column_text] TESTOV\u00c1N\u00cd OBAL\u016e [\/vc_column_text][\/vc_column][\/vc_row][vc_row el_class=&#8220;kepeksor&#8220;][vc_column width=&#8220;1\/3&#8243;][vc_single_image image=&#8220;862&#8243; img_size=&#8220;full&#8220; alignment=&#8220;center&#8220; onclick=&#8220;custom_link&#8220; link=&#8220;https:\/\/packlabhu.com\/hu\/veszelyes-aru-csomagolas\/&#8220;][\/vc_column][vc_column width=&#8220;1\/3&#8243;][vc_single_image image=&#8220;900&#8243; img_size=&#8220;full&#8220; alignment=&#8220;center&#8220; onclick=&#8220;custom_link&#8220; link=&#8220;https:\/\/packlabhu.com\/hu\/ista\/&#8220;][\/vc_column][vc_column width=&#8220;1\/3&#8243;][vc_single_image image=&#8220;869&#8243; img_size=&#8220;full&#8220; alignment=&#8220;center&#8220; onclick=&#8220;custom_link&#8220; link=&#8220;https:\/\/packlabhu.com\/hu\/amazon\/&#8220;][\/vc_column][\/vc_row][vc_row][vc_column width=&#8220;1\/3&#8243;][vc_column_text] Balen\u00ed nebezpe\u010dn\u00e9ho zbo\u017e\u00ed Obaly jsou testov\u00e1ny dle p\u0159edpis\u016f pro nebezpe\u010dn\u00e9 zbo\u017e\u00ed. Normy: ADR, RID, ADN, IATA, IMDG. [\/vc_column_text][\/vc_column][vc_column width=&#8220;1\/3&#8243;][vc_column_text] ISTA N\u00e1\u0161 laborato\u0159 je certifikov\u00e1na organizac\u00ed ISTA (International Safe Transit Association). [\/vc_column_text][\/vc_column][vc_column width=&#8220;1\/3&#8243;][vc_column_text] Amazon S rychl\u00fdm r\u016fstem e-commerce se balen\u00ed st\u00e1v\u00e1 d\u016fle\u017eit\u011bj\u0161\u00edm. Mus\u00ed chr\u00e1nit produkt, b\u00fdt n\u00e1kladov\u011b efektivn\u00ed, snadno se otev\u00edrat a minimalizovat odpad. [\/vc_column_text][\/vc_column][\/vc_row][vc_row el_class=&#8220;kepeksor&#8220;][vc_column width=&#8220;1\/3&#8243;][vc_single_image image=&#8220;866&#8243; img_size=&#8220;full&#8220; alignment=&#8220;center&#8220; onclick=&#8220;custom_link&#8220; link=&#8220;https:\/\/packlabhu.com\/hu\/mechanikai\/&#8220;][\/vc_column][vc_column width=&#8220;1\/3&#8243;][vc_single_image image=&#8220;881&#8243; img_size=&#8220;full&#8220; alignment=&#8220;center&#8220; onclick=&#8220;custom_link&#8220; link=&#8220;https:\/\/packlabhu.com\/hu\/kornyezetallosagi\/&#8220;][\/vc_column][vc_column width=&#8220;1\/3&#8243;][vc_single_image image=&#8220;888&#8243; img_size=&#8220;full&#8220; alignment=&#8220;center&#8220; onclick=&#8220;custom_link&#8220; link=&#8220;https:\/\/packlabhu.com\/hu\/anyagvizsgalat\/&#8220;][\/vc_column][\/vc_row][vc_row][vc_column width=&#8220;1\/3&#8243;][vc_column_text] Mechanick\u00e9 testy Mechanick\u00e9 testy simuluj\u00ed dopravn\u00ed prost\u0159ed\u00ed za kontrolovan\u00fdch a opakovateln\u00fdch podm\u00ednek. [\/vc_column_text][\/vc_column][vc_column width=&#8220;1\/3&#8243;][vc_column_text] Testy odolnosti v\u016f\u010di prost\u0159ed\u00ed Obaly se testuj\u00ed p\u0159i ur\u010den\u00e9 teplot\u011b a vlhkosti. [\/vc_column_text][\/vc_column][vc_column width=&#8220;1\/3&#8243;][vc_column_text] Testov\u00e1n\u00ed materi\u00e1l\u016f Kontrola kvality obalov\u00fdch materi\u00e1l\u016f. [\/vc_column_text][\/vc_column][\/vc_row]<\/p>\n","protected":false},"author":1,"featured_media":0,"parent":0,"menu_order":0,"comment_status":"closed","ping_status":"closed","template":"","meta":{"footnotes":""},"class_list":["post-1869","page","type-page","status-publish","hentry"],"_links":{"self":[{"href":"https:\/\/packlabhu.com\/cs\/wp-json\/wp\/v2\/pages\/1869","targetHints":{"allow":["GET"]}}],"collection":[{"href":"https:\/\/packlabhu.com\/cs\/wp-json\/wp\/v2\/pages"}],"about":[{"href":"https:\/\/packlabhu.com\/cs\/wp-json\/wp\/v2\/types\/page"}],"author":[{"embeddable":true,"href":"https:\/\/packlabhu.com\/cs\/wp-json\/wp\/v2\/users\/1"}],"replies":[{"embeddable":true,"href":"https:\/\/packlabhu.com\/cs\/wp-json\/wp\/v2\/comments?post=1869"}],"version-history":[{"count":3,"href":"https:\/\/packlabhu.com\/cs\/wp-json\/wp\/v2\/pages\/1869\/revisions"}],"predecessor-version":[{"id":1900,"href":"https:\/\/packlabhu.com\/cs\/wp-json\/wp\/v2\/pages\/1869\/revisions\/1900"}],"wp:attachment":[{"href":"https:\/\/packlabhu.com\/cs\/wp-json\/wp\/v2\/media?parent=1869"}],"curies":[{"name":"wp","href":"https:\/\/api.w.org\/{rel}","templated":true}]}}