{"id":1875,"date":"2025-07-28T17:48:16","date_gmt":"2025-07-28T15:48:16","guid":{"rendered":"https:\/\/packlabhu.com\/?page_id=1875"},"modified":"2025-07-28T17:48:16","modified_gmt":"2025-07-28T15:48:16","slug":"ista","status":"publish","type":"page","link":"https:\/\/packlabhu.com\/cs\/ista\/","title":{"rendered":"ISTA"},"content":{"rendered":"[vc_row][vc_column][vc_column_text]\n<h1>ISTA<\/h1>\n[\/vc_column_text][vc_column_text]N\u00e1\u0161 laborato\u0159 je certifikov\u00e1na organizac\u00ed ISTA (International Safe Transit Association).<\/p>\n<p>Postupy ISTA simuluj\u00ed distribu\u010dn\u00ed prost\u0159ed\u00ed. Z\u00e1t\u011b\u017ee se obvykle d\u011bl\u00ed do \u010dty\u0159 hlavn\u00edch kategori\u00ed: r\u00e1zy, vibrace, stohov\u00e1n\u00ed a klimatick\u00e9 podm\u00ednky (nap\u0159. vrstven\u00ed zbo\u017e\u00ed, manipulace, p\u0159eprava a vlivy okoln\u00edho prost\u0159ed\u00ed).<\/p>\n<p>Dal\u0161\u00ed informace o testovac\u00edch z\u00e1sad\u00e1ch: <a href=\"https:\/\/ista.org\/testing_guidelines.php\">https:\/\/ista.org\/testing_guidelines.php<\/a><\/p>\n<h2><strong>V na\u0161\u00ed laborato\u0159i prov\u00e1d\u00edme n\u00e1sleduj\u00edc\u00ed testy ISTA:<\/strong><\/h2>\n<table>\n<tbody>\n<tr>\n<td rowspan=\"2\">Typ distribuce<\/td>\n<td colspan=\"2\">Typ obalu<\/td>\n<\/tr>\n<tr>\n<td>Individu\u00e1ln\u00ed<\/td>\n<td>Jednotkov\u00e1 n\u00e1lo\u017e<\/td>\n<\/tr>\n<tr>\n<td>Kur\u00fdrn\u00ed slu\u017eba<\/td>\n<td><b>3A<\/b><b> 6 \u2013 FedEx &#8211; A<\/b><\/td>\n<td><\/td>\n<\/tr>\n<tr>\n<td>\u010c\u00e1ste\u010dn\u00e9 z\u00e1silky (LTL)<\/td>\n<td><b>3B<\/b><\/td>\n<td><b>3B<\/b><\/td>\n<\/tr>\n<tr>\n<td>V\u00fdroba \u2192 Distribuce (DC)<\/td>\n<td><\/td>\n<td><b>3E<\/b><\/td>\n<\/tr>\n<tr>\n<td>E-commerce<\/td>\n<td><b>6 \u2013 Amazon<\/b><b> Over Boxing &amp; SIOC<\/b><\/td>\n<td><\/td>\n<\/tr>\n<tr>\n<td>F\u00e1ze n\u00e1vrhu obalu<\/td>\n<td><b>1A<\/b><\/td>\n<td><\/td>\n<\/tr>\n<tr>\n<td>\u010c\u00e1ste\u010dn\u00e1 simulace<\/td>\n<td><b>2A<\/b><b> 2B<\/b><\/td>\n<td><\/td>\n<\/tr>\n<\/tbody>\n<\/table>\n[\/vc_column_text][vc_column_text]<style> #grid-gallery-17-91292 .grid-gallery-caption[data-grid-gallery-type=\"show-on-hover\"]:hover figcaption, #grid-gallery-17-91292 .grid-gallery-caption[data-grid-gallery-type=\"show-on-hover\"].hovered figcaption, #grid-gallery-17-91292 .grid-gallery-caption[data-grid-gallery-type=\"show-on-hover\"]:active figcaption { background-color:rgba(111,0,0,0.5) !important; } <\/style> <div id=\"grid-gallery-17-91292\" data-gg-id=\"17\" data-title=\"ISTA\" data-grid-type=\"0\" data-offset=\"5\" data-area-position=\"center\" data-icons=\"false\" data-preloader=\"true\" data-width=\"215\" data-height=\"215\" data-padding=\"0\" data-quicksand=\"disabled\" data-quicksand-duration=\"none\" data-popup-theme=\"theme_6\" data-popup-type=\"pretty-photo\" data-popup-image-text=\"data-description\" data-popup-widthsize=\"auto\" data-popup-heightsize=\"auto\" data-popup-i18n-words=\"{&quot;close&quot;:&quot;close&quot;,&quot;next&quot;:&quot;next&quot;,&quot;previous&quot;:&quot;previous&quot;,&quot;start_slideshow&quot;:&quot;start slideshow&quot;,&quot;stop_slideshow&quot;:&quot;stop slideshow&quot;,&quot;image&quot;:&quot;image&quot;,&quot;of&quot;:&quot;of&quot;,&quot;prev&quot;:&quot;prev&quot;,&quot;cExpand&quot;:&quot;Expand&quot;,&quot;cPrevious&quot;:&quot;Previous&quot;,&quot;cNext&quot;:&quot;Dal\\u0161\\u00ed&quot;,&quot;cExpandStr&quot;:&quot;Expand the image&quot;,&quot;cRotate&quot;:&quot;Rotate&quot;,&quot;cDetails&quot;:&quot;Details&quot;}\" data-popup-slideshow=\"false\" data-popup-slideshow-speed=\"2500\" data-popup-hoverstop=\"true\" data-popup-slideshow-auto=\"false\" data-popup-background=\"\" data-popup-transparency=\"30\" data-popup-disable-history=\"\" data-popup-disable-changed-url=\"\" data-popup-border-type=\"solid\" data-popup-border-color=\"\" data-popup-border-width=\"\" data-popup-border-enable=\"\" data-fullscreen=\"false\" data-hide-tooltip=\"false\" data-caption-font-family=\"Default\" data-caption-text-size=\"140\" data-is-mobile=\"0\" data-caption-mobile=\"false\" data-hide-long-tltp-title=\"0\" data-caption-disabled-on-mobile=\"false\" data-lazyload-enable='1' data-lazyload-effect=\"show\" data-lazyload-effect-duration=\"400\" data-popup-placement-type=\"0\" data-social-sharing=\"{&quot;enabled&quot;:&quot;&quot;,&quot;gallerySharing&quot;:{&quot;enabled&quot;:null,&quot;position&quot;:null},&quot;imageSharing&quot;:{&quot;enabled&quot;:null,&quot;wrapperClass&quot;:&quot; vertical &quot;},&quot;popupSharing&quot;:{&quot;enabled&quot;:null,&quot;wrapperClass&quot;:&quot; vertical &quot;}}\" class=\"grid-gallery grid-gallery-fixed \" style=\" width:100%; height:auto; margin-left:auto; margin-right:auto;position:relative;\" data-popup-video=\"null\" data-popup-disable-source-image-for-linked-img=\"0\" data-popup-enable-download-photos-button=\"0\" data-thumbnail-size=\"150x150\"> <div class=\"gallery-loading\"> <div class=\"la-\" style=\"color:#0073AA\"> <div><\/div> <div><\/div> <\/div> <\/div> <div class=\"gallery-sharing-top\" style=\"display:none;\"> <\/div> <div id=\"photos-17\" class=\"grid-gallery-photos\"><a data-attachment-id=\"866\" id=\"gg-17-169\" class=\"gg-link \" data-attachment-id=\"866\" href=\"https:\/\/packlabhu.com\/wp-content\/uploads\/2021\/07\/packaging-laboratory-sze-hungary-60.jpg?gid=17\" target=\"_self\" title=\"packaging-laboratory-sze-hungary-60\" data-rel=\"prettyPhoto[pp_gal]\" style=\"border-radius:00;\" ><FIGURE data-tags=\"\" data-id=\"169\" class=\"grid-gallery-caption\" data-grid-gallery-type=\"quarter-slide-up\" data-index=\"0\" style=\"display:none;border-radius:00;; margin:5px; width:2150;\" ><div class=\"crop\" style=\" width:2150; height:2150; overflow:hidden;\"><img decoding=\"async\" data-gg-real-image-href=\"https:\/\/packlabhu.com\/wp-content\/uploads\/2021\/07\/packaging-laboratory-sze-hungary-60-215x215.jpg\" src=\"https:\/\/packlabhu.com\/wp-content\/plugins\/gallery-by-supsystic\/src\/GridGallery\/Galleries\/assets\/img\/loading.gif\" class=\"ggImg ggLazyImg\" alt=\"packaging-laboratory-sze-hungary-60\" title=\"packaging-laboratory-sze-hungary-60\" data-description=\"packaging-laboratory-sze-hungary-60\" data-caption=\"packaging-laboratory-sze-hungary-60\" data-title=\"packaging-laboratory-sze-hungary-60\" style=\" width:215px; height:215px;\" \/><\/div><FIGCAPTION class=\"\" data-alpha=\"5\" style=\"color:#ffffff; background-color:#6f0000; font-size:140; text-align:left; font-family:Default;\" ><div class=\"grid-gallery-figcaption-wrap\" style=\" vertical-align:top;\"><\/div><\/FIGCAPTION><\/FIGURE><\/a><a data-attachment-id=\"867\" id=\"gg-17-170\" class=\"gg-link \" data-attachment-id=\"867\" href=\"https:\/\/packlabhu.com\/wp-content\/uploads\/2021\/07\/packaging-laboratory-sze-hungary-62.jpg?gid=17\" target=\"_self\" title=\"packaging-laboratory-sze-hungary-62\" data-rel=\"prettyPhoto[pp_gal]\" style=\"border-radius:00;\" ><FIGURE data-tags=\"\" data-id=\"170\" class=\"grid-gallery-caption\" data-grid-gallery-type=\"quarter-slide-up\" data-index=\"1\" style=\"display:none;border-radius:00;; margin:5px; width:2150;\" ><div class=\"crop\" style=\" width:2150; height:2150; overflow:hidden;\"><img decoding=\"async\" data-gg-real-image-href=\"https:\/\/packlabhu.com\/wp-content\/uploads\/2021\/07\/packaging-laboratory-sze-hungary-62-215x215.jpg\" src=\"https:\/\/packlabhu.com\/wp-content\/plugins\/gallery-by-supsystic\/src\/GridGallery\/Galleries\/assets\/img\/loading.gif\" class=\"ggImg ggLazyImg\" alt=\"packaging-laboratory-sze-hungary-62\" title=\"packaging-laboratory-sze-hungary-62\" data-description=\"packaging-laboratory-sze-hungary-62\" data-caption=\"packaging-laboratory-sze-hungary-62\" data-title=\"packaging-laboratory-sze-hungary-62\" style=\" width:215px; height:215px;\" \/><\/div><FIGCAPTION class=\"\" data-alpha=\"5\" style=\"color:#ffffff; background-color:#6f0000; font-size:140; text-align:left; font-family:Default;\" ><div class=\"grid-gallery-figcaption-wrap\" style=\" vertical-align:top;\"><\/div><\/FIGCAPTION><\/FIGURE><\/a><a data-attachment-id=\"868\" id=\"gg-17-171\" class=\"gg-link \" data-attachment-id=\"868\" href=\"https:\/\/packlabhu.com\/wp-content\/uploads\/2021\/07\/packaging-laboratory-sze-hungary-57.jpg?gid=17\" target=\"_self\" title=\"packaging-laboratory-sze-hungary-57\" data-rel=\"prettyPhoto[pp_gal]\" style=\"border-radius:00;\" ><FIGURE data-tags=\"\" data-id=\"171\" class=\"grid-gallery-caption\" data-grid-gallery-type=\"quarter-slide-up\" data-index=\"2\" style=\"display:none;border-radius:00;; margin:5px; width:2150;\" ><div class=\"crop\" style=\" width:2150; height:2150; overflow:hidden;\"><img decoding=\"async\" data-gg-real-image-href=\"https:\/\/packlabhu.com\/wp-content\/uploads\/2021\/07\/packaging-laboratory-sze-hungary-57-215x215.jpg\" src=\"https:\/\/packlabhu.com\/wp-content\/plugins\/gallery-by-supsystic\/src\/GridGallery\/Galleries\/assets\/img\/loading.gif\" class=\"ggImg ggLazyImg\" alt=\"packaging-laboratory-sze-hungary-57\" title=\"packaging-laboratory-sze-hungary-57\" data-description=\"packaging-laboratory-sze-hungary-57\" data-caption=\"packaging-laboratory-sze-hungary-57\" data-title=\"packaging-laboratory-sze-hungary-57\" style=\" width:215px; height:215px;\" \/><\/div><FIGCAPTION class=\"\" data-alpha=\"5\" style=\"color:#ffffff; background-color:#6f0000; font-size:140; text-align:left; font-family:Default;\" ><div class=\"grid-gallery-figcaption-wrap\" style=\" vertical-align:top;\"><\/div><\/FIGCAPTION><\/FIGURE><\/a><a data-attachment-id=\"869\" id=\"gg-17-172\" class=\"gg-link \" data-attachment-id=\"869\" href=\"https:\/\/packlabhu.com\/wp-content\/uploads\/2021\/07\/packaging-laboratory-sze-hungary-37.jpg?gid=17\" target=\"_self\" title=\"packaging-laboratory-sze-hungary-37\" data-rel=\"prettyPhoto[pp_gal]\" style=\"border-radius:00;\" ><FIGURE data-tags=\"\" data-id=\"172\" class=\"grid-gallery-caption\" data-grid-gallery-type=\"quarter-slide-up\" data-index=\"3\" style=\"display:none;border-radius:00;; margin:5px; width:2150;\" ><div class=\"crop\" style=\" width:2150; height:2150; overflow:hidden;\"><img decoding=\"async\" data-gg-real-image-href=\"https:\/\/packlabhu.com\/wp-content\/uploads\/2021\/07\/packaging-laboratory-sze-hungary-37-215x215.jpg\" src=\"https:\/\/packlabhu.com\/wp-content\/plugins\/gallery-by-supsystic\/src\/GridGallery\/Galleries\/assets\/img\/loading.gif\" class=\"ggImg ggLazyImg\" alt=\"packaging-laboratory-sze-hungary-37\" title=\"packaging-laboratory-sze-hungary-37\" data-description=\"packaging-laboratory-sze-hungary-37\" data-caption=\"packaging-laboratory-sze-hungary-37\" data-title=\"packaging-laboratory-sze-hungary-37\" style=\" width:215px; height:215px;\" \/><\/div><FIGCAPTION class=\"\" data-alpha=\"5\" style=\"color:#ffffff; background-color:#6f0000; font-size:140; text-align:left; font-family:Default;\" ><div class=\"grid-gallery-figcaption-wrap\" style=\" vertical-align:top;\"><\/div><\/FIGCAPTION><\/FIGURE><\/a> <div class=\"grid-gallery-clearfix\"><\/div> <\/div> <div class=\"gallery-sharing-bottom\" style=\"display:none;\"> <\/div> <div class=\"gallery-sharing-image\" style=\"display:none;\"> <\/div> <div class=\"gallery-sharing-popup\" style=\"display:none;\"> <\/div> <div class=\"grid-gallery-clearfix\"><\/div> <\/div> <!-- Gallery by Supsystic plugin1.15.31 \/2.9.16 --> <style> <\/style><a title=\"\" style=\"display:none;\" href=\"https:\/\/supsystic.com\/plugins\/photo-gallery\/?utm_medium=love_link\" target=\"_blank\"><\/a>\n<div id=\"gtx-trans\" style=\"position: absolute; left: -22px; top: -9px;\">\n<div class=\"gtx-trans-icon\"><\/div>\n<\/div>\n[\/vc_column_text][\/vc_column][\/vc_row]\n","protected":false},"excerpt":{"rendered":"<p>[vc_row][vc_column][vc_column_text] ISTA [\/vc_column_text][vc_column_text]N\u00e1\u0161 laborato\u0159 je certifikov\u00e1na organizac\u00ed ISTA (International Safe Transit Association). Postupy ISTA simuluj\u00ed distribu\u010dn\u00ed prost\u0159ed\u00ed. Z\u00e1t\u011b\u017ee se obvykle d\u011bl\u00ed do \u010dty\u0159 hlavn\u00edch kategori\u00ed: r\u00e1zy, vibrace, stohov\u00e1n\u00ed a klimatick\u00e9 podm\u00ednky (nap\u0159. vrstven\u00ed zbo\u017e\u00ed, manipulace, p\u0159eprava a vlivy okoln\u00edho prost\u0159ed\u00ed). Dal\u0161\u00ed informace o testovac\u00edch z\u00e1sad\u00e1ch: https:\/\/ista.org\/testing_guidelines.php V na\u0161\u00ed laborato\u0159i prov\u00e1d\u00edme n\u00e1sleduj\u00edc\u00ed testy ISTA: Typ distribuce Typ obalu Individu\u00e1ln\u00ed Jednotkov\u00e1 n\u00e1lo\u017e Kur\u00fdrn\u00ed slu\u017eba 3A 6 \u2013 FedEx &#8211; A \u010c\u00e1ste\u010dn\u00e9 z\u00e1silky (LTL) 3B 3B V\u00fdroba \u2192 Distribuce (DC) 3E E-commerce 6 \u2013 Amazon Over Boxing &amp; SIOC F\u00e1ze n\u00e1vrhu obalu 1A \u010c\u00e1ste\u010dn\u00e1 simulace 2A 2B [\/vc_column_text][vc_column_text] [\/vc_column_text][\/vc_column][\/vc_row]<\/p>\n","protected":false},"author":1,"featured_media":0,"parent":0,"menu_order":0,"comment_status":"closed","ping_status":"closed","template":"","meta":{"footnotes":""},"class_list":["post-1875","page","type-page","status-publish","hentry"],"_links":{"self":[{"href":"https:\/\/packlabhu.com\/cs\/wp-json\/wp\/v2\/pages\/1875","targetHints":{"allow":["GET"]}}],"collection":[{"href":"https:\/\/packlabhu.com\/cs\/wp-json\/wp\/v2\/pages"}],"about":[{"href":"https:\/\/packlabhu.com\/cs\/wp-json\/wp\/v2\/types\/page"}],"author":[{"embeddable":true,"href":"https:\/\/packlabhu.com\/cs\/wp-json\/wp\/v2\/users\/1"}],"replies":[{"embeddable":true,"href":"https:\/\/packlabhu.com\/cs\/wp-json\/wp\/v2\/comments?post=1875"}],"version-history":[{"count":1,"href":"https:\/\/packlabhu.com\/cs\/wp-json\/wp\/v2\/pages\/1875\/revisions"}],"predecessor-version":[{"id":1881,"href":"https:\/\/packlabhu.com\/cs\/wp-json\/wp\/v2\/pages\/1875\/revisions\/1881"}],"wp:attachment":[{"href":"https:\/\/packlabhu.com\/cs\/wp-json\/wp\/v2\/media?parent=1875"}],"curies":[{"name":"wp","href":"https:\/\/api.w.org\/{rel}","templated":true}]}}