{"id":1882,"date":"2025-07-28T17:49:33","date_gmt":"2025-07-28T15:49:33","guid":{"rendered":"https:\/\/packlabhu.com\/?page_id=1882"},"modified":"2025-07-28T17:49:33","modified_gmt":"2025-07-28T15:49:33","slug":"amazon","status":"publish","type":"page","link":"https:\/\/packlabhu.com\/cs\/amazon\/","title":{"rendered":"Amazon"},"content":{"rendered":"[vc_row][vc_column][vc_column_text]\n<h1>Amazon<\/h1>\n[\/vc_column_text][vc_column_text]S rychl\u00fdm r\u016fstem e-commerce se role obal\u016f st\u00e1v\u00e1 \u010d\u00edm d\u00e1l d\u016fle\u017eit\u011bj\u0161\u00ed. Kvalitn\u00ed obal mus\u00ed spl\u0148ovat \u0159adu po\u017eadavk\u016f \u2013 chr\u00e1nit produkt, b\u00fdt n\u00e1kladov\u011b efektivn\u00ed, snadno se otev\u00edrat a vytv\u00e1\u0159et co nejm\u00e9n\u011b odpadu.<\/p>\n<p>Amazon proto vytvo\u0159il koncept FFP (Frustration-Free Packaging) a certifika\u010dn\u00ed program pro balen\u00ed vhodn\u00e9 k samostatn\u00e9mu zas\u00edl\u00e1n\u00ed (E-commerce Ready Packaging, ECR).<\/p>\n<p>Aby bylo zaji\u0161t\u011bno, \u017ee ka\u017ed\u00fd bal\u00edk doraz\u00ed k z\u00e1kazn\u00edkovi nepo\u0161kozen\u00fd, Amazon ve spolupr\u00e1ci s organizac\u00ed ISTA (International Safe Transit Association) vyvinul protokoly ISTA 6-Amazon. Ka\u017ed\u00fd bal\u00edk prod\u00e1van\u00fd p\u0159es Amazon, kter\u00fd p\u0159esahuje rozm\u011bry 45\u00d735\u00d720 cm nebo hmotnost 9 kg, mus\u00ed b\u00fdt testov\u00e1n a certifikov\u00e1n \u2013 jinak m\u016f\u017ee Amazon \u00fa\u010dtovat dodate\u010dn\u00e9 poplatky.<\/p>\n<p>Na\u0161e laborato\u0159 je certifikov\u00e1na dle <b><i>ISTA 6-AMAZON.com-Over Boxing<\/i><\/b> a <b><i>ISTA 6-AMAZON.com-SIOC<\/i><\/b>.<\/p>\n<p><i>Pou\u017e\u00edvan\u00e9 normy:<\/i><\/p>\n<ul>\n<li aria-level=\"1\">ISTA 1A, ISTA 1B<\/li>\n<li aria-level=\"1\">ISTA 2A, ISTA 2B<\/li>\n<li aria-level=\"1\">ISTA 3A, ISTA 3B, ISTA 3E<\/li>\n<li aria-level=\"1\">ISTA-6-FedEx-A<\/li>\n<li aria-level=\"1\">ISTA-6 \u2013 Amazon<\/li>\n<\/ul>\n[\/vc_column_text][\/vc_column][\/vc_row]\n","protected":false},"excerpt":{"rendered":"<p>[vc_row][vc_column][vc_column_text] Amazon [\/vc_column_text][vc_column_text]S rychl\u00fdm r\u016fstem e-commerce se role obal\u016f st\u00e1v\u00e1 \u010d\u00edm d\u00e1l d\u016fle\u017eit\u011bj\u0161\u00ed. Kvalitn\u00ed obal mus\u00ed spl\u0148ovat \u0159adu po\u017eadavk\u016f \u2013 chr\u00e1nit produkt, b\u00fdt n\u00e1kladov\u011b efektivn\u00ed, snadno se otev\u00edrat a vytv\u00e1\u0159et co nejm\u00e9n\u011b odpadu. Amazon proto vytvo\u0159il koncept FFP (Frustration-Free Packaging) a certifika\u010dn\u00ed program pro balen\u00ed vhodn\u00e9 k samostatn\u00e9mu zas\u00edl\u00e1n\u00ed (E-commerce Ready Packaging, ECR). Aby bylo zaji\u0161t\u011bno, \u017ee ka\u017ed\u00fd bal\u00edk doraz\u00ed k z\u00e1kazn\u00edkovi nepo\u0161kozen\u00fd, Amazon ve spolupr\u00e1ci s organizac\u00ed ISTA (International Safe Transit Association) vyvinul protokoly ISTA 6-Amazon. Ka\u017ed\u00fd bal\u00edk prod\u00e1van\u00fd p\u0159es Amazon, kter\u00fd p\u0159esahuje rozm\u011bry 45\u00d735\u00d720 cm nebo hmotnost 9 kg, mus\u00ed b\u00fdt testov\u00e1n a certifikov\u00e1n \u2013 jinak m\u016f\u017ee Amazon \u00fa\u010dtovat dodate\u010dn\u00e9 poplatky. Na\u0161e laborato\u0159 je certifikov\u00e1na dle ISTA 6-AMAZON.com-Over Boxing a ISTA 6-AMAZON.com-SIOC. Pou\u017e\u00edvan\u00e9 normy: ISTA 1A, ISTA 1B ISTA 2A, ISTA 2B ISTA 3A, ISTA 3B, ISTA 3E ISTA-6-FedEx-A ISTA-6 \u2013 Amazon [\/vc_column_text][\/vc_column][\/vc_row]<\/p>\n","protected":false},"author":1,"featured_media":0,"parent":0,"menu_order":0,"comment_status":"closed","ping_status":"closed","template":"","meta":{"footnotes":""},"class_list":["post-1882","page","type-page","status-publish","hentry"],"_links":{"self":[{"href":"https:\/\/packlabhu.com\/cs\/wp-json\/wp\/v2\/pages\/1882","targetHints":{"allow":["GET"]}}],"collection":[{"href":"https:\/\/packlabhu.com\/cs\/wp-json\/wp\/v2\/pages"}],"about":[{"href":"https:\/\/packlabhu.com\/cs\/wp-json\/wp\/v2\/types\/page"}],"author":[{"embeddable":true,"href":"https:\/\/packlabhu.com\/cs\/wp-json\/wp\/v2\/users\/1"}],"replies":[{"embeddable":true,"href":"https:\/\/packlabhu.com\/cs\/wp-json\/wp\/v2\/comments?post=1882"}],"version-history":[{"count":1,"href":"https:\/\/packlabhu.com\/cs\/wp-json\/wp\/v2\/pages\/1882\/revisions"}],"predecessor-version":[{"id":1883,"href":"https:\/\/packlabhu.com\/cs\/wp-json\/wp\/v2\/pages\/1882\/revisions\/1883"}],"wp:attachment":[{"href":"https:\/\/packlabhu.com\/cs\/wp-json\/wp\/v2\/media?parent=1882"}],"curies":[{"name":"wp","href":"https:\/\/api.w.org\/{rel}","templated":true}]}}