{"id":1949,"date":"2025-07-28T18:58:29","date_gmt":"2025-07-28T16:58:29","guid":{"rendered":"https:\/\/packlabhu.com\/?page_id=1949"},"modified":"2025-07-28T18:58:29","modified_gmt":"2025-07-28T16:58:29","slug":"zkouska-materialu","status":"publish","type":"page","link":"https:\/\/packlabhu.com\/cs\/zkouska-materialu\/","title":{"rendered":"Zkou\u0161ka materi\u00e1lu"},"content":{"rendered":"[vc_row][vc_column][vc_column_text]\n<h1><b>Zkou\u0161ka materi\u00e1lu<\/b><\/h1>\n[\/vc_column_text][vc_column_text]\nP\u0159i zkou\u0161en\u00ed materi\u00e1l\u016f se m\u011b\u0159\u00ed konkr\u00e9tn\u00ed vlastnost materi\u00e1lu. Tyto zkou\u0161ky se \u010dasto pou\u017e\u00edvaj\u00ed k hodnocen\u00ed po testech simulace prost\u0159ed\u00ed.<\/p>\n<h2><strong>Na\u0161e testy:<\/strong><\/h2>\n<ul>\n<li>Zkou\u0161ka ho\u0159lavosti<\/li>\n<\/ul>\n<p>(SES N 3245:20192, ISO 3795, CNS 13387:19942, VW TL 1010:2008, MS 300-08:2008, Peugeot D1333:2005, UL94:2006, FMVSS 302:2007-08, GMW 3232:2011, BMW GS 97038:20162, GB 8410:2016, DIN 75200:1980-09)<\/p>\n<ul>\n<li>Trhac\u00ed zkou\u0161ka (ISO 527-2, ISO 527-3)<\/li>\n<\/ul>\n<ul>\n<li>N\u00e1razov\u00e1 zkou\u0161ka (ISO 6272-1)<\/li>\n<\/ul>\n<ul>\n<li>DSC m\u011b\u0159en\u00ed<\/li>\n<li>M\u011b\u0159en\u00ed tvrdosti (ISO 868)<\/li>\n<\/ul>\n<ul>\n<li>M\u011b\u0159en\u00ed barvy (ISO 11664-3, ASTM D2244-16)<\/li>\n<\/ul>\n<ul>\n<li>M\u011b\u0159en\u00ed lesku (ISO 2813)<\/li>\n<\/ul>\n<ul>\n<li>Test m\u0159\u00ed\u017ekov\u00e9ho \u0159ezu (ISO 2409)<\/li>\n<\/ul>\n<ul>\n<li>M\u011b\u0159en\u00ed elektrostatick\u00e9ho odporu (MSZ EN 61340-2-3, IEC 61340-2-3)<\/li>\n<\/ul>\n<p>N\u011bkter\u00e9 z v\u00fd\u0161e uveden\u00fdch norem nemus\u00ed b\u00fdt sou\u010d\u00e1st\u00ed akreditace laborato\u0159e. Podrobn\u00fd seznam naleznete zde:<br \/>\n<a href=\"https:\/\/nah.gov.hu\/uploads\/attachment\/file\/9034\/RO_3_-1-1454-2018-F2-HKI-241535794_al%C3%A1%C3%ADrt.pdf\">https:\/\/nah.gov.hu\/uploads\/attachment\/file\/9034\/RO_3_-1-1454-2018-F2-HKI-241535794_al\u00e1\u00edrt.pdf<\/a><br \/>\n[\/vc_column_text][vc_column_text]<style> #grid-gallery-18-53587 .grid-gallery-caption[data-grid-gallery-type=\"show-on-hover\"]:hover figcaption, #grid-gallery-18-53587 .grid-gallery-caption[data-grid-gallery-type=\"show-on-hover\"].hovered figcaption, #grid-gallery-18-53587 .grid-gallery-caption[data-grid-gallery-type=\"show-on-hover\"]:active figcaption { background-color:rgba(111,0,0,0.5) !important; } <\/style> <div id=\"grid-gallery-18-53587\" data-gg-id=\"18\" data-title=\"Material testing\" data-grid-type=\"0\" data-offset=\"5\" data-area-position=\"center\" data-icons=\"false\" data-preloader=\"true\" data-width=\"215\" data-height=\"215\" data-padding=\"0\" data-quicksand=\"disabled\" data-quicksand-duration=\"none\" data-popup-theme=\"theme_6\" data-popup-type=\"pretty-photo\" data-popup-image-text=\"data-description\" data-popup-widthsize=\"auto\" data-popup-heightsize=\"auto\" data-popup-i18n-words=\"{&quot;close&quot;:&quot;close&quot;,&quot;next&quot;:&quot;next&quot;,&quot;previous&quot;:&quot;previous&quot;,&quot;start_slideshow&quot;:&quot;start slideshow&quot;,&quot;stop_slideshow&quot;:&quot;stop slideshow&quot;,&quot;image&quot;:&quot;image&quot;,&quot;of&quot;:&quot;of&quot;,&quot;prev&quot;:&quot;prev&quot;,&quot;cExpand&quot;:&quot;Expand&quot;,&quot;cPrevious&quot;:&quot;Previous&quot;,&quot;cNext&quot;:&quot;Dal\\u0161\\u00ed&quot;,&quot;cExpandStr&quot;:&quot;Expand the image&quot;,&quot;cRotate&quot;:&quot;Rotate&quot;,&quot;cDetails&quot;:&quot;Details&quot;}\" data-popup-slideshow=\"false\" data-popup-slideshow-speed=\"2500\" data-popup-hoverstop=\"true\" data-popup-slideshow-auto=\"false\" data-popup-background=\"\" data-popup-transparency=\"30\" data-popup-disable-history=\"\" data-popup-disable-changed-url=\"\" data-popup-border-type=\"solid\" data-popup-border-color=\"\" data-popup-border-width=\"\" data-popup-border-enable=\"\" data-fullscreen=\"false\" data-hide-tooltip=\"false\" data-caption-font-family=\"Default\" data-caption-text-size=\"140\" data-is-mobile=\"0\" data-caption-mobile=\"false\" data-hide-long-tltp-title=\"0\" data-caption-disabled-on-mobile=\"false\" data-lazyload-enable='1' data-lazyload-effect=\"show\" data-lazyload-effect-duration=\"400\" data-popup-placement-type=\"0\" data-social-sharing=\"{&quot;enabled&quot;:&quot;&quot;,&quot;gallerySharing&quot;:{&quot;enabled&quot;:null,&quot;position&quot;:null},&quot;imageSharing&quot;:{&quot;enabled&quot;:null,&quot;wrapperClass&quot;:&quot; vertical &quot;},&quot;popupSharing&quot;:{&quot;enabled&quot;:null,&quot;wrapperClass&quot;:&quot; vertical &quot;}}\" class=\"grid-gallery grid-gallery-fixed \" style=\" width:100%; height:auto; margin-left:auto; margin-right:auto;position:relative;\" data-popup-video=\"null\" data-popup-disable-source-image-for-linked-img=\"0\" data-popup-enable-download-photos-button=\"0\" data-thumbnail-size=\"150x150\"> <div class=\"gallery-loading\"> <div class=\"la-\" style=\"color:#0073AA\"> <div><\/div> <div><\/div> <\/div> <\/div> <div class=\"gallery-sharing-top\" style=\"display:none;\"> <\/div> <div id=\"photos-18\" class=\"grid-gallery-photos\"><a data-attachment-id=\"919\" id=\"gg-18-173\" class=\"gg-link \" data-attachment-id=\"919\" href=\"https:\/\/packlabhu.com\/wp-content\/uploads\/2021\/07\/SZE_PackLabHu_2021_01_Majer_Csaba_Jozsef.jpg?gid=18\" target=\"_self\" title=\"SZE_PackLabHu_2021_01_Majer_Csaba_Jozsef\" data-rel=\"prettyPhoto[pp_gal]\" style=\"border-radius:00;\" ><FIGURE data-tags=\"\" data-id=\"173\" class=\"grid-gallery-caption\" data-grid-gallery-type=\"quarter-slide-up\" data-index=\"0\" style=\"display:none;border-radius:00;; margin:5px; width:2150;\" ><div class=\"crop\" style=\" width:2150; height:2150; overflow:hidden;\"><img decoding=\"async\" data-gg-real-image-href=\"https:\/\/packlabhu.com\/wp-content\/uploads\/2021\/07\/SZE_PackLabHu_2021_01_Majer_Csaba_Jozsef-215x215.jpg\" src=\"https:\/\/packlabhu.com\/wp-content\/plugins\/gallery-by-supsystic\/src\/GridGallery\/Galleries\/assets\/img\/loading.gif\" class=\"ggImg ggLazyImg\" alt=\"SZE_PackLabHu_2021_01_Majer_Csaba_Jozsef\" title=\"SZE_PackLabHu_2021_01_Majer_Csaba_Jozsef\" data-description=\"SZE_PackLabHu_2021_01_Majer_Csaba_Jozsef\" data-caption=\"SZE_PackLabHu_2021_01_Majer_Csaba_Jozsef\" data-title=\"SZE_PackLabHu_2021_01_Majer_Csaba_Jozsef\" style=\" width:215px; height:215px;\" \/><\/div><FIGCAPTION class=\"\" data-alpha=\"5\" style=\"color:#ffffff; background-color:#6f0000; font-size:140; text-align:left; font-family:Default;\" ><div class=\"grid-gallery-figcaption-wrap\" style=\" vertical-align:top;\"><\/div><\/FIGCAPTION><\/FIGURE><\/a><a data-attachment-id=\"920\" id=\"gg-18-174\" class=\"gg-link \" data-attachment-id=\"920\" href=\"https:\/\/packlabhu.com\/wp-content\/uploads\/2021\/07\/sze_labor-50.jpg?gid=18\" target=\"_self\" title=\"sze_labor-50\" data-rel=\"prettyPhoto[pp_gal]\" style=\"border-radius:00;\" ><FIGURE data-tags=\"\" data-id=\"174\" class=\"grid-gallery-caption\" data-grid-gallery-type=\"quarter-slide-up\" data-index=\"1\" style=\"display:none;border-radius:00;; margin:5px; width:2150;\" ><div class=\"crop\" style=\" width:2150; height:2150; overflow:hidden;\"><img decoding=\"async\" data-gg-real-image-href=\"https:\/\/packlabhu.com\/wp-content\/uploads\/2021\/07\/sze_labor-50-215x215.jpg\" src=\"https:\/\/packlabhu.com\/wp-content\/plugins\/gallery-by-supsystic\/src\/GridGallery\/Galleries\/assets\/img\/loading.gif\" class=\"ggImg ggLazyImg\" alt=\"sze_labor-50\" title=\"sze_labor-50\" data-description=\"sze_labor-50\" data-caption=\"sze_labor-50\" data-title=\"sze_labor-50\" style=\" width:215px; height:215px;\" \/><\/div><FIGCAPTION class=\"\" data-alpha=\"5\" style=\"color:#ffffff; background-color:#6f0000; font-size:140; text-align:left; font-family:Default;\" ><div class=\"grid-gallery-figcaption-wrap\" style=\" vertical-align:top;\"><\/div><\/FIGCAPTION><\/FIGURE><\/a><a data-attachment-id=\"921\" id=\"gg-18-175\" class=\"gg-link \" data-attachment-id=\"921\" href=\"https:\/\/packlabhu.com\/wp-content\/uploads\/2021\/07\/sze_labor-46.jpg?gid=18\" target=\"_self\" title=\"sze_labor-46\" data-rel=\"prettyPhoto[pp_gal]\" style=\"border-radius:00;\" ><FIGURE data-tags=\"\" data-id=\"175\" class=\"grid-gallery-caption\" data-grid-gallery-type=\"quarter-slide-up\" data-index=\"2\" style=\"display:none;border-radius:00;; margin:5px; width:2150;\" ><div class=\"crop\" style=\" width:2150; height:2150; overflow:hidden;\"><img decoding=\"async\" data-gg-real-image-href=\"https:\/\/packlabhu.com\/wp-content\/uploads\/2021\/07\/sze_labor-46-215x215.jpg\" src=\"https:\/\/packlabhu.com\/wp-content\/plugins\/gallery-by-supsystic\/src\/GridGallery\/Galleries\/assets\/img\/loading.gif\" class=\"ggImg ggLazyImg\" alt=\"sze_labor-46\" title=\"sze_labor-46\" data-description=\"sze_labor-46\" data-caption=\"sze_labor-46\" data-title=\"sze_labor-46\" style=\" width:215px; height:215px;\" \/><\/div><FIGCAPTION class=\"\" data-alpha=\"5\" style=\"color:#ffffff; background-color:#6f0000; font-size:140; text-align:left; font-family:Default;\" ><div class=\"grid-gallery-figcaption-wrap\" style=\" vertical-align:top;\"><\/div><\/FIGCAPTION><\/FIGURE><\/a> <div class=\"grid-gallery-clearfix\"><\/div> <\/div> <div class=\"gallery-sharing-bottom\" style=\"display:none;\"> <\/div> <div class=\"gallery-sharing-image\" style=\"display:none;\"> <\/div> <div class=\"gallery-sharing-popup\" style=\"display:none;\"> <\/div> <div class=\"grid-gallery-clearfix\"><\/div> <\/div> <!-- Gallery by Supsystic plugin1.15.31 \/2.9.16 --> <style> <\/style><a title=\"\" style=\"display:none;\" href=\"https:\/\/supsystic.com\/plugins\/photo-gallery\/?utm_medium=love_link\" target=\"_blank\"><\/a>[\/vc_column_text][\/vc_column][\/vc_row]\n","protected":false},"excerpt":{"rendered":"<p>[vc_row][vc_column][vc_column_text] Zkou\u0161ka materi\u00e1lu [\/vc_column_text][vc_column_text] P\u0159i zkou\u0161en\u00ed materi\u00e1l\u016f se m\u011b\u0159\u00ed konkr\u00e9tn\u00ed vlastnost materi\u00e1lu. Tyto zkou\u0161ky se \u010dasto pou\u017e\u00edvaj\u00ed k hodnocen\u00ed po testech simulace prost\u0159ed\u00ed. Na\u0161e testy: Zkou\u0161ka ho\u0159lavosti (SES N 3245:20192, ISO 3795, CNS 13387:19942, VW TL 1010:2008, MS 300-08:2008, Peugeot D1333:2005, UL94:2006, FMVSS 302:2007-08, GMW 3232:2011, BMW GS 97038:20162, GB 8410:2016, DIN 75200:1980-09) Trhac\u00ed zkou\u0161ka (ISO 527-2, ISO 527-3) N\u00e1razov\u00e1 zkou\u0161ka (ISO 6272-1) DSC m\u011b\u0159en\u00ed M\u011b\u0159en\u00ed tvrdosti (ISO 868) M\u011b\u0159en\u00ed barvy (ISO 11664-3, ASTM D2244-16) M\u011b\u0159en\u00ed lesku (ISO 2813) Test m\u0159\u00ed\u017ekov\u00e9ho \u0159ezu (ISO 2409) M\u011b\u0159en\u00ed elektrostatick\u00e9ho odporu (MSZ EN 61340-2-3, IEC 61340-2-3) N\u011bkter\u00e9 z v\u00fd\u0161e uveden\u00fdch norem nemus\u00ed b\u00fdt sou\u010d\u00e1st\u00ed akreditace laborato\u0159e. Podrobn\u00fd seznam naleznete zde: https:\/\/nah.gov.hu\/uploads\/attachment\/file\/9034\/RO_3_-1-1454-2018-F2-HKI-241535794_al\u00e1\u00edrt.pdf [\/vc_column_text][vc_column_text][\/vc_column_text][\/vc_column][\/vc_row]<\/p>\n","protected":false},"author":1,"featured_media":0,"parent":0,"menu_order":0,"comment_status":"closed","ping_status":"closed","template":"","meta":{"footnotes":""},"class_list":["post-1949","page","type-page","status-publish","hentry"],"_links":{"self":[{"href":"https:\/\/packlabhu.com\/cs\/wp-json\/wp\/v2\/pages\/1949","targetHints":{"allow":["GET"]}}],"collection":[{"href":"https:\/\/packlabhu.com\/cs\/wp-json\/wp\/v2\/pages"}],"about":[{"href":"https:\/\/packlabhu.com\/cs\/wp-json\/wp\/v2\/types\/page"}],"author":[{"embeddable":true,"href":"https:\/\/packlabhu.com\/cs\/wp-json\/wp\/v2\/users\/1"}],"replies":[{"embeddable":true,"href":"https:\/\/packlabhu.com\/cs\/wp-json\/wp\/v2\/comments?post=1949"}],"version-history":[{"count":1,"href":"https:\/\/packlabhu.com\/cs\/wp-json\/wp\/v2\/pages\/1949\/revisions"}],"predecessor-version":[{"id":1950,"href":"https:\/\/packlabhu.com\/cs\/wp-json\/wp\/v2\/pages\/1949\/revisions\/1950"}],"wp:attachment":[{"href":"https:\/\/packlabhu.com\/cs\/wp-json\/wp\/v2\/media?parent=1949"}],"curies":[{"name":"wp","href":"https:\/\/api.w.org\/{rel}","templated":true}]}}