{"id":1958,"date":"2025-07-28T19:01:42","date_gmt":"2025-07-28T17:01:42","guid":{"rendered":"https:\/\/packlabhu.com\/?page_id=1958"},"modified":"2025-07-28T19:01:42","modified_gmt":"2025-07-28T17:01:42","slug":"ke-stazeni","status":"publish","type":"page","link":"https:\/\/packlabhu.com\/cs\/ke-stazeni\/","title":{"rendered":"Ke sta\u017een\u00ed"},"content":{"rendered":"[vc_row][vc_column][vc_column_text]\n<p>Ke sta\u017een\u00ed<br \/>\n[\/vc_column_text][\/vc_column][\/vc_row][vc_row][vc_column][vc_column_text]\n<ul>\n<li><a href=\"https:\/\/packlabhu.com\/wp-content\/uploads\/2025\/03\/ro3-nah-1-1454-2023-v3-hj-241535794-a.pdf\" target=\"_blank\" rel=\"noopener\">Podrobn\u00fd dokument (o akreditovan\u00e9m stavu)<\/a><\/li>\n<li><a href=\"https:\/\/packlabhu.com\/wp-content\/uploads\/2022\/10\/Minosegpolitikai-es-partatlansagi-nyilatkozat_.pdf\" target=\"_blank\" rel=\"noopener\">Prohl\u00e1\u0161en\u00ed o kvalit\u011b a nestrannosti<\/a><\/li>\n<\/ul>\n[\/vc_column_text][\/vc_column][\/vc_row]\n","protected":false},"excerpt":{"rendered":"<p>[vc_row][vc_column][vc_column_text] Ke sta\u017een\u00ed [\/vc_column_text][\/vc_column][\/vc_row][vc_row][vc_column][vc_column_text] Podrobn\u00fd dokument (o akreditovan\u00e9m stavu) Prohl\u00e1\u0161en\u00ed o kvalit\u011b a nestrannosti [\/vc_column_text][\/vc_column][\/vc_row]<\/p>\n","protected":false},"author":1,"featured_media":0,"parent":0,"menu_order":0,"comment_status":"closed","ping_status":"closed","template":"","meta":{"footnotes":""},"class_list":["post-1958","page","type-page","status-publish","hentry"],"_links":{"self":[{"href":"https:\/\/packlabhu.com\/cs\/wp-json\/wp\/v2\/pages\/1958","targetHints":{"allow":["GET"]}}],"collection":[{"href":"https:\/\/packlabhu.com\/cs\/wp-json\/wp\/v2\/pages"}],"about":[{"href":"https:\/\/packlabhu.com\/cs\/wp-json\/wp\/v2\/types\/page"}],"author":[{"embeddable":true,"href":"https:\/\/packlabhu.com\/cs\/wp-json\/wp\/v2\/users\/1"}],"replies":[{"embeddable":true,"href":"https:\/\/packlabhu.com\/cs\/wp-json\/wp\/v2\/comments?post=1958"}],"version-history":[{"count":1,"href":"https:\/\/packlabhu.com\/cs\/wp-json\/wp\/v2\/pages\/1958\/revisions"}],"predecessor-version":[{"id":1962,"href":"https:\/\/packlabhu.com\/cs\/wp-json\/wp\/v2\/pages\/1958\/revisions\/1962"}],"wp:attachment":[{"href":"https:\/\/packlabhu.com\/cs\/wp-json\/wp\/v2\/media?parent=1958"}],"curies":[{"name":"wp","href":"https:\/\/api.w.org\/{rel}","templated":true}]}}