{"id":1377,"date":"2025-07-24T15:05:40","date_gmt":"2025-07-24T13:05:40","guid":{"rendered":"https:\/\/packlabhu.com\/?page_id=1377"},"modified":"2025-07-24T15:07:28","modified_gmt":"2025-07-24T13:07:28","slug":"temperatur-und-feuchtigkeitstest","status":"publish","type":"page","link":"https:\/\/packlabhu.com\/de\/temperatur-und-feuchtigkeitstest\/","title":{"rendered":"Temperatur- und Feuchtigkeitstest"},"content":{"rendered":"[vc_row][vc_column][vc_column_text]\n<h1><b>Temperatur- und Feuchtigkeitstest<\/b><\/h1>\n[\/vc_column_text][vc_column_text]\nTemperatur- und Feuchtigkeitstests simulieren die zu erwartenden klimatischen Bedingungen w\u00e4hrend der Endnutzung, um das Risiko eines Produktversagens im Lebenszyklus zu verringern. Klimatests dienen auch der Bestimmung der Temperaturgrenzen.<\/p>\n<p>Unsere kleinen und begehbaren Klimakammern erm\u00f6glichen Tests gem\u00e4\u00df verschiedenen Branchen- und internationalen Normen.<\/p>\n<h2><strong>Unsere Tests:<\/strong><\/h2>\n<ul>\n<li aria-level=\"1\">Dauerklimatest<\/li>\n<li aria-level=\"1\">Zyklische Klimatests<\/li>\n<li aria-level=\"1\">Thermoschocktest<\/li>\n<\/ul>\n<p><i>Angewandte Normen:<\/i><\/p>\n<ul>\n<li aria-level=\"1\">MSZ EN 60068-2-1 (IEC 60068-2-1) Environmental testing. Part 2-1: Tests. Test A: Cold<\/li>\n<li aria-level=\"1\">MSZ EN 60068-2-2 (IEC 60068-2-2) Environmental testing. Part 2-2: Tests. Test B: Dry heat<\/li>\n<li aria-level=\"1\">MSZ EN 60068-2-14 (IEC 60068-2-14) Environmental testing. Part 2-14: Tests. Test N: Change of temperature<\/li>\n<li aria-level=\"1\">MSZ EN 60068-2-30 (IEC 60068-2-30) Environmental testing. Part 2-30: Tests. Test Db: Damp heat, cyclic (12 h + 12 h cycle)<\/li>\n<li aria-level=\"1\">MSZ EN 60068-2-78 (IEC 60068-2-78) Environmental testing. Part 2-78: Tests. Test Cab: Damp heat, steady state<\/li>\n<li aria-level=\"1\">MSZ EN 60068-2-38 (IEC 60068-2-38) Environmental testing. Part 2-38: Tests. Test Z\/AD: Composite temperature\/humidity cyclic test<\/li>\n<li aria-level=\"1\">MSZ EN ISO 6270-1 Paints and varnishes. Determination of resistance to humidity. Part 1: Condensation (single-sided exposure)<\/li>\n<li aria-level=\"1\">MSZ EN ISO 6270-2 Paints and varnishes. Determination of resistance to humidity. Part 2: Condensation (in-cabinet exposure with heated water reservoir)<\/li>\n<li aria-level=\"1\">VW 80000 \u2013 Climatic requirements and tests<\/li>\n<li aria-level=\"1\">PV 1200 Testing of Resistance to Environmental Cycle Test (+80\/-40) \u00b0C<\/li>\n<li aria-level=\"1\">PV 2005 Testing of Resistance to Environmental Cycle Test<\/li>\n<li aria-level=\"1\">Various industrial standards<\/li>\n<\/ul>\n<p>Bitte beachten Sie, dass einige der aufgef\u00fchrten Normen m\u00f6glicherweise nicht unter der Laborakkreditierung fallen. Die vollst\u00e4ndige Liste finden Sie hier:<br \/>\n<a href=\"https:\/\/nah.gov.hu\/uploads\/attachment\/file\/9034\/RO_3_-1-1454-2018-F2-HKI-241535794_al%C3%A1%C3%ADrt.pdf\">https:\/\/nah.gov.hu\/uploads\/attachment\/file\/9034\/RO_3_-1-1454-2018-F2-HKI-241535794_al%C3%A1%C3%ADrt.pdf<\/a><br \/>\n[\/vc_column_text][vc_column_text]<style> #grid-gallery-15-97711 .grid-gallery-caption[data-grid-gallery-type=\"show-on-hover\"]:hover figcaption, #grid-gallery-15-97711 .grid-gallery-caption[data-grid-gallery-type=\"show-on-hover\"].hovered figcaption, #grid-gallery-15-97711 .grid-gallery-caption[data-grid-gallery-type=\"show-on-hover\"]:active figcaption { background-color:rgba(111,0,0,0.5) !important; } <\/style> <div id=\"grid-gallery-15-97711\" data-gg-id=\"15\" data-title=\"Temperature and Humidity tests\" data-grid-type=\"0\" data-offset=\"5\" data-area-position=\"center\" data-icons=\"false\" data-preloader=\"true\" data-width=\"215\" data-height=\"215\" data-padding=\"0\" data-quicksand=\"disabled\" data-quicksand-duration=\"none\" data-popup-theme=\"theme_6\" data-popup-type=\"pretty-photo\" data-popup-image-text=\"data-description\" data-popup-widthsize=\"auto\" data-popup-heightsize=\"auto\" data-popup-i18n-words=\"{&quot;close&quot;:&quot;schlie\\u00dfen&quot;,&quot;next&quot;:&quot;n\\u00e4chste&quot;,&quot;previous&quot;:&quot;vorherige&quot;,&quot;start_slideshow&quot;:&quot;Starte Slideshow&quot;,&quot;stop_slideshow&quot;:&quot;Stoppe Slideshow&quot;,&quot;image&quot;:&quot;Bild&quot;,&quot;of&quot;:&quot;von&quot;,&quot;prev&quot;:&quot;vorherige&quot;,&quot;cExpand&quot;:&quot;Erweitere&quot;,&quot;cPrevious&quot;:&quot;Vorheriges&quot;,&quot;cNext&quot;:&quot;N\\u00e4chstes&quot;,&quot;cExpandStr&quot;:&quot;Erweitere Bild&quot;,&quot;cRotate&quot;:&quot;Rotate&quot;,&quot;cDetails&quot;:&quot;Details&quot;}\" data-popup-slideshow=\"false\" data-popup-slideshow-speed=\"2500\" data-popup-hoverstop=\"true\" data-popup-slideshow-auto=\"false\" data-popup-background=\"\" data-popup-transparency=\"30\" data-popup-disable-history=\"\" data-popup-disable-changed-url=\"\" data-popup-border-type=\"solid\" data-popup-border-color=\"\" data-popup-border-width=\"\" data-popup-border-enable=\"\" data-fullscreen=\"false\" data-hide-tooltip=\"false\" data-caption-font-family=\"Default\" data-caption-text-size=\"140\" data-is-mobile=\"0\" data-caption-mobile=\"false\" data-hide-long-tltp-title=\"0\" data-caption-disabled-on-mobile=\"false\" data-lazyload-enable='1' data-lazyload-effect=\"show\" data-lazyload-effect-duration=\"400\" data-popup-placement-type=\"0\" data-social-sharing=\"{&quot;enabled&quot;:&quot;&quot;,&quot;gallerySharing&quot;:{&quot;enabled&quot;:null,&quot;position&quot;:null},&quot;imageSharing&quot;:{&quot;enabled&quot;:null,&quot;wrapperClass&quot;:&quot; vertical &quot;},&quot;popupSharing&quot;:{&quot;enabled&quot;:null,&quot;wrapperClass&quot;:&quot; vertical &quot;}}\" class=\"grid-gallery grid-gallery-fixed \" style=\" width:100%; height:auto; margin-left:auto; margin-right:auto;position:relative;\" data-popup-video=\"null\" data-popup-disable-source-image-for-linked-img=\"0\" data-popup-enable-download-photos-button=\"0\" data-thumbnail-size=\"150x150\"> <div class=\"gallery-loading\"> <div class=\"la-\" style=\"color:#0073AA\"> <div><\/div> <div><\/div> <\/div> <\/div> <div class=\"gallery-sharing-top\" style=\"display:none;\"> <\/div> <div id=\"photos-15\" class=\"grid-gallery-photos\"><a data-attachment-id=\"908\" id=\"gg-15-163\" class=\"gg-link \" data-attachment-id=\"908\" href=\"https:\/\/packlabhu.com\/wp-content\/uploads\/2021\/07\/SZE_PackLabHu_16_Majer_Csaba_Jozsef.jpg?gid=15\" target=\"_self\" title=\"SZE_PackLabHu_16_Majer_Csaba_Jozsef\" data-rel=\"prettyPhoto[pp_gal]\" style=\"border-radius:00;\" ><FIGURE data-tags=\"\" data-id=\"163\" class=\"grid-gallery-caption\" data-grid-gallery-type=\"quarter-slide-up\" data-index=\"0\" style=\"display:none;border-radius:00;; margin:5px; width:2150;\" ><div class=\"crop\" style=\" width:2150; height:2150; overflow:hidden;\"><img decoding=\"async\" data-gg-real-image-href=\"https:\/\/packlabhu.com\/wp-content\/uploads\/2021\/07\/SZE_PackLabHu_16_Majer_Csaba_Jozsef-215x215.jpg\" src=\"https:\/\/packlabhu.com\/wp-content\/plugins\/gallery-by-supsystic\/src\/GridGallery\/Galleries\/assets\/img\/loading.gif\" class=\"ggImg ggLazyImg\" alt=\"SZE_PackLabHu_16_Majer_Csaba_Jozsef\" title=\"SZE_PackLabHu_16_Majer_Csaba_Jozsef\" data-description=\"SZE_PackLabHu_16_Majer_Csaba_Jozsef\" data-caption=\"SZE_PackLabHu_16_Majer_Csaba_Jozsef\" data-title=\"SZE_PackLabHu_16_Majer_Csaba_Jozsef\" style=\" width:215px; height:215px;\" \/><\/div><FIGCAPTION class=\"\" data-alpha=\"5\" style=\"color:#ffffff; background-color:#6f0000; font-size:140; text-align:left; font-family:Default;\" ><div class=\"grid-gallery-figcaption-wrap\" style=\" vertical-align:top;\"><\/div><\/FIGCAPTION><\/FIGURE><\/a><a data-attachment-id=\"909\" id=\"gg-15-164\" class=\"gg-link \" data-attachment-id=\"909\" href=\"https:\/\/packlabhu.com\/wp-content\/uploads\/2021\/07\/SZE_PackLabHu_2021_08_Majer_Csaba_Jozsef.jpg?gid=15\" target=\"_self\" title=\"SZE_PackLabHu_2021_08_Majer_Csaba_Jozsef\" data-rel=\"prettyPhoto[pp_gal]\" style=\"border-radius:00;\" ><FIGURE data-tags=\"\" data-id=\"164\" class=\"grid-gallery-caption\" data-grid-gallery-type=\"quarter-slide-up\" data-index=\"1\" style=\"display:none;border-radius:00;; margin:5px; width:2150;\" ><div class=\"crop\" style=\" width:2150; height:2150; overflow:hidden;\"><img decoding=\"async\" data-gg-real-image-href=\"https:\/\/packlabhu.com\/wp-content\/uploads\/2021\/07\/SZE_PackLabHu_2021_08_Majer_Csaba_Jozsef-215x215.jpg\" src=\"https:\/\/packlabhu.com\/wp-content\/plugins\/gallery-by-supsystic\/src\/GridGallery\/Galleries\/assets\/img\/loading.gif\" class=\"ggImg ggLazyImg\" alt=\"SZE_PackLabHu_2021_08_Majer_Csaba_Jozsef\" title=\"SZE_PackLabHu_2021_08_Majer_Csaba_Jozsef\" data-description=\"SZE_PackLabHu_2021_08_Majer_Csaba_Jozsef\" data-caption=\"SZE_PackLabHu_2021_08_Majer_Csaba_Jozsef\" data-title=\"SZE_PackLabHu_2021_08_Majer_Csaba_Jozsef\" style=\" width:215px; height:215px;\" \/><\/div><FIGCAPTION class=\"\" data-alpha=\"5\" style=\"color:#ffffff; background-color:#6f0000; font-size:140; text-align:left; font-family:Default;\" ><div class=\"grid-gallery-figcaption-wrap\" style=\" vertical-align:top;\"><\/div><\/FIGCAPTION><\/FIGURE><\/a><a data-attachment-id=\"910\" id=\"gg-15-165\" class=\"gg-link \" data-attachment-id=\"910\" href=\"https:\/\/packlabhu.com\/wp-content\/uploads\/2021\/07\/SZE_PackLabHu_2021_12_Majer_Csaba_Jozsef.jpg?gid=15\" target=\"_self\" title=\"SZE_PackLabHu_2021_12_Majer_Csaba_Jozsef\" data-rel=\"prettyPhoto[pp_gal]\" style=\"border-radius:00;\" ><FIGURE data-tags=\"\" data-id=\"165\" class=\"grid-gallery-caption\" data-grid-gallery-type=\"quarter-slide-up\" data-index=\"2\" style=\"display:none;border-radius:00;; margin:5px; width:2150;\" ><div class=\"crop\" style=\" width:2150; height:2150; overflow:hidden;\"><img decoding=\"async\" data-gg-real-image-href=\"https:\/\/packlabhu.com\/wp-content\/uploads\/2021\/07\/SZE_PackLabHu_2021_12_Majer_Csaba_Jozsef-215x215.jpg\" src=\"https:\/\/packlabhu.com\/wp-content\/plugins\/gallery-by-supsystic\/src\/GridGallery\/Galleries\/assets\/img\/loading.gif\" class=\"ggImg ggLazyImg\" alt=\"SZE_PackLabHu_2021_12_Majer_Csaba_Jozsef\" title=\"SZE_PackLabHu_2021_12_Majer_Csaba_Jozsef\" data-description=\"SZE_PackLabHu_2021_12_Majer_Csaba_Jozsef\" data-caption=\"SZE_PackLabHu_2021_12_Majer_Csaba_Jozsef\" data-title=\"SZE_PackLabHu_2021_12_Majer_Csaba_Jozsef\" style=\" width:215px; height:215px;\" \/><\/div><FIGCAPTION class=\"\" data-alpha=\"5\" style=\"color:#ffffff; background-color:#6f0000; font-size:140; text-align:left; font-family:Default;\" ><div class=\"grid-gallery-figcaption-wrap\" style=\" vertical-align:top;\"><\/div><\/FIGCAPTION><\/FIGURE><\/a> <div class=\"grid-gallery-clearfix\"><\/div> <\/div> <div class=\"gallery-sharing-bottom\" style=\"display:none;\"> <\/div> <div class=\"gallery-sharing-image\" style=\"display:none;\"> <\/div> <div class=\"gallery-sharing-popup\" style=\"display:none;\"> <\/div> <div class=\"grid-gallery-clearfix\"><\/div> <\/div> <!-- Gallery by Supsystic plugin1.15.31 \/2.9.16 --> <style> <\/style><a title=\"\" style=\"display:none;\" href=\"https:\/\/supsystic.com\/plugins\/photo-gallery\/?utm_medium=love_link\" target=\"_blank\"><\/a>\n<div id=\"gtx-trans\" style=\"position: absolute; left: -72px; top: -9px;\">\n<div class=\"gtx-trans-icon\"><\/div>\n<\/div>\n[\/vc_column_text][\/vc_column][\/vc_row]\n","protected":false},"excerpt":{"rendered":"<p>[vc_row][vc_column][vc_column_text] Temperatur- und Feuchtigkeitstest [\/vc_column_text][vc_column_text] Temperatur- und Feuchtigkeitstests simulieren die zu erwartenden klimatischen Bedingungen w\u00e4hrend der Endnutzung, um das Risiko eines Produktversagens im Lebenszyklus zu verringern. Klimatests dienen auch der Bestimmung der Temperaturgrenzen. Unsere kleinen und begehbaren Klimakammern erm\u00f6glichen Tests gem\u00e4\u00df verschiedenen Branchen- und internationalen Normen. Unsere Tests: Dauerklimatest Zyklische Klimatests Thermoschocktest Angewandte Normen: MSZ EN 60068-2-1 (IEC 60068-2-1) Environmental testing. Part 2-1: Tests. Test A: Cold MSZ EN 60068-2-2 (IEC 60068-2-2) Environmental testing. Part 2-2: Tests. Test B: Dry heat MSZ EN 60068-2-14 (IEC 60068-2-14) Environmental testing. Part 2-14: Tests. Test N: Change of temperature MSZ EN 60068-2-30 (IEC 60068-2-30) Environmental testing. Part 2-30: Tests. Test Db: Damp heat, cyclic (12 h + 12 h cycle) MSZ EN 60068-2-78 (IEC 60068-2-78) Environmental testing. Part 2-78: Tests. Test Cab: Damp heat, steady state MSZ EN 60068-2-38 (IEC 60068-2-38) Environmental testing. Part 2-38: Tests. Test Z\/AD: Composite temperature\/humidity cyclic test MSZ EN ISO 6270-1 Paints and varnishes. Determination of resistance to humidity. Part 1: Condensation (single-sided exposure) MSZ EN ISO 6270-2 Paints and varnishes. Determination of resistance to humidity. Part 2: Condensation (in-cabinet exposure with heated water reservoir) VW 80000 \u2013 Climatic requirements and tests PV 1200 Testing of Resistance to Environmental Cycle Test (+80\/-40) \u00b0C PV 2005 Testing of Resistance to Environmental Cycle Test Various industrial standards Bitte beachten Sie, dass einige der aufgef\u00fchrten Normen m\u00f6glicherweise nicht unter der Laborakkreditierung fallen. Die vollst\u00e4ndige Liste finden Sie hier: https:\/\/nah.gov.hu\/uploads\/attachment\/file\/9034\/RO_3_-1-1454-2018-F2-HKI-241535794_al%C3%A1%C3%ADrt.pdf [\/vc_column_text][vc_column_text] [\/vc_column_text][\/vc_column][\/vc_row]<\/p>\n","protected":false},"author":1,"featured_media":0,"parent":0,"menu_order":0,"comment_status":"closed","ping_status":"closed","template":"","meta":{"footnotes":""},"class_list":["post-1377","page","type-page","status-publish","hentry"],"_links":{"self":[{"href":"https:\/\/packlabhu.com\/de\/wp-json\/wp\/v2\/pages\/1377","targetHints":{"allow":["GET"]}}],"collection":[{"href":"https:\/\/packlabhu.com\/de\/wp-json\/wp\/v2\/pages"}],"about":[{"href":"https:\/\/packlabhu.com\/de\/wp-json\/wp\/v2\/types\/page"}],"author":[{"embeddable":true,"href":"https:\/\/packlabhu.com\/de\/wp-json\/wp\/v2\/users\/1"}],"replies":[{"embeddable":true,"href":"https:\/\/packlabhu.com\/de\/wp-json\/wp\/v2\/comments?post=1377"}],"version-history":[{"count":1,"href":"https:\/\/packlabhu.com\/de\/wp-json\/wp\/v2\/pages\/1377\/revisions"}],"predecessor-version":[{"id":1378,"href":"https:\/\/packlabhu.com\/de\/wp-json\/wp\/v2\/pages\/1377\/revisions\/1378"}],"wp:attachment":[{"href":"https:\/\/packlabhu.com\/de\/wp-json\/wp\/v2\/media?parent=1377"}],"curies":[{"name":"wp","href":"https:\/\/api.w.org\/{rel}","templated":true}]}}