{"id":1667,"date":"2025-07-27T23:33:42","date_gmt":"2025-07-27T21:33:42","guid":{"rendered":"https:\/\/packlabhu.com\/?page_id=1667"},"modified":"2025-07-27T23:33:42","modified_gmt":"2025-07-27T21:33:42","slug":"embalaje-de-mercancias-peligrosas","status":"publish","type":"page","link":"https:\/\/packlabhu.com\/es\/embalaje-de-mercancias-peligrosas\/","title":{"rendered":"Embalaje de mercanc\u00edas peligrosas"},"content":{"rendered":"[vc_row][vc_column][vc_column_text]\n<h1>Embalaje de mercanc\u00edas peligrosas<\/h1>\n[\/vc_column_text][\/vc_column][\/vc_row][vc_row][vc_column][vc_column_text]\nEvaluamos el embalaje conforme a la normativa sobre mercanc\u00edas peligrosas. Normativas: ADR, RID, ADN, IATA, IMDG.<br \/>\n[\/vc_column_text][\/vc_column][\/vc_row][vc_row][vc_column width=\u00bb2\/3&#8243;][vc_column_text]\n<h2><strong>Tipos de embalaje:<\/strong><\/h2>\n<ul>\n<li aria-level=\"1\">Embalajes est\u00e1ndar (P)<\/li>\n<li aria-level=\"1\">Embalajes grandes (LP)<\/li>\n<li aria-level=\"1\">IBC (Recipientes intermedios para graneles) \u2013 prueba de vibraci\u00f3n disponible<\/li>\n<li aria-level=\"1\">FIBC (Contenedores flexibles para graneles \u2013 Big-Bags)<\/li>\n<li aria-level=\"1\">Embalajes para sustancias Clase 6.2<\/li>\n<li aria-level=\"1\">Prueba de embalajes para env\u00edos de cantidades limitadas o exentas<\/li>\n<li aria-level=\"1\">Mercanc\u00edas a granel \u2013 contenedores (BK1\/BK2)<\/li>\n<\/ul>\n<p><i>Normas aplicadas:<\/i><\/p>\n<ul>\n<li aria-level=\"1\">ISO 16495 Packaging \u2013 Transport packaging for dangerous goods \u2013 Test methods<\/li>\n<li aria-level=\"1\">ISO 13274 Packaging \u2013 Transport packaging for dangerous goods \u2013 Plastics compatibility testing for packaging and IBCs<\/li>\n<li aria-level=\"1\">BAM-GGR009:2011 Verfahren zur Zulassung der Baumuster von BK-Sch\u00fcttgutContainern zur Bef\u00f6rderung gef\u00e4hrlicher G\u00fcter<\/li>\n<\/ul>\n[\/vc_column_text][\/vc_column][vc_column width=\u00bb1\/3&#8243;][vc_single_image image=\u00bb862&#8243; img_size=\u00bbfull\u00bb][\/vc_column][\/vc_row]\n","protected":false},"excerpt":{"rendered":"<p>[vc_row][vc_column][vc_column_text] Embalaje de mercanc\u00edas peligrosas [\/vc_column_text][\/vc_column][\/vc_row][vc_row][vc_column][vc_column_text] Evaluamos el embalaje conforme a la normativa sobre mercanc\u00edas peligrosas. Normativas: ADR, RID, ADN, IATA, IMDG. [\/vc_column_text][\/vc_column][\/vc_row][vc_row][vc_column width=\u00bb2\/3&#8243;][vc_column_text] Tipos de embalaje: Embalajes est\u00e1ndar (P) Embalajes grandes (LP) IBC (Recipientes intermedios para graneles) \u2013 prueba de vibraci\u00f3n disponible FIBC (Contenedores flexibles para graneles \u2013 Big-Bags) Embalajes para sustancias Clase 6.2 Prueba de embalajes para env\u00edos de cantidades limitadas o exentas Mercanc\u00edas a granel \u2013 contenedores (BK1\/BK2) Normas aplicadas: ISO 16495 Packaging \u2013 Transport packaging for dangerous goods \u2013 Test methods ISO 13274 Packaging \u2013 Transport packaging for dangerous goods \u2013 Plastics compatibility testing for packaging and IBCs BAM-GGR009:2011 Verfahren zur Zulassung der Baumuster von BK-Sch\u00fcttgutContainern zur Bef\u00f6rderung gef\u00e4hrlicher G\u00fcter [\/vc_column_text][\/vc_column][vc_column width=\u00bb1\/3&#8243;][vc_single_image image=\u00bb862&#8243; img_size=\u00bbfull\u00bb][\/vc_column][\/vc_row]<\/p>\n","protected":false},"author":1,"featured_media":0,"parent":0,"menu_order":0,"comment_status":"closed","ping_status":"closed","template":"","meta":{"footnotes":""},"class_list":["post-1667","page","type-page","status-publish","hentry"],"_links":{"self":[{"href":"https:\/\/packlabhu.com\/es\/wp-json\/wp\/v2\/pages\/1667","targetHints":{"allow":["GET"]}}],"collection":[{"href":"https:\/\/packlabhu.com\/es\/wp-json\/wp\/v2\/pages"}],"about":[{"href":"https:\/\/packlabhu.com\/es\/wp-json\/wp\/v2\/types\/page"}],"author":[{"embeddable":true,"href":"https:\/\/packlabhu.com\/es\/wp-json\/wp\/v2\/users\/1"}],"replies":[{"embeddable":true,"href":"https:\/\/packlabhu.com\/es\/wp-json\/wp\/v2\/comments?post=1667"}],"version-history":[{"count":1,"href":"https:\/\/packlabhu.com\/es\/wp-json\/wp\/v2\/pages\/1667\/revisions"}],"predecessor-version":[{"id":1670,"href":"https:\/\/packlabhu.com\/es\/wp-json\/wp\/v2\/pages\/1667\/revisions\/1670"}],"wp:attachment":[{"href":"https:\/\/packlabhu.com\/es\/wp-json\/wp\/v2\/media?parent=1667"}],"curies":[{"name":"wp","href":"https:\/\/api.w.org\/{rel}","templated":true}]}}