{"id":1678,"date":"2025-07-27T23:38:02","date_gmt":"2025-07-27T21:38:02","guid":{"rendered":"https:\/\/packlabhu.com\/?page_id=1678"},"modified":"2025-07-27T23:38:02","modified_gmt":"2025-07-27T21:38:02","slug":"amazon","status":"publish","type":"page","link":"https:\/\/packlabhu.com\/es\/amazon\/","title":{"rendered":"Amazon"},"content":{"rendered":"[vc_row][vc_column][vc_column_text]\n<h1>Amazon<\/h1>\n[\/vc_column_text][vc_column_text]\nCon el r\u00e1pido crecimiento del comercio electr\u00f3nico, el embalaje es cada vez m\u00e1s importante. Un buen embalaje debe cumplir cada vez m\u00e1s requisitos: proteger el producto, ser rentable, f\u00e1cil de abrir y generar la menor cantidad posible de residuos.<\/p>\n<p>Por ello, Amazon cre\u00f3 el concepto FFP (Frustration-Free Packaging) y un programa de certificaci\u00f3n para validar los productos que pueden enviarse en sus propios envases (E-commerce Ready Packaging \u2013 ECR).<\/p>\n<p>Para garantizar que todos los paquetes lleguen al cliente sin da\u00f1os, Amazon e ISTA (International Safe Transit Association) desarrollaron los protocolos ISTA 6-Amazon. Todos los paquetes vendidos a trav\u00e9s de Amazon que superen los 45 \u00d7 35 \u00d7 20 cm o los 9 kg deben someterse a pruebas y certificaci\u00f3n, de lo contrario se aplicar\u00e1n cargos adicionales.<\/p>\n<p>Nuestro laboratorio est\u00e1 certificado seg\u00fan <b><i>ISTA 6-AMAZON.com-Over Boxing<\/i><\/b> y <b><i>ISTA 6-AMAZON.com-SIOC<\/i><\/b>.<\/p>\n<p><i>Normas aplicadas:<\/i><\/p>\n<ul>\n<li aria-level=\"1\">ISTA 1A, ISTA 1B<\/li>\n<li aria-level=\"1\">ISTA 2A, ISTA 2B<\/li>\n<li aria-level=\"1\">ISTA 3A, ISTA 3B, ISTA 3E<\/li>\n<li aria-level=\"1\">ISTA-6-FedEx-A<\/li>\n<li aria-level=\"1\">ISTA-6 \u2013 Amazon<\/li>\n<\/ul>\n[\/vc_column_text][\/vc_column][\/vc_row]\n","protected":false},"excerpt":{"rendered":"<p>[vc_row][vc_column][vc_column_text] Amazon [\/vc_column_text][vc_column_text] Con el r\u00e1pido crecimiento del comercio electr\u00f3nico, el embalaje es cada vez m\u00e1s importante. Un buen embalaje debe cumplir cada vez m\u00e1s requisitos: proteger el producto, ser rentable, f\u00e1cil de abrir y generar la menor cantidad posible de residuos. Por ello, Amazon cre\u00f3 el concepto FFP (Frustration-Free Packaging) y un programa de certificaci\u00f3n para validar los productos que pueden enviarse en sus propios envases (E-commerce Ready Packaging \u2013 ECR). Para garantizar que todos los paquetes lleguen al cliente sin da\u00f1os, Amazon e ISTA (International Safe Transit Association) desarrollaron los protocolos ISTA 6-Amazon. Todos los paquetes vendidos a trav\u00e9s de Amazon que superen los 45 \u00d7 35 \u00d7 20 cm o los 9 kg deben someterse a pruebas y certificaci\u00f3n, de lo contrario se aplicar\u00e1n cargos adicionales. Nuestro laboratorio est\u00e1 certificado seg\u00fan ISTA 6-AMAZON.com-Over Boxing y ISTA 6-AMAZON.com-SIOC. Normas aplicadas: ISTA 1A, ISTA 1B ISTA 2A, ISTA 2B ISTA 3A, ISTA 3B, ISTA 3E ISTA-6-FedEx-A ISTA-6 \u2013 Amazon [\/vc_column_text][\/vc_column][\/vc_row]<\/p>\n","protected":false},"author":1,"featured_media":0,"parent":0,"menu_order":0,"comment_status":"closed","ping_status":"closed","template":"","meta":{"footnotes":""},"class_list":["post-1678","page","type-page","status-publish","hentry"],"_links":{"self":[{"href":"https:\/\/packlabhu.com\/es\/wp-json\/wp\/v2\/pages\/1678","targetHints":{"allow":["GET"]}}],"collection":[{"href":"https:\/\/packlabhu.com\/es\/wp-json\/wp\/v2\/pages"}],"about":[{"href":"https:\/\/packlabhu.com\/es\/wp-json\/wp\/v2\/types\/page"}],"author":[{"embeddable":true,"href":"https:\/\/packlabhu.com\/es\/wp-json\/wp\/v2\/users\/1"}],"replies":[{"embeddable":true,"href":"https:\/\/packlabhu.com\/es\/wp-json\/wp\/v2\/comments?post=1678"}],"version-history":[{"count":1,"href":"https:\/\/packlabhu.com\/es\/wp-json\/wp\/v2\/pages\/1678\/revisions"}],"predecessor-version":[{"id":1679,"href":"https:\/\/packlabhu.com\/es\/wp-json\/wp\/v2\/pages\/1678\/revisions\/1679"}],"wp:attachment":[{"href":"https:\/\/packlabhu.com\/es\/wp-json\/wp\/v2\/media?parent=1678"}],"curies":[{"name":"wp","href":"https:\/\/api.w.org\/{rel}","templated":true}]}}