{"id":1688,"date":"2025-07-27T23:45:19","date_gmt":"2025-07-27T21:45:19","guid":{"rendered":"https:\/\/packlabhu.com\/?page_id=1688"},"modified":"2025-07-28T18:42:29","modified_gmt":"2025-07-28T16:42:29","slug":"ensayos-de-materiales","status":"publish","type":"page","link":"https:\/\/packlabhu.com\/es\/ensayos-de-materiales\/","title":{"rendered":"Ensayos de materiales"},"content":{"rendered":"[vc_row][vc_column][vc_column_text]\n<h1>Ensayos de materiales<\/h1>\n[\/vc_column_text][\/vc_column][\/vc_row][vc_row][vc_column][vc_column_text]\nControl de calidad de materiales de embalaje.<br \/>\n[\/vc_column_text][\/vc_column][\/vc_row][vc_row][vc_column width=\u00bb1\/2&#8243;][vc_column_text]\n<h2><strong>Papel:<\/strong><\/h2>\n<p>Aplicamos en nuestro laboratorio los m\u00e9todos m\u00e1s comunes para probar cajas de cart\u00f3n corrugado, con el fin de evaluar su resistencia.<\/p>\n<p><i>Normas aplicadas:<\/i><\/p>\n<ul>\n<li aria-level=\"1\">ISO 2759 \u2013 Board \u2013 Determination of bursting strength<\/li>\n<li aria-level=\"1\">ISO 3689 \u2013 Paper and board \u2013 Determination of bursting strength after immersion in water<\/li>\n<li aria-level=\"1\">ISO 535 \u2013 Paper and board \u2013 Determination of water absorptiveness \u2013 Cobb method<\/li>\n<li aria-level=\"1\">ISO 536 \u2013 Paper and board \u2013 Determination of grammage<\/li>\n<li aria-level=\"1\">ISO 3039 \u2013 Corrugated fibreboard \u2013 Determination of grammage of the component papers after separation<\/li>\n<li aria-level=\"1\">ISO 3034 \u2013 Corrugated fibreboard \u2013 Determination of single sheet thickness<\/li>\n<li aria-level=\"1\">ISO 3035 \u2013 Corrugated fibreboard \u2013 Determination of flat crush resistance<\/li>\n<li aria-level=\"1\">ISO 3036 \u2013 Board \u2013 Determination of puncture resistance<\/li>\n<li aria-level=\"1\">ISO 3037 \u2013 Corrugated fibreboard \u2013 Determination of edgewise crush resistance<\/li>\n<\/ul>\n<p><b>Otros materiales de embalaje (pl\u00e1stico y metal):<\/b><\/p>\n<h2><strong>Pl\u00e1stico:<\/strong><\/h2>\n<p><i>Normas aplicadas:<\/i><\/p>\n<ul>\n<li aria-level=\"1\">IEC 61340-2-3 \u2013 Electrostatics \u2013 Methods of test for determining the resistance and resistivity of solid materials used to avoid electrostatic charge accumulation<\/li>\n<li aria-level=\"1\">ISO 6270-2<\/li>\n<li aria-level=\"1\">ISO 105-B02, ISO 105-B04<\/li>\n<li aria-level=\"1\">ISO 11997-1,<\/li>\n<li aria-level=\"1\">ISO 4892-2 \u2013 Plastics \u2013 Methods of exposure to laboratory light sources \u2013 Part 2: Xenon-arc lamps<\/li>\n<li aria-level=\"1\">ISO 4892-3 \u2013 Plastics \u2013 Methods of exposure to laboratory light sources \u2013 Part 3: Fluorescent UV lamps<\/li>\n<li aria-level=\"1\">IEC 60068-2-1, IEC 60068-2-14, IEC 60068-2-2, IEC 60068-2-6, IEC 60068-2-64, IEC 60068-2-27, IEC 60068-2-30, IEC 60068-2-78<\/li>\n<\/ul>\n<h2><strong>Metal:<\/strong><\/h2>\n<p><i>Normas aplicadas:<\/i><\/p>\n<ul>\n<li>ISO 9227 \u2013 Corrosion tests in artificial atmospheres. Salt spray tests<\/li>\n<\/ul>\n[\/vc_column_text][\/vc_column][vc_column width=\u00bb1\/2&#8243;][vc_single_image image=\u00bb888&#8243; img_size=\u00bbfull\u00bb alignment=\u00bbcenter\u00bb][vc_single_image image=\u00bb887&#8243; img_size=\u00bbfull\u00bb alignment=\u00bbcenter\u00bb][vc_single_image image=\u00bb886&#8243; img_size=\u00bbfull\u00bb alignment=\u00bbcenter\u00bb][\/vc_column][\/vc_row][vc_row][vc_column][\/vc_column][\/vc_row]\n","protected":false},"excerpt":{"rendered":"<p>[vc_row][vc_column][vc_column_text] Ensayos de materiales [\/vc_column_text][\/vc_column][\/vc_row][vc_row][vc_column][vc_column_text] Control de calidad de materiales de embalaje. [\/vc_column_text][\/vc_column][\/vc_row][vc_row][vc_column width=\u00bb1\/2&#8243;][vc_column_text] Papel: Aplicamos en nuestro laboratorio los m\u00e9todos m\u00e1s comunes para probar cajas de cart\u00f3n corrugado, con el fin de evaluar su resistencia. Normas aplicadas: ISO 2759 \u2013 Board \u2013 Determination of bursting strength ISO 3689 \u2013 Paper and board \u2013 Determination of bursting strength after immersion in water ISO 535 \u2013 Paper and board \u2013 Determination of water absorptiveness \u2013 Cobb method ISO 536 \u2013 Paper and board \u2013 Determination of grammage ISO 3039 \u2013 Corrugated fibreboard \u2013 Determination of grammage of the component papers after separation ISO 3034 \u2013 Corrugated fibreboard \u2013 Determination of single sheet thickness ISO 3035 \u2013 Corrugated fibreboard \u2013 Determination of flat crush resistance ISO 3036 \u2013 Board \u2013 Determination of puncture resistance ISO 3037 \u2013 Corrugated fibreboard \u2013 Determination of edgewise crush resistance Otros materiales de embalaje (pl\u00e1stico y metal): Pl\u00e1stico: Normas aplicadas: IEC 61340-2-3 \u2013 Electrostatics \u2013 Methods of test for determining the resistance and resistivity of solid materials used to avoid electrostatic charge accumulation ISO 6270-2 ISO 105-B02, ISO 105-B04 ISO 11997-1, ISO 4892-2 \u2013 Plastics \u2013 Methods of exposure to laboratory light sources \u2013 Part 2: Xenon-arc lamps ISO 4892-3 \u2013 Plastics \u2013 Methods of exposure to laboratory light sources \u2013 Part 3: Fluorescent UV lamps IEC 60068-2-1, IEC 60068-2-14, IEC 60068-2-2, IEC 60068-2-6, IEC 60068-2-64, IEC 60068-2-27, IEC 60068-2-30, IEC 60068-2-78 Metal: Normas aplicadas: ISO 9227 \u2013 Corrosion tests in artificial atmospheres. Salt spray tests [\/vc_column_text][\/vc_column][vc_column width=\u00bb1\/2&#8243;][vc_single_image image=\u00bb888&#8243; img_size=\u00bbfull\u00bb alignment=\u00bbcenter\u00bb][vc_single_image image=\u00bb887&#8243; img_size=\u00bbfull\u00bb alignment=\u00bbcenter\u00bb][vc_single_image image=\u00bb886&#8243; img_size=\u00bbfull\u00bb alignment=\u00bbcenter\u00bb][\/vc_column][\/vc_row][vc_row][vc_column][\/vc_column][\/vc_row]<\/p>\n","protected":false},"author":1,"featured_media":0,"parent":0,"menu_order":0,"comment_status":"closed","ping_status":"closed","template":"","meta":{"footnotes":""},"class_list":["post-1688","page","type-page","status-publish","hentry"],"_links":{"self":[{"href":"https:\/\/packlabhu.com\/es\/wp-json\/wp\/v2\/pages\/1688","targetHints":{"allow":["GET"]}}],"collection":[{"href":"https:\/\/packlabhu.com\/es\/wp-json\/wp\/v2\/pages"}],"about":[{"href":"https:\/\/packlabhu.com\/es\/wp-json\/wp\/v2\/types\/page"}],"author":[{"embeddable":true,"href":"https:\/\/packlabhu.com\/es\/wp-json\/wp\/v2\/users\/1"}],"replies":[{"embeddable":true,"href":"https:\/\/packlabhu.com\/es\/wp-json\/wp\/v2\/comments?post=1688"}],"version-history":[{"count":2,"href":"https:\/\/packlabhu.com\/es\/wp-json\/wp\/v2\/pages\/1688\/revisions"}],"predecessor-version":[{"id":1921,"href":"https:\/\/packlabhu.com\/es\/wp-json\/wp\/v2\/pages\/1688\/revisions\/1921"}],"wp:attachment":[{"href":"https:\/\/packlabhu.com\/es\/wp-json\/wp\/v2\/media?parent=1688"}],"curies":[{"name":"wp","href":"https:\/\/api.w.org\/{rel}","templated":true}]}}