{"id":1742,"date":"2025-07-28T16:25:46","date_gmt":"2025-07-28T14:25:46","guid":{"rendered":"https:\/\/packlabhu.com\/?page_id=1742"},"modified":"2025-07-28T16:25:46","modified_gmt":"2025-07-28T14:25:46","slug":"amazon","status":"publish","type":"page","link":"https:\/\/packlabhu.com\/fr\/amazon\/","title":{"rendered":"Amazon"},"content":{"rendered":"[vc_row][vc_column][vc_column_text]\n<h1>Amazon<\/h1>\n[\/vc_column_text][vc_column_text]\nAvec la croissance rapide du commerce \u00e9lectronique, l\u2019emballage devient crucial. Un bon emballage doit r\u00e9pondre \u00e0 de nombreuses exigences : il doit prot\u00e9ger le produit, \u00eatre rentable, facile \u00e0 ouvrir et produire le moins de d\u00e9chets possible.<\/p>\n<p>C\u2019est pourquoi Amazon a mis en place le concept FFP (Frustration-Free Packaging) ainsi qu\u2019un programme de certification pour valider les produits pouvant \u00eatre exp\u00e9di\u00e9s dans leur propre emballage (E-commerce Ready Packaging \u2013 ECR).<\/p>\n<p>Pour garantir que chaque colis arrive intact au client, Amazon et l\u2019ISTA (International Safe Transit Association) ont d\u00e9velopp\u00e9 les protocoles ISTA 6-Amazon. Tous les colis vendus via Amazon, d\u00e9passant 45\u00d735\u00d720 cm ou pesant plus de 9 kg, doivent \u00eatre test\u00e9s et certifi\u00e9s, faute de quoi des frais suppl\u00e9mentaires peuvent \u00eatre appliqu\u00e9s.<\/p>\n<p>Notre laboratoire est certifi\u00e9 pour les protocoles <b><i>ISTA 6-AMAZON.com-Over Boxing<\/i><\/b> et <b><i>ISTA 6-AMAZON.com-SIOC<\/i><\/b>.<\/p>\n<p><i>Normes appliqu\u00e9es :<\/i><\/p>\n<ul>\n<li aria-level=\"1\">ISTA 1A, ISTA 1B<\/li>\n<li aria-level=\"1\">ISTA 2A, ISTA 2B<\/li>\n<li aria-level=\"1\">ISTA 3A, ISTA 3B, ISTA 3E<\/li>\n<li aria-level=\"1\">ISTA-6-FedEx-A<\/li>\n<li aria-level=\"1\">ISTA-6 \u2013 Amazon<\/li>\n<\/ul>\n[\/vc_column_text][\/vc_column][\/vc_row]\n","protected":false},"excerpt":{"rendered":"<p>[vc_row][vc_column][vc_column_text] Amazon [\/vc_column_text][vc_column_text] Avec la croissance rapide du commerce \u00e9lectronique, l\u2019emballage devient crucial. Un bon emballage doit r\u00e9pondre \u00e0 de nombreuses exigences : il doit prot\u00e9ger le produit, \u00eatre rentable, facile \u00e0 ouvrir et produire le moins de d\u00e9chets possible. C\u2019est pourquoi Amazon a mis en place le concept FFP (Frustration-Free Packaging) ainsi qu\u2019un programme de certification pour valider les produits pouvant \u00eatre exp\u00e9di\u00e9s dans leur propre emballage (E-commerce Ready Packaging \u2013 ECR). Pour garantir que chaque colis arrive intact au client, Amazon et l\u2019ISTA (International Safe Transit Association) ont d\u00e9velopp\u00e9 les protocoles ISTA 6-Amazon. Tous les colis vendus via Amazon, d\u00e9passant 45\u00d735\u00d720 cm ou pesant plus de 9 kg, doivent \u00eatre test\u00e9s et certifi\u00e9s, faute de quoi des frais suppl\u00e9mentaires peuvent \u00eatre appliqu\u00e9s. Notre laboratoire est certifi\u00e9 pour les protocoles ISTA 6-AMAZON.com-Over Boxing et ISTA 6-AMAZON.com-SIOC. Normes appliqu\u00e9es : ISTA 1A, ISTA 1B ISTA 2A, ISTA 2B ISTA 3A, ISTA 3B, ISTA 3E ISTA-6-FedEx-A ISTA-6 \u2013 Amazon [\/vc_column_text][\/vc_column][\/vc_row]<\/p>\n","protected":false},"author":1,"featured_media":0,"parent":0,"menu_order":0,"comment_status":"closed","ping_status":"closed","template":"","meta":{"footnotes":""},"class_list":["post-1742","page","type-page","status-publish","hentry"],"_links":{"self":[{"href":"https:\/\/packlabhu.com\/fr\/wp-json\/wp\/v2\/pages\/1742","targetHints":{"allow":["GET"]}}],"collection":[{"href":"https:\/\/packlabhu.com\/fr\/wp-json\/wp\/v2\/pages"}],"about":[{"href":"https:\/\/packlabhu.com\/fr\/wp-json\/wp\/v2\/types\/page"}],"author":[{"embeddable":true,"href":"https:\/\/packlabhu.com\/fr\/wp-json\/wp\/v2\/users\/1"}],"replies":[{"embeddable":true,"href":"https:\/\/packlabhu.com\/fr\/wp-json\/wp\/v2\/comments?post=1742"}],"version-history":[{"count":1,"href":"https:\/\/packlabhu.com\/fr\/wp-json\/wp\/v2\/pages\/1742\/revisions"}],"predecessor-version":[{"id":1743,"href":"https:\/\/packlabhu.com\/fr\/wp-json\/wp\/v2\/pages\/1742\/revisions\/1743"}],"wp:attachment":[{"href":"https:\/\/packlabhu.com\/fr\/wp-json\/wp\/v2\/media?parent=1742"}],"curies":[{"name":"wp","href":"https:\/\/api.w.org\/{rel}","templated":true}]}}