{"id":1763,"date":"2025-07-28T16:29:06","date_gmt":"2025-07-28T14:29:06","guid":{"rendered":"https:\/\/packlabhu.com\/?page_id=1763"},"modified":"2025-07-28T16:29:06","modified_gmt":"2025-07-28T14:29:06","slug":"essais","status":"publish","type":"page","link":"https:\/\/packlabhu.com\/fr\/essais\/","title":{"rendered":"Essais"},"content":{"rendered":"[vc_row][vc_column][vc_column_text]\n<h1>Essais<\/h1>\n[\/vc_column_text][\/vc_column][\/vc_row][vc_row][vc_column][vc_column_text]\nL\u2019emballage vise \u00e0 prot\u00e9ger le produit pendant la manutention, la distribution, le transport et le stockage. Les essais d\u2019emballage mesurent les effets et interactions \u00e0 diff\u00e9rents niveaux d\u2019emballage (mat\u00e9riaux d\u2019emballage, \u00e9l\u00e9ments d\u2019emballage, emballages de consommation, conteneurs et unit\u00e9s de charge), en tenant compte du contenu, des forces ext\u00e9rieures et de l\u2019usage final.<\/p>\n<p>Les domaines de test de notre laboratoire :<\/p>\n<ul>\n<li>Essais de type pour emballages de marchandises dangereuses<\/li>\n<li>Test des emballages de transport (unit\u00e9s de charge)<\/li>\n<li>Contr\u00f4le qualit\u00e9 des mat\u00e9riaux et \u00e9quipements d\u2019emballage<\/li>\n<li>Tests automobiles<\/li>\n<\/ul>\n[\/vc_column_text][\/vc_column][\/vc_row]\n","protected":false},"excerpt":{"rendered":"<p>[vc_row][vc_column][vc_column_text] Essais [\/vc_column_text][\/vc_column][\/vc_row][vc_row][vc_column][vc_column_text] L\u2019emballage vise \u00e0 prot\u00e9ger le produit pendant la manutention, la distribution, le transport et le stockage. Les essais d\u2019emballage mesurent les effets et interactions \u00e0 diff\u00e9rents niveaux d\u2019emballage (mat\u00e9riaux d\u2019emballage, \u00e9l\u00e9ments d\u2019emballage, emballages de consommation, conteneurs et unit\u00e9s de charge), en tenant compte du contenu, des forces ext\u00e9rieures et de l\u2019usage final. Les domaines de test de notre laboratoire : Essais de type pour emballages de marchandises dangereuses Test des emballages de transport (unit\u00e9s de charge) Contr\u00f4le qualit\u00e9 des mat\u00e9riaux et \u00e9quipements d\u2019emballage Tests automobiles [\/vc_column_text][\/vc_column][\/vc_row]<\/p>\n","protected":false},"author":1,"featured_media":0,"parent":0,"menu_order":0,"comment_status":"closed","ping_status":"closed","template":"","meta":{"footnotes":""},"class_list":["post-1763","page","type-page","status-publish","hentry"],"_links":{"self":[{"href":"https:\/\/packlabhu.com\/fr\/wp-json\/wp\/v2\/pages\/1763","targetHints":{"allow":["GET"]}}],"collection":[{"href":"https:\/\/packlabhu.com\/fr\/wp-json\/wp\/v2\/pages"}],"about":[{"href":"https:\/\/packlabhu.com\/fr\/wp-json\/wp\/v2\/types\/page"}],"author":[{"embeddable":true,"href":"https:\/\/packlabhu.com\/fr\/wp-json\/wp\/v2\/users\/1"}],"replies":[{"embeddable":true,"href":"https:\/\/packlabhu.com\/fr\/wp-json\/wp\/v2\/comments?post=1763"}],"version-history":[{"count":1,"href":"https:\/\/packlabhu.com\/fr\/wp-json\/wp\/v2\/pages\/1763\/revisions"}],"predecessor-version":[{"id":1764,"href":"https:\/\/packlabhu.com\/fr\/wp-json\/wp\/v2\/pages\/1763\/revisions\/1764"}],"wp:attachment":[{"href":"https:\/\/packlabhu.com\/fr\/wp-json\/wp\/v2\/media?parent=1763"}],"curies":[{"name":"wp","href":"https:\/\/api.w.org\/{rel}","templated":true}]}}