{"id":1765,"date":"2025-07-28T16:32:19","date_gmt":"2025-07-28T14:32:19","guid":{"rendered":"https:\/\/packlabhu.com\/?page_id=1765"},"modified":"2025-07-28T18:48:13","modified_gmt":"2025-07-28T16:48:13","slug":"test-demballage","status":"publish","type":"page","link":"https:\/\/packlabhu.com\/fr\/test-demballage\/","title":{"rendered":"TEST D\u2019EMBALLAGE"},"content":{"rendered":"[vc_row][vc_column][vc_column_text]\n<h1 style=\"text-align: center;\">TEST D\u2019EMBALLAGE<\/h1>\n[\/vc_column_text][\/vc_column][\/vc_row][vc_row el_class=\u00a0\u00bbkepeksor\u00a0\u00bb][vc_column width=\u00a0\u00bb1\/3&Prime;][vc_single_image image=\u00a0\u00bb862&Prime; img_size=\u00a0\u00bbfull\u00a0\u00bb alignment=\u00a0\u00bbcenter\u00a0\u00bb onclick=\u00a0\u00bbcustom_link\u00a0\u00bb link=\u00a0\u00bbhttps:\/\/packlabhu.com\/fr\/emballage-marchandises-dangereuses\/\u00a0\u00bb][\/vc_column][vc_column width=\u00a0\u00bb1\/3&Prime;][vc_single_image image=\u00a0\u00bb900&Prime; img_size=\u00a0\u00bbfull\u00a0\u00bb alignment=\u00a0\u00bbcenter\u00a0\u00bb onclick=\u00a0\u00bbcustom_link\u00a0\u00bb link=\u00a0\u00bbhttps:\/\/packlabhu.com\/fr\/ista\/\u00a0\u00bb][\/vc_column][vc_column width=\u00a0\u00bb1\/3&Prime;][vc_single_image image=\u00a0\u00bb869&Prime; img_size=\u00a0\u00bbfull\u00a0\u00bb alignment=\u00a0\u00bbcenter\u00a0\u00bb onclick=\u00a0\u00bbcustom_link\u00a0\u00bb link=\u00a0\u00bbhttps:\/\/packlabhu.com\/fr\/amazon\/\u00a0\u00bb][\/vc_column][\/vc_row][vc_row][vc_column width=\u00a0\u00bb1\/3&Prime;][vc_column_text]\n<h4 style=\"text-align: center;\"><a href=\"https:\/\/packlabhu.com\/fr\/emballage-de-marchandises-dangereuses\"><strong>Emballage de marchandises dangereuses<\/strong><\/a><\/h4>\n<p style=\"text-align: center;\">Les emballages sont test\u00e9s selon les normes pour les marchandises dangereuses. R\u00e9glementations : ADR, RID, ADN, IATA, IMDG.<\/p>\n[\/vc_column_text][\/vc_column][vc_column width=\u00a0\u00bb1\/3&Prime;][vc_column_text]\n<h4 style=\"text-align: center;\"><a href=\"https:\/\/packlabhu.com\/fr\/ista\"><strong>ISTA<\/strong><\/a><\/h4>\n<p style=\"text-align: center;\">Notre laboratoire est certifi\u00e9 ISTA (International Safe Transit Association).<\/p>\n[\/vc_column_text][\/vc_column][vc_column width=\u00a0\u00bb1\/3&Prime;][vc_column_text]\n<h4 style=\"text-align: center;\"><a href=\"https:\/\/packlabhu.com\/fr\/amazon\/\"><strong>Amazon<\/strong><\/a><\/h4>\n<p style=\"text-align: center;\">Avec la croissance rapide du commerce \u00e9lectronique, l\u2019emballage devient crucial. Il doit prot\u00e9ger, \u00eatre rentable, facile \u00e0 ouvrir et produire peu de d\u00e9chets.<\/p>\n[\/vc_column_text][\/vc_column][\/vc_row][vc_row el_class=\u00a0\u00bbkepeksor\u00a0\u00bb][vc_column width=\u00a0\u00bb1\/3&Prime;][vc_single_image image=\u00a0\u00bb866&Prime; img_size=\u00a0\u00bbfull\u00a0\u00bb alignment=\u00a0\u00bbcenter\u00a0\u00bb onclick=\u00a0\u00bbcustom_link\u00a0\u00bb link=\u00a0\u00bbhttps:\/\/packlabhu.com\/fr\/essais-mecaniques\/\u00a0\u00bb][\/vc_column][vc_column width=\u00a0\u00bb1\/3&Prime;][vc_single_image image=\u00a0\u00bb881&Prime; img_size=\u00a0\u00bbfull\u00a0\u00bb alignment=\u00a0\u00bbcenter\u00a0\u00bb onclick=\u00a0\u00bbcustom_link\u00a0\u00bb link=\u00a0\u00bbhttps:\/\/packlabhu.com\/fr\/essais-environnementaux\/\u00a0\u00bb][\/vc_column][vc_column width=\u00a0\u00bb1\/3&Prime;][vc_single_image image=\u00a0\u00bb888&Prime; img_size=\u00a0\u00bbfull\u00a0\u00bb alignment=\u00a0\u00bbcenter\u00a0\u00bb onclick=\u00a0\u00bbcustom_link\u00a0\u00bb link=\u00a0\u00bbhttps:\/\/packlabhu.com\/fr\/essais-materiaux\/\u00a0\u00bb][\/vc_column][\/vc_row][vc_row][vc_column width=\u00a0\u00bb1\/3&Prime;][vc_column_text]\n<h4 style=\"text-align: center;\"><a href=\"https:\/\/packlabhu.com\/fr\/essais-mecaniques\/\"><strong>Essais m\u00e9caniques<\/strong><\/a><\/h4>\n<p style=\"text-align: center;\">Les essais m\u00e9caniques simulent les environnements de transport pour \u00e9valuer l\u2019impact sur l\u2019emballage et le produit.<\/p>\n[\/vc_column_text][\/vc_column][vc_column width=\u00a0\u00bb1\/3&Prime;][vc_column_text]\n<h4 style=\"text-align: center;\"><a href=\"https:\/\/packlabhu.com\/fr\/essais-environnementaux\/\"><strong>Essais environnementaux<\/strong><\/a><\/h4>\n<p style=\"text-align: center;\">L\u2019emballage est test\u00e9 \u00e0 temp\u00e9rature et humidit\u00e9 d\u00e9finies.<\/p>\n[\/vc_column_text][\/vc_column][vc_column width=\u00a0\u00bb1\/3&Prime;][vc_column_text]\n<h4 style=\"text-align: center;\"><a href=\"https:\/\/packlabhu.com\/fr\/essais-de-materiaux\"><strong>Essais de mat\u00e9riaux<\/strong><\/a><\/h4>\n<p style=\"text-align: center;\">Contr\u00f4le qualit\u00e9 des mat\u00e9riaux d\u2019emballage.<\/p>\n[\/vc_column_text][\/vc_column][\/vc_row]\n","protected":false},"excerpt":{"rendered":"<p>[vc_row][vc_column][vc_column_text] TEST D\u2019EMBALLAGE [\/vc_column_text][\/vc_column][\/vc_row][vc_row el_class=\u00a0\u00bbkepeksor\u00a0\u00bb][vc_column width=\u00a0\u00bb1\/3&Prime;][vc_single_image image=\u00a0\u00bb862&Prime; img_size=\u00a0\u00bbfull\u00a0\u00bb alignment=\u00a0\u00bbcenter\u00a0\u00bb onclick=\u00a0\u00bbcustom_link\u00a0\u00bb link=\u00a0\u00bbhttps:\/\/packlabhu.com\/fr\/emballage-marchandises-dangereuses\/\u00a0\u00bb][\/vc_column][vc_column width=\u00a0\u00bb1\/3&Prime;][vc_single_image image=\u00a0\u00bb900&Prime; img_size=\u00a0\u00bbfull\u00a0\u00bb alignment=\u00a0\u00bbcenter\u00a0\u00bb onclick=\u00a0\u00bbcustom_link\u00a0\u00bb link=\u00a0\u00bbhttps:\/\/packlabhu.com\/fr\/ista\/\u00a0\u00bb][\/vc_column][vc_column width=\u00a0\u00bb1\/3&Prime;][vc_single_image image=\u00a0\u00bb869&Prime; img_size=\u00a0\u00bbfull\u00a0\u00bb alignment=\u00a0\u00bbcenter\u00a0\u00bb onclick=\u00a0\u00bbcustom_link\u00a0\u00bb link=\u00a0\u00bbhttps:\/\/packlabhu.com\/fr\/amazon\/\u00a0\u00bb][\/vc_column][\/vc_row][vc_row][vc_column width=\u00a0\u00bb1\/3&Prime;][vc_column_text] Emballage de marchandises dangereuses Les emballages sont test\u00e9s selon les normes pour les marchandises dangereuses. R\u00e9glementations : ADR, RID, ADN, IATA, IMDG. [\/vc_column_text][\/vc_column][vc_column width=\u00a0\u00bb1\/3&Prime;][vc_column_text] ISTA Notre laboratoire est certifi\u00e9 ISTA (International Safe Transit Association). [\/vc_column_text][\/vc_column][vc_column width=\u00a0\u00bb1\/3&Prime;][vc_column_text] Amazon Avec la croissance rapide du commerce \u00e9lectronique, l\u2019emballage devient crucial. Il doit prot\u00e9ger, \u00eatre rentable, facile \u00e0 ouvrir et produire peu de d\u00e9chets. [\/vc_column_text][\/vc_column][\/vc_row][vc_row el_class=\u00a0\u00bbkepeksor\u00a0\u00bb][vc_column width=\u00a0\u00bb1\/3&Prime;][vc_single_image image=\u00a0\u00bb866&Prime; img_size=\u00a0\u00bbfull\u00a0\u00bb alignment=\u00a0\u00bbcenter\u00a0\u00bb onclick=\u00a0\u00bbcustom_link\u00a0\u00bb link=\u00a0\u00bbhttps:\/\/packlabhu.com\/fr\/essais-mecaniques\/\u00a0\u00bb][\/vc_column][vc_column width=\u00a0\u00bb1\/3&Prime;][vc_single_image image=\u00a0\u00bb881&Prime; img_size=\u00a0\u00bbfull\u00a0\u00bb alignment=\u00a0\u00bbcenter\u00a0\u00bb onclick=\u00a0\u00bbcustom_link\u00a0\u00bb link=\u00a0\u00bbhttps:\/\/packlabhu.com\/fr\/essais-environnementaux\/\u00a0\u00bb][\/vc_column][vc_column width=\u00a0\u00bb1\/3&Prime;][vc_single_image image=\u00a0\u00bb888&Prime; img_size=\u00a0\u00bbfull\u00a0\u00bb alignment=\u00a0\u00bbcenter\u00a0\u00bb onclick=\u00a0\u00bbcustom_link\u00a0\u00bb link=\u00a0\u00bbhttps:\/\/packlabhu.com\/fr\/essais-materiaux\/\u00a0\u00bb][\/vc_column][\/vc_row][vc_row][vc_column width=\u00a0\u00bb1\/3&Prime;][vc_column_text] Essais m\u00e9caniques Les essais m\u00e9caniques simulent les environnements de transport pour \u00e9valuer l\u2019impact sur l\u2019emballage et le produit. [\/vc_column_text][\/vc_column][vc_column width=\u00a0\u00bb1\/3&Prime;][vc_column_text] Essais environnementaux L\u2019emballage est test\u00e9 \u00e0 temp\u00e9rature et humidit\u00e9 d\u00e9finies. [\/vc_column_text][\/vc_column][vc_column width=\u00a0\u00bb1\/3&Prime;][vc_column_text] Essais de mat\u00e9riaux Contr\u00f4le qualit\u00e9 des mat\u00e9riaux d\u2019emballage. [\/vc_column_text][\/vc_column][\/vc_row]<\/p>\n","protected":false},"author":1,"featured_media":0,"parent":0,"menu_order":0,"comment_status":"closed","ping_status":"closed","template":"","meta":{"footnotes":""},"class_list":["post-1765","page","type-page","status-publish","hentry"],"_links":{"self":[{"href":"https:\/\/packlabhu.com\/fr\/wp-json\/wp\/v2\/pages\/1765","targetHints":{"allow":["GET"]}}],"collection":[{"href":"https:\/\/packlabhu.com\/fr\/wp-json\/wp\/v2\/pages"}],"about":[{"href":"https:\/\/packlabhu.com\/fr\/wp-json\/wp\/v2\/types\/page"}],"author":[{"embeddable":true,"href":"https:\/\/packlabhu.com\/fr\/wp-json\/wp\/v2\/users\/1"}],"replies":[{"embeddable":true,"href":"https:\/\/packlabhu.com\/fr\/wp-json\/wp\/v2\/comments?post=1765"}],"version-history":[{"count":3,"href":"https:\/\/packlabhu.com\/fr\/wp-json\/wp\/v2\/pages\/1765\/revisions"}],"predecessor-version":[{"id":1794,"href":"https:\/\/packlabhu.com\/fr\/wp-json\/wp\/v2\/pages\/1765\/revisions\/1794"}],"wp:attachment":[{"href":"https:\/\/packlabhu.com\/fr\/wp-json\/wp\/v2\/media?parent=1765"}],"curies":[{"name":"wp","href":"https:\/\/api.w.org\/{rel}","templated":true}]}}