{"id":1779,"date":"2025-07-28T16:40:34","date_gmt":"2025-07-28T14:40:34","guid":{"rendered":"https:\/\/packlabhu.com\/?page_id=1779"},"modified":"2025-07-28T18:53:01","modified_gmt":"2025-07-28T16:53:01","slug":"essais-mecaniques","status":"publish","type":"page","link":"https:\/\/packlabhu.com\/fr\/essais-mecaniques\/","title":{"rendered":"Essais m\u00e9caniques"},"content":{"rendered":"[vc_row][vc_column][vc_column_text]\n<h1>Essais m\u00e9caniques<\/h1>\n[\/vc_column_text][\/vc_column][\/vc_row][vc_row][vc_column][vc_column_text]\nLes essais m\u00e9caniques permettent de simuler les effets de l\u2019environnement de transport sur l\u2019emballage et le produit \u00e0 l\u2019aide de param\u00e8tres contr\u00f4l\u00e9s et reproductibles. Les tests d&rsquo;impact par rampe inclin\u00e9e, les tests de chute, les essais vibratoires (vibrations sinuso\u00efdales et al\u00e9atoires, tests de choc) ainsi que les tests d\u2019empilement (dynamiques, cycliques, statiques) permettent d\u2019\u00e9valuer la capacit\u00e9 de l\u2019emballage \u00e0 prot\u00e9ger le produit face aux contraintes rencontr\u00e9es lors de la distribution.<br \/>\n[\/vc_column_text][\/vc_column][\/vc_row][vc_row][vc_column width=\u00a0\u00bb1\/2&Prime;][vc_column_text]<i>Normes appliqu\u00e9es :<\/i><\/p>\n<ul>\n<li>\n<ul>\n<li aria-level=\"1\">ASTM D3580 \u2013 Standard Test Methods for Vibration (Vertical Linear Motion) Test of Products<\/li>\n<li aria-level=\"1\">ASTM D4169 \u2013 Standard Practice for Performance Testing of Shipping Containers and Systems<\/li>\n<li aria-level=\"1\">ASTM D4728 \u2013 Standard Test Method for Random Vibration Testing of Shipping Containers<\/li>\n<li aria-level=\"1\">ASTM D642 \u2013 Standard Test Method for Determining Compressive Resistance of Shipping Containers, Components, and Unit Loads<\/li>\n<li aria-level=\"1\">ASTM D999-08 \u2013 Standard Test Methods for Vibration Testing of Shipping Containers<\/li>\n<\/ul>\n<p>&nbsp;<\/p>\n<ul>\n<li aria-level=\"1\">IEC 60068-2-27 \u2013 Environmental testing &#8211; Shock<\/li>\n<li aria-level=\"1\">IEC 60068-2-6 \u2013 Environmental testing \u2013 Vibration, sinusoidal<\/li>\n<li aria-level=\"1\">IEC 60068-2-64 \u2013 Environmental testing \u2013 Vibration, broadband random and guidance<\/li>\n<\/ul>\n<p>&nbsp;<\/p>\n<ul>\n<li aria-level=\"1\">ISO 12048 \u2013 Packaging &#8211; Complete, filled transport packages &#8211; Compression and stacking tests using a compression tester<\/li>\n<li aria-level=\"1\">ISO 13355 \u2013 Packaging. Complete, filled transport packages and unit loads. Vertical random vibration test<\/li>\n<li aria-level=\"1\">ISO 21898 &#8211; Packaging \u2013 Flexible intermediate bulk containers (FIBCs) for non-dangerous goods<\/li>\n<li aria-level=\"1\">ISO 2248 \u2013 Packaging \u2013 Complete, filled transport packages \u2013 Vertical impact test by dropping<\/li>\n<li aria-level=\"1\">ISO 2234 \u2013 Packaging \u2013 Complete, filled transport packages and unit loads \u2013 Stacking tests using a static load<\/li>\n<li aria-level=\"1\">ISO 2244 \u2013 Packaging \u2013 Complete, filled transport packages and unit loads \u2013 Horizontal impact tests<\/li>\n<li aria-level=\"1\">ISO 2247 \u2013 Packaging \u2013 Complete, filled transport packages and unit loads \u2013 Vibration tests at fixed low frequency<\/li>\n<li aria-level=\"1\">ISO 8318 \u2013 Packaging \u2013 Complete, filled transport packages and unit loads \u2013 Sinusoidal vibration tests using a variable frequency<\/li>\n<li aria-level=\"1\">ISO 8611-1 \u2013 Pallets for materials handling \u2013 Flat pallets \u2013 Part 1: Test methods<\/li>\n<li aria-level=\"1\">ISO 8768 \u2013 Packaging \u2013 Complete, filled transport packages \u2013 Toppling test<\/li>\n<\/ul>\n<\/li>\n<\/ul>\n[\/vc_column_text][\/vc_column][vc_column width=\u00a0\u00bb1\/4&Prime;][vc_column_text]\n<img loading=\"lazy\" decoding=\"async\" class=\"size-medium wp-image-392 aligncenter\" src=\"https:\/\/packlabhu.com\/wp-content\/uploads\/2018\/02\/packaging-laboratory-sze-hungary-62_v2-255x300.jpg\" alt=\"\" width=\"255\" height=\"300\" srcset=\"https:\/\/packlabhu.com\/wp-content\/uploads\/2018\/02\/packaging-laboratory-sze-hungary-62_v2-255x300.jpg 255w, https:\/\/packlabhu.com\/wp-content\/uploads\/2018\/02\/packaging-laboratory-sze-hungary-62_v2-768x905.jpg 768w, https:\/\/packlabhu.com\/wp-content\/uploads\/2018\/02\/packaging-laboratory-sze-hungary-62_v2-869x1024.jpg 869w, https:\/\/packlabhu.com\/wp-content\/uploads\/2018\/02\/packaging-laboratory-sze-hungary-62_v2.jpg 1024w\" sizes=\"auto, (max-width: 255px) 100vw, 255px\" \/><br \/>\n[\/vc_column_text][vc_column_text]\n<img loading=\"lazy\" decoding=\"async\" class=\"size-medium wp-image-390 aligncenter\" src=\"https:\/\/packlabhu.com\/wp-content\/uploads\/2018\/02\/packaging-laboratory-sze-hungary-57_v2-300x236.jpg\" alt=\"\" width=\"300\" height=\"236\" srcset=\"https:\/\/packlabhu.com\/wp-content\/uploads\/2018\/02\/packaging-laboratory-sze-hungary-57_v2-300x236.jpg 300w, https:\/\/packlabhu.com\/wp-content\/uploads\/2018\/02\/packaging-laboratory-sze-hungary-57_v2.jpg 709w\" sizes=\"auto, (max-width: 300px) 100vw, 300px\" \/><br \/>\n[\/vc_column_text][\/vc_column][vc_column width=\u00a0\u00bb1\/4&Prime;][vc_column_text]\n<img loading=\"lazy\" decoding=\"async\" class=\"size-medium wp-image-391 aligncenter\" src=\"https:\/\/packlabhu.com\/wp-content\/uploads\/2018\/02\/packaging-laboratory-sze-hungary-60_v1-289x300.jpg\" alt=\"\" width=\"289\" height=\"300\" srcset=\"https:\/\/packlabhu.com\/wp-content\/uploads\/2018\/02\/packaging-laboratory-sze-hungary-60_v1-289x300.jpg 289w, https:\/\/packlabhu.com\/wp-content\/uploads\/2018\/02\/packaging-laboratory-sze-hungary-60_v1-768x797.jpg 768w, https:\/\/packlabhu.com\/wp-content\/uploads\/2018\/02\/packaging-laboratory-sze-hungary-60_v1.jpg 911w\" sizes=\"auto, (max-width: 289px) 100vw, 289px\" \/><br \/>\n[\/vc_column_text][vc_column_text]\n<img loading=\"lazy\" decoding=\"async\" class=\"size-medium wp-image-389 aligncenter\" src=\"https:\/\/packlabhu.com\/wp-content\/uploads\/2018\/02\/packaging-laboratory-sze-hungary-37_v2-300x269.jpg\" alt=\"\" width=\"300\" height=\"269\" srcset=\"https:\/\/packlabhu.com\/wp-content\/uploads\/2018\/02\/packaging-laboratory-sze-hungary-37_v2-300x269.jpg 300w, https:\/\/packlabhu.com\/wp-content\/uploads\/2018\/02\/packaging-laboratory-sze-hungary-37_v2.jpg 697w\" sizes=\"auto, (max-width: 300px) 100vw, 300px\" \/><br \/>\n[\/vc_column_text][\/vc_column][\/vc_row]\n","protected":false},"excerpt":{"rendered":"<p>[vc_row][vc_column][vc_column_text] Essais m\u00e9caniques [\/vc_column_text][\/vc_column][\/vc_row][vc_row][vc_column][vc_column_text] Les essais m\u00e9caniques permettent de simuler les effets de l\u2019environnement de transport sur l\u2019emballage et le produit \u00e0 l\u2019aide de param\u00e8tres contr\u00f4l\u00e9s et reproductibles. Les tests d&rsquo;impact par rampe inclin\u00e9e, les tests de chute, les essais vibratoires (vibrations sinuso\u00efdales et al\u00e9atoires, tests de choc) ainsi que les tests d\u2019empilement (dynamiques, cycliques, statiques) permettent d\u2019\u00e9valuer la capacit\u00e9 de l\u2019emballage \u00e0 prot\u00e9ger le produit face aux contraintes rencontr\u00e9es lors de la distribution. [\/vc_column_text][\/vc_column][\/vc_row][vc_row][vc_column width=\u00a0\u00bb1\/2&Prime;][vc_column_text]Normes appliqu\u00e9es : ASTM D3580 \u2013 Standard Test Methods for Vibration (Vertical Linear Motion) Test of Products ASTM D4169 \u2013 Standard Practice for Performance Testing of Shipping Containers and Systems ASTM D4728 \u2013 Standard Test Method for Random Vibration Testing of Shipping Containers ASTM D642 \u2013 Standard Test Method for Determining Compressive Resistance of Shipping Containers, Components, and Unit Loads ASTM D999-08 \u2013 Standard Test Methods for Vibration Testing of Shipping Containers &nbsp; IEC 60068-2-27 \u2013 Environmental testing &#8211; Shock IEC 60068-2-6 \u2013 Environmental testing \u2013 Vibration, sinusoidal IEC 60068-2-64 \u2013 Environmental testing \u2013 Vibration, broadband random and guidance &nbsp; ISO 12048 \u2013 Packaging &#8211; Complete, filled transport packages &#8211; Compression and stacking tests using a compression tester ISO 13355 \u2013 Packaging. Complete, filled transport packages and unit loads. Vertical random vibration test ISO 21898 &#8211; Packaging \u2013 Flexible intermediate bulk containers (FIBCs) for non-dangerous goods ISO 2248 \u2013 Packaging \u2013 Complete, filled transport packages \u2013 Vertical impact test by dropping ISO 2234 \u2013 Packaging \u2013 Complete, filled transport packages and unit loads \u2013 Stacking tests using a static load ISO 2244 \u2013 Packaging \u2013 Complete, filled transport packages and unit loads \u2013 Horizontal impact tests ISO 2247 \u2013 Packaging \u2013 Complete, filled transport packages and unit loads \u2013 Vibration tests at fixed low frequency ISO 8318 \u2013 Packaging \u2013 Complete, filled transport packages and unit loads \u2013 Sinusoidal vibration tests using a variable frequency ISO 8611-1 \u2013 Pallets for materials handling \u2013 Flat pallets \u2013 Part 1: Test methods ISO 8768 \u2013 Packaging \u2013 Complete, filled transport packages \u2013 Toppling test [\/vc_column_text][\/vc_column][vc_column width=\u00a0\u00bb1\/4&Prime;][vc_column_text] [\/vc_column_text][vc_column_text] [\/vc_column_text][\/vc_column][vc_column width=\u00a0\u00bb1\/4&Prime;][vc_column_text] [\/vc_column_text][vc_column_text] [\/vc_column_text][\/vc_column][\/vc_row]<\/p>\n","protected":false},"author":1,"featured_media":0,"parent":0,"menu_order":0,"comment_status":"closed","ping_status":"closed","template":"","meta":{"footnotes":""},"class_list":["post-1779","page","type-page","status-publish","hentry"],"_links":{"self":[{"href":"https:\/\/packlabhu.com\/fr\/wp-json\/wp\/v2\/pages\/1779","targetHints":{"allow":["GET"]}}],"collection":[{"href":"https:\/\/packlabhu.com\/fr\/wp-json\/wp\/v2\/pages"}],"about":[{"href":"https:\/\/packlabhu.com\/fr\/wp-json\/wp\/v2\/types\/page"}],"author":[{"embeddable":true,"href":"https:\/\/packlabhu.com\/fr\/wp-json\/wp\/v2\/users\/1"}],"replies":[{"embeddable":true,"href":"https:\/\/packlabhu.com\/fr\/wp-json\/wp\/v2\/comments?post=1779"}],"version-history":[{"count":2,"href":"https:\/\/packlabhu.com\/fr\/wp-json\/wp\/v2\/pages\/1779\/revisions"}],"predecessor-version":[{"id":1944,"href":"https:\/\/packlabhu.com\/fr\/wp-json\/wp\/v2\/pages\/1779\/revisions\/1944"}],"wp:attachment":[{"href":"https:\/\/packlabhu.com\/fr\/wp-json\/wp\/v2\/media?parent=1779"}],"curies":[{"name":"wp","href":"https:\/\/api.w.org\/{rel}","templated":true}]}}