{"id":1795,"date":"2025-07-28T16:49:48","date_gmt":"2025-07-28T14:49:48","guid":{"rendered":"https:\/\/packlabhu.com\/?page_id=1795"},"modified":"2025-07-28T17:18:03","modified_gmt":"2025-07-28T15:18:03","slug":"test-de-resistance-environnementale","status":"publish","type":"page","link":"https:\/\/packlabhu.com\/fr\/test-de-resistance-environnementale\/","title":{"rendered":"Test de r\u00e9sistance environnementale"},"content":{"rendered":"[vc_row][vc_column][vc_column_text]\n<h1 style=\"text-align: center; text-transform: uppercase;\">Test de r\u00e9sistance environnementale<\/h1>\n[\/vc_column_text][\/vc_column][\/vc_row][vc_row el_class=\u00a0\u00bbkepeksor\u00a0\u00bb][vc_column width=\u00a0\u00bb1\/4&Prime;][vc_single_image image=\u00a0\u00bb900&Prime; img_size=\u00a0\u00bbfull\u00a0\u00bb alignment=\u00a0\u00bbcenter\u00a0\u00bb onclick=\u00a0\u00bbcustom_link\u00a0\u00bb link=\u00a0\u00bbhttps:\/\/packlabhu.com\/hu\/razovizsgalat-es-mechanikai-sokk-teszt\/\u00a0\u00bb][\/vc_column][vc_column width=\u00a0\u00bb1\/4&Prime;][vc_single_image image=\u00a0\u00bb908&Prime; img_size=\u00a0\u00bbfull\u00a0\u00bb alignment=\u00a0\u00bbcenter\u00a0\u00bb onclick=\u00a0\u00bbcustom_link\u00a0\u00bb link=\u00a0\u00bbhttps:\/\/packlabhu.com\/hu\/homerseklet-es-paratartalom-teszt\/\u00a0\u00bb][\/vc_column][vc_column width=\u00a0\u00bb1\/4&Prime;][vc_single_image image=\u00a0\u00bb914&Prime; img_size=\u00a0\u00bbfull\u00a0\u00bb alignment=\u00a0\u00bbcenter\u00a0\u00bb onclick=\u00a0\u00bbcustom_link\u00a0\u00bb link=\u00a0\u00bbhttps:\/\/packlabhu.com\/hu\/idojaras-es-korrozio-allosagi-vizsgalat\/\u00a0\u00bb][\/vc_column][vc_column width=\u00a0\u00bb1\/4&Prime;][vc_single_image image=\u00a0\u00bb921&Prime; img_size=\u00a0\u00bbfull\u00a0\u00bb alignment=\u00a0\u00bbcenter\u00a0\u00bb onclick=\u00a0\u00bbcustom_link\u00a0\u00bb link=\u00a0\u00bbhttps:\/\/packlabhu.com\/hu\/environmental-anyagvizsgalat\/\u00a0\u00bb][\/vc_column][\/vc_row][vc_row][vc_column width=\u00a0\u00bb1\/4&Prime;][vc_column_text]\n<h4 style=\"text-align: center;\"><a href=\"https:\/\/packlabhu.com\/fr\/test-de-vibration-et-de-choc-mecanique\"><strong>Test de vibration et de choc m\u00e9canique<\/strong><\/a><\/h4>\n<p style=\"text-align: center;\">Les tests de vibration et de choc soutiennent le d\u00e9veloppement de produits de meilleure qualit\u00e9 capables de r\u00e9sister aux impacts pr\u00e9vus lors de l\u2019utilisation.<\/p>\n[\/vc_column_text][\/vc_column][vc_column width=\u00a0\u00bb1\/4&Prime;][vc_column_text]\n<h4 style=\"text-align: center;\"><a href=\"https:\/\/packlabhu.com\/fr\/test-de-temperature-et-dhumidite\"><strong>Test de temp\u00e9rature et d&rsquo;humidit\u00e9<\/strong><\/a><\/h4>\n<p style=\"text-align: center;\">Le test de temp\u00e9rature et d&rsquo;humidit\u00e9 simule l\u2019environnement climatique attendu et r\u00e9duit le risque de d\u00e9faillance du produit au cours de son cycle de vie.<\/p>\n[\/vc_column_text][\/vc_column][vc_column width=\u00a0\u00bb1\/4&Prime;][vc_column_text]\n<h4 style=\"text-align: center;\"><a href=\"https:\/\/packlabhu.com\/fr\/essai-de-resistance-aux-intemperies-et-a-la-corrosion\"><strong>Essai de r\u00e9sistance aux intemp\u00e9ries et \u00e0 la corrosion<\/strong><\/a><\/h4>\n<p style=\"text-align: center;\">Les essais de vieillissement acc\u00e9l\u00e9r\u00e9 \u00e9valuent la durabilit\u00e9 future des mat\u00e9riaux dans des conditions environnementales sp\u00e9cifiques.<\/p>\n[\/vc_column_text][\/vc_column][vc_column width=\u00a0\u00bb1\/4&Prime;][vc_column_text]\n<h4 style=\"text-align: center;\"><a href=\"https:\/\/packlabhu.com\/fr\/essai-des-materiaux\"><strong>Essai des mat\u00e9riaux<\/strong><\/a><\/h4>\n<p style=\"text-align: center;\">L\u2019essai des mat\u00e9riaux mesure une propri\u00e9t\u00e9 sp\u00e9cifique du mat\u00e9riau. Il est souvent utilis\u00e9 apr\u00e8s des tests de simulation environnementale.<\/p>\n[\/vc_column_text][\/vc_column][\/vc_row]\n","protected":false},"excerpt":{"rendered":"<p>[vc_row][vc_column][vc_column_text] Test de r\u00e9sistance environnementale [\/vc_column_text][\/vc_column][\/vc_row][vc_row el_class=\u00a0\u00bbkepeksor\u00a0\u00bb][vc_column width=\u00a0\u00bb1\/4&Prime;][vc_single_image image=\u00a0\u00bb900&Prime; img_size=\u00a0\u00bbfull\u00a0\u00bb alignment=\u00a0\u00bbcenter\u00a0\u00bb onclick=\u00a0\u00bbcustom_link\u00a0\u00bb link=\u00a0\u00bbhttps:\/\/packlabhu.com\/hu\/razovizsgalat-es-mechanikai-sokk-teszt\/\u00a0\u00bb][\/vc_column][vc_column width=\u00a0\u00bb1\/4&Prime;][vc_single_image image=\u00a0\u00bb908&Prime; img_size=\u00a0\u00bbfull\u00a0\u00bb alignment=\u00a0\u00bbcenter\u00a0\u00bb onclick=\u00a0\u00bbcustom_link\u00a0\u00bb link=\u00a0\u00bbhttps:\/\/packlabhu.com\/hu\/homerseklet-es-paratartalom-teszt\/\u00a0\u00bb][\/vc_column][vc_column width=\u00a0\u00bb1\/4&Prime;][vc_single_image image=\u00a0\u00bb914&Prime; img_size=\u00a0\u00bbfull\u00a0\u00bb alignment=\u00a0\u00bbcenter\u00a0\u00bb onclick=\u00a0\u00bbcustom_link\u00a0\u00bb link=\u00a0\u00bbhttps:\/\/packlabhu.com\/hu\/idojaras-es-korrozio-allosagi-vizsgalat\/\u00a0\u00bb][\/vc_column][vc_column width=\u00a0\u00bb1\/4&Prime;][vc_single_image image=\u00a0\u00bb921&Prime; img_size=\u00a0\u00bbfull\u00a0\u00bb alignment=\u00a0\u00bbcenter\u00a0\u00bb onclick=\u00a0\u00bbcustom_link\u00a0\u00bb link=\u00a0\u00bbhttps:\/\/packlabhu.com\/hu\/environmental-anyagvizsgalat\/\u00a0\u00bb][\/vc_column][\/vc_row][vc_row][vc_column width=\u00a0\u00bb1\/4&Prime;][vc_column_text] Test de vibration et de choc m\u00e9canique Les tests de vibration et de choc soutiennent le d\u00e9veloppement de produits de meilleure qualit\u00e9 capables de r\u00e9sister aux impacts pr\u00e9vus lors de l\u2019utilisation. [\/vc_column_text][\/vc_column][vc_column width=\u00a0\u00bb1\/4&Prime;][vc_column_text] Test de temp\u00e9rature et d&rsquo;humidit\u00e9 Le test de temp\u00e9rature et d&rsquo;humidit\u00e9 simule l\u2019environnement climatique attendu et r\u00e9duit le risque de d\u00e9faillance du produit au cours de son cycle de vie. [\/vc_column_text][\/vc_column][vc_column width=\u00a0\u00bb1\/4&Prime;][vc_column_text] Essai de r\u00e9sistance aux intemp\u00e9ries et \u00e0 la corrosion Les essais de vieillissement acc\u00e9l\u00e9r\u00e9 \u00e9valuent la durabilit\u00e9 future des mat\u00e9riaux dans des conditions environnementales sp\u00e9cifiques. [\/vc_column_text][\/vc_column][vc_column width=\u00a0\u00bb1\/4&Prime;][vc_column_text] Essai des mat\u00e9riaux L\u2019essai des mat\u00e9riaux mesure une propri\u00e9t\u00e9 sp\u00e9cifique du mat\u00e9riau. Il est souvent utilis\u00e9 apr\u00e8s des tests de simulation environnementale. [\/vc_column_text][\/vc_column][\/vc_row]<\/p>\n","protected":false},"author":1,"featured_media":0,"parent":0,"menu_order":0,"comment_status":"closed","ping_status":"closed","template":"","meta":{"footnotes":""},"class_list":["post-1795","page","type-page","status-publish","hentry"],"_links":{"self":[{"href":"https:\/\/packlabhu.com\/fr\/wp-json\/wp\/v2\/pages\/1795","targetHints":{"allow":["GET"]}}],"collection":[{"href":"https:\/\/packlabhu.com\/fr\/wp-json\/wp\/v2\/pages"}],"about":[{"href":"https:\/\/packlabhu.com\/fr\/wp-json\/wp\/v2\/types\/page"}],"author":[{"embeddable":true,"href":"https:\/\/packlabhu.com\/fr\/wp-json\/wp\/v2\/users\/1"}],"replies":[{"embeddable":true,"href":"https:\/\/packlabhu.com\/fr\/wp-json\/wp\/v2\/comments?post=1795"}],"version-history":[{"count":4,"href":"https:\/\/packlabhu.com\/fr\/wp-json\/wp\/v2\/pages\/1795\/revisions"}],"predecessor-version":[{"id":1823,"href":"https:\/\/packlabhu.com\/fr\/wp-json\/wp\/v2\/pages\/1795\/revisions\/1823"}],"wp:attachment":[{"href":"https:\/\/packlabhu.com\/fr\/wp-json\/wp\/v2\/media?parent=1795"}],"curies":[{"name":"wp","href":"https:\/\/api.w.org\/{rel}","templated":true}]}}