{"id":1803,"date":"2025-07-28T16:58:39","date_gmt":"2025-07-28T14:58:39","guid":{"rendered":"https:\/\/packlabhu.com\/?page_id=1803"},"modified":"2025-07-28T18:49:53","modified_gmt":"2025-07-28T16:49:53","slug":"essai-de-resistance-aux-intemperies-et-a-la-corrosion","status":"publish","type":"page","link":"https:\/\/packlabhu.com\/fr\/essai-de-resistance-aux-intemperies-et-a-la-corrosion\/","title":{"rendered":"Essai de r\u00e9sistance aux intemp\u00e9ries et \u00e0 la corrosion"},"content":{"rendered":"[vc_row][vc_column][vc_column_text]\n<h1><b>Essai de r\u00e9sistance aux intemp\u00e9ries et \u00e0 la corrosion<\/b><\/h1>\n[\/vc_column_text][vc_column_text]Les tests de vieillissement acc\u00e9l\u00e9r\u00e9 \u00e9valuent la durabilit\u00e9 future des mat\u00e9riaux dans des conditions environnementales sp\u00e9cifiques. Cette m\u00e9thode est utilis\u00e9e pour mesurer la d\u00e9gradation ou la corrosion futures. Les tests simulent diff\u00e9rents environnements sur les mati\u00e8res premi\u00e8res, les composants et les produits finis.<\/p>\n<p>Notre laboratoire permet d\u2019effectuer des tests UV (UV-A, UV-B) et \u00e0 lampe x\u00e9non, ainsi que des essais de corrosion au brouillard salin. Des \u00e9valuations post-test sont \u00e9galement disponibles, telles que : mesure de la variation de couleur, mesure de brillance, test d\u2019adh\u00e9rence (Cross-cut), et test de frottement.<\/p>\n<h2><strong>Nos tests :<\/strong><\/h2>\n<ul>\n<li>Test au x\u00e9non<\/li>\n<li>Test UV-A et UV-B<\/li>\n<li>Test de corrosion au brouillard salin<\/li>\n<\/ul>\n<p><i>Normes appliqu\u00e9es :<\/i><\/p>\n<ul>\n<li aria-level=\"1\">MSZ EN ISO 105-B02 Textiles. Tests for colour fastness. Part B02: Colour fastness to artificial light: Xenon arc fading lamp test<\/li>\n<li aria-level=\"1\">MSZ EN ISO 105-B06 Textiles. Tests for colour fastness. Part B06: Colour fastness and ageing to artificial light at high temperatures: Xenon arc fading lamp test<\/li>\n<li aria-level=\"1\">MSZ EN ISO 105-B04 Textiles. Tests for colour fastness. Part B04: Colour fastness to artificial weathering: Xenon arc fading lamp test<\/li>\n<li aria-level=\"1\">ASTM G 155-13<\/li>\n<li aria-level=\"1\">MSZ EN ISO 4892-2 Plastics &#8211; Methods of exposure to laboratory light sources &#8211; Part 2: Xenon-arc sources<\/li>\n<li aria-level=\"1\">MSZ EN ISO 4892-3 Plastics. Methods of exposure to laboratory light sources. Part 3: Fluorescent UV lamps<\/li>\n<li aria-level=\"1\">PV 1303 Exposure Test of Passenger Compartment Components<\/li>\n<li aria-level=\"1\">PV 3929 Weathering in Dry, Hot Climate<\/li>\n<li aria-level=\"1\">PV3930 Weathering in Moist, Hot Climate<\/li>\n<li aria-level=\"1\">MSZ EN ISO 11997-1 Paints and varnishes. Determination of resistance to cyclic corrosion conditions. Part 1: Wet (salt fog)\/dry\/humid<\/li>\n<li aria-level=\"1\">MSZ EN ISO 9227 Corrosion tests in artificial atmospheres. Salt spray tests<\/li>\n<li aria-level=\"1\">MSZ EN 60068-2-11(IEC 60068-2-11) Environmental testing. Part 2: Tests. Test Ka: Salt mist<\/li>\n<\/ul>\n<p>Certaines normes mentionn\u00e9es peuvent ne pas \u00eatre couvertes par l\u2019accr\u00e9ditation du laboratoire. La liste compl\u00e8te est disponible ici :<\/p>\n<p><a href=\"https:\/\/nah.gov.hu\/uploads\/attachment\/file\/9034\/RO_3_-1-1454-2018-F2-HKI-241535794_al%C3%A1%C3%ADrt.pdf\">https:\/\/nah.gov.hu\/uploads\/attachment\/file\/9034\/RO_3_-1-1454-2018-F2-HKI-241535794_al%C3%A1%C3%ADrt.pdf<\/a>[\/vc_column_text][vc_column_text]<style> #grid-gallery-16-58587 .grid-gallery-caption[data-grid-gallery-type=\"show-on-hover\"]:hover figcaption, #grid-gallery-16-58587 .grid-gallery-caption[data-grid-gallery-type=\"show-on-hover\"].hovered figcaption, #grid-gallery-16-58587 .grid-gallery-caption[data-grid-gallery-type=\"show-on-hover\"]:active figcaption { background-color:rgba(111,0,0,0.5) !important; } <\/style> <div id=\"grid-gallery-16-58587\" data-gg-id=\"16\" data-title=\"Accelerated Weathering and Corrosion testing\" data-grid-type=\"0\" data-offset=\"5\" data-area-position=\"center\" data-icons=\"false\" data-preloader=\"true\" data-width=\"215\" data-height=\"215\" data-padding=\"0\" data-quicksand=\"disabled\" data-quicksand-duration=\"none\" data-popup-theme=\"theme_6\" data-popup-type=\"pretty-photo\" data-popup-image-text=\"data-description\" data-popup-widthsize=\"auto\" data-popup-heightsize=\"auto\" data-popup-i18n-words=\"{&quot;close&quot;:&quot;fermer&quot;,&quot;next&quot;:&quot;suivant&quot;,&quot;previous&quot;:&quot;pr\\u00e9c\\u00e9dent&quot;,&quot;start_slideshow&quot;:&quot;d\\u00e9marrer le diaporama&quot;,&quot;stop_slideshow&quot;:&quot;arr\\u00e9ter le diaporama&quot;,&quot;image&quot;:&quot;image&quot;,&quot;of&quot;:&quot;de&quot;,&quot;prev&quot;:&quot;pr\\u00e9c.&quot;,&quot;cExpand&quot;:&quot;Agrandir&quot;,&quot;cPrevious&quot;:&quot;Pr\\u00e9c\\u00e9dent&quot;,&quot;cNext&quot;:&quot;Suivant&quot;,&quot;cExpandStr&quot;:&quot;Agrandir l&#039;image&quot;,&quot;cRotate&quot;:&quot;Pivoter&quot;,&quot;cDetails&quot;:&quot;Details&quot;}\" data-popup-slideshow=\"false\" data-popup-slideshow-speed=\"2500\" data-popup-hoverstop=\"true\" data-popup-slideshow-auto=\"false\" data-popup-background=\"\" data-popup-transparency=\"30\" data-popup-disable-history=\"\" data-popup-disable-changed-url=\"\" data-popup-border-type=\"solid\" data-popup-border-color=\"\" data-popup-border-width=\"\" data-popup-border-enable=\"\" data-fullscreen=\"false\" data-hide-tooltip=\"false\" data-caption-font-family=\"Default\" data-caption-text-size=\"140\" data-is-mobile=\"0\" data-caption-mobile=\"false\" data-hide-long-tltp-title=\"0\" data-caption-disabled-on-mobile=\"false\" data-lazyload-enable='1' data-lazyload-effect=\"show\" data-lazyload-effect-duration=\"400\" data-popup-placement-type=\"0\" data-social-sharing=\"{&quot;enabled&quot;:&quot;&quot;,&quot;gallerySharing&quot;:{&quot;enabled&quot;:null,&quot;position&quot;:null},&quot;imageSharing&quot;:{&quot;enabled&quot;:null,&quot;wrapperClass&quot;:&quot; vertical &quot;},&quot;popupSharing&quot;:{&quot;enabled&quot;:null,&quot;wrapperClass&quot;:&quot; vertical &quot;}}\" class=\"grid-gallery grid-gallery-fixed \" style=\" width:100%; height:auto; margin-left:auto; margin-right:auto;position:relative;\" data-popup-video=\"null\" data-popup-disable-source-image-for-linked-img=\"0\" data-popup-enable-download-photos-button=\"0\" data-thumbnail-size=\"150x150\"> <div class=\"gallery-loading\"> <div class=\"la-\" style=\"color:#0073AA\"> <div><\/div> <div><\/div> <\/div> <\/div> <div class=\"gallery-sharing-top\" style=\"display:none;\"> <\/div> <div id=\"photos-16\" class=\"grid-gallery-photos\"><a data-attachment-id=\"913\" id=\"gg-16-166\" class=\"gg-link \" data-attachment-id=\"913\" href=\"https:\/\/packlabhu.com\/wp-content\/uploads\/2021\/07\/sze_labor-41.jpg?gid=16\" target=\"_self\" title=\"sze_labor-41\" data-rel=\"prettyPhoto[pp_gal]\" style=\"border-radius:00;\" ><FIGURE data-tags=\"\" data-id=\"166\" class=\"grid-gallery-caption\" data-grid-gallery-type=\"quarter-slide-up\" data-index=\"0\" style=\"display:none;border-radius:00;; margin:5px; width:2150;\" ><div class=\"crop\" style=\" width:2150; height:2150; overflow:hidden;\"><img decoding=\"async\" data-gg-real-image-href=\"https:\/\/packlabhu.com\/wp-content\/uploads\/2021\/07\/sze_labor-41-215x215.jpg\" src=\"https:\/\/packlabhu.com\/wp-content\/plugins\/gallery-by-supsystic\/src\/GridGallery\/Galleries\/assets\/img\/loading.gif\" class=\"ggImg ggLazyImg\" alt=\"sze_labor-41\" title=\"sze_labor-41\" data-description=\"sze_labor-41\" data-caption=\"sze_labor-41\" data-title=\"sze_labor-41\" style=\" width:215px; height:215px;\" \/><\/div><FIGCAPTION class=\"\" data-alpha=\"5\" style=\"color:#ffffff; background-color:#6f0000; font-size:140; text-align:left; font-family:Default;\" ><div class=\"grid-gallery-figcaption-wrap\" style=\" vertical-align:top;\"><\/div><\/FIGCAPTION><\/FIGURE><\/a><a data-attachment-id=\"914\" id=\"gg-16-167\" class=\"gg-link \" data-attachment-id=\"914\" href=\"https:\/\/packlabhu.com\/wp-content\/uploads\/2021\/07\/sze_labor-40.jpg?gid=16\" target=\"_self\" title=\"sze_labor-40\" data-rel=\"prettyPhoto[pp_gal]\" style=\"border-radius:00;\" ><FIGURE data-tags=\"\" data-id=\"167\" class=\"grid-gallery-caption\" data-grid-gallery-type=\"quarter-slide-up\" data-index=\"1\" style=\"display:none;border-radius:00;; margin:5px; width:2150;\" ><div class=\"crop\" style=\" width:2150; height:2150; overflow:hidden;\"><img decoding=\"async\" data-gg-real-image-href=\"https:\/\/packlabhu.com\/wp-content\/uploads\/2021\/07\/sze_labor-40-215x215.jpg\" src=\"https:\/\/packlabhu.com\/wp-content\/plugins\/gallery-by-supsystic\/src\/GridGallery\/Galleries\/assets\/img\/loading.gif\" class=\"ggImg ggLazyImg\" alt=\"sze_labor-40\" title=\"sze_labor-40\" data-description=\"sze_labor-40\" data-caption=\"sze_labor-40\" data-title=\"sze_labor-40\" style=\" width:215px; height:215px;\" \/><\/div><FIGCAPTION class=\"\" data-alpha=\"5\" style=\"color:#ffffff; background-color:#6f0000; font-size:140; text-align:left; font-family:Default;\" ><div class=\"grid-gallery-figcaption-wrap\" style=\" vertical-align:top;\"><\/div><\/FIGCAPTION><\/FIGURE><\/a><a data-attachment-id=\"915\" id=\"gg-16-168\" class=\"gg-link \" data-attachment-id=\"915\" href=\"https:\/\/packlabhu.com\/wp-content\/uploads\/2021\/07\/SZE_PackLabHu_09_sopermet1.jpg?gid=16\" target=\"_self\" title=\"SZE_PackLabHu_09_s\u00f3permet(1)\" data-rel=\"prettyPhoto[pp_gal]\" style=\"border-radius:00;\" ><FIGURE data-tags=\"\" data-id=\"168\" class=\"grid-gallery-caption\" data-grid-gallery-type=\"quarter-slide-up\" data-index=\"2\" style=\"display:none;border-radius:00;; margin:5px; width:2150;\" ><div class=\"crop\" style=\" width:2150; height:2150; overflow:hidden;\"><img decoding=\"async\" data-gg-real-image-href=\"https:\/\/packlabhu.com\/wp-content\/uploads\/2021\/07\/SZE_PackLabHu_09_sopermet1-215x215.jpg\" src=\"https:\/\/packlabhu.com\/wp-content\/plugins\/gallery-by-supsystic\/src\/GridGallery\/Galleries\/assets\/img\/loading.gif\" class=\"ggImg ggLazyImg\" alt=\"SZE_PackLabHu_09_s\u00f3permet(1)\" title=\"SZE_PackLabHu_09_s\u00f3permet(1)\" data-description=\"SZE_PackLabHu_09_s\u00f3permet(1)\" data-caption=\"SZE_PackLabHu_09_s\u00f3permet(1)\" data-title=\"SZE_PackLabHu_09_s\u00f3permet(1)\" style=\" width:215px; height:215px;\" \/><\/div><FIGCAPTION class=\"\" data-alpha=\"5\" style=\"color:#ffffff; background-color:#6f0000; font-size:140; text-align:left; font-family:Default;\" ><div class=\"grid-gallery-figcaption-wrap\" style=\" vertical-align:top;\"><\/div><\/FIGCAPTION><\/FIGURE><\/a> <div class=\"grid-gallery-clearfix\"><\/div> <\/div> <div class=\"gallery-sharing-bottom\" style=\"display:none;\"> <\/div> <div class=\"gallery-sharing-image\" style=\"display:none;\"> <\/div> <div class=\"gallery-sharing-popup\" style=\"display:none;\"> <\/div> <div class=\"grid-gallery-clearfix\"><\/div> <\/div> <!-- Gallery by Supsystic plugin1.15.31 \/2.9.16 --> <style> <\/style><a title=\"\" style=\"display:none;\" href=\"https:\/\/supsystic.com\/plugins\/photo-gallery\/?utm_medium=love_link\" target=\"_blank\"><\/a>\n[\/vc_column_text][\/vc_column][\/vc_row]\n","protected":false},"excerpt":{"rendered":"<p>[vc_row][vc_column][vc_column_text] Essai de r\u00e9sistance aux intemp\u00e9ries et \u00e0 la corrosion [\/vc_column_text][vc_column_text]Les tests de vieillissement acc\u00e9l\u00e9r\u00e9 \u00e9valuent la durabilit\u00e9 future des mat\u00e9riaux dans des conditions environnementales sp\u00e9cifiques. Cette m\u00e9thode est utilis\u00e9e pour mesurer la d\u00e9gradation ou la corrosion futures. Les tests simulent diff\u00e9rents environnements sur les mati\u00e8res premi\u00e8res, les composants et les produits finis. Notre laboratoire permet d\u2019effectuer des tests UV (UV-A, UV-B) et \u00e0 lampe x\u00e9non, ainsi que des essais de corrosion au brouillard salin. Des \u00e9valuations post-test sont \u00e9galement disponibles, telles que : mesure de la variation de couleur, mesure de brillance, test d\u2019adh\u00e9rence (Cross-cut), et test de frottement. Nos tests : Test au x\u00e9non Test UV-A et UV-B Test de corrosion au brouillard salin Normes appliqu\u00e9es : MSZ EN ISO 105-B02 Textiles. Tests for colour fastness. Part B02: Colour fastness to artificial light: Xenon arc fading lamp test MSZ EN ISO 105-B06 Textiles. Tests for colour fastness. Part B06: Colour fastness and ageing to artificial light at high temperatures: Xenon arc fading lamp test MSZ EN ISO 105-B04 Textiles. Tests for colour fastness. Part B04: Colour fastness to artificial weathering: Xenon arc fading lamp test ASTM G 155-13 MSZ EN ISO 4892-2 Plastics &#8211; Methods of exposure to laboratory light sources &#8211; Part 2: Xenon-arc sources MSZ EN ISO 4892-3 Plastics. Methods of exposure to laboratory light sources. Part 3: Fluorescent UV lamps PV 1303 Exposure Test of Passenger Compartment Components PV 3929 Weathering in Dry, Hot Climate PV3930 Weathering in Moist, Hot Climate MSZ EN ISO 11997-1 Paints and varnishes. Determination of resistance to cyclic corrosion conditions. Part 1: Wet (salt fog)\/dry\/humid MSZ EN ISO 9227 Corrosion tests in artificial atmospheres. Salt spray tests MSZ EN 60068-2-11(IEC 60068-2-11) Environmental testing. Part 2: Tests. Test Ka: Salt mist Certaines normes mentionn\u00e9es peuvent ne pas \u00eatre couvertes par l\u2019accr\u00e9ditation du laboratoire. La liste compl\u00e8te est disponible ici : https:\/\/nah.gov.hu\/uploads\/attachment\/file\/9034\/RO_3_-1-1454-2018-F2-HKI-241535794_al%C3%A1%C3%ADrt.pdf[\/vc_column_text][vc_column_text] [\/vc_column_text][\/vc_column][\/vc_row]<\/p>\n","protected":false},"author":1,"featured_media":0,"parent":0,"menu_order":0,"comment_status":"closed","ping_status":"closed","template":"","meta":{"footnotes":""},"class_list":["post-1803","page","type-page","status-publish","hentry"],"_links":{"self":[{"href":"https:\/\/packlabhu.com\/fr\/wp-json\/wp\/v2\/pages\/1803","targetHints":{"allow":["GET"]}}],"collection":[{"href":"https:\/\/packlabhu.com\/fr\/wp-json\/wp\/v2\/pages"}],"about":[{"href":"https:\/\/packlabhu.com\/fr\/wp-json\/wp\/v2\/types\/page"}],"author":[{"embeddable":true,"href":"https:\/\/packlabhu.com\/fr\/wp-json\/wp\/v2\/users\/1"}],"replies":[{"embeddable":true,"href":"https:\/\/packlabhu.com\/fr\/wp-json\/wp\/v2\/comments?post=1803"}],"version-history":[{"count":2,"href":"https:\/\/packlabhu.com\/fr\/wp-json\/wp\/v2\/pages\/1803\/revisions"}],"predecessor-version":[{"id":1929,"href":"https:\/\/packlabhu.com\/fr\/wp-json\/wp\/v2\/pages\/1803\/revisions\/1929"}],"wp:attachment":[{"href":"https:\/\/packlabhu.com\/fr\/wp-json\/wp\/v2\/media?parent=1803"}],"curies":[{"name":"wp","href":"https:\/\/api.w.org\/{rel}","templated":true}]}}