{"id":1810,"date":"2025-07-28T17:04:06","date_gmt":"2025-07-28T15:04:06","guid":{"rendered":"https:\/\/packlabhu.com\/?page_id=1810"},"modified":"2025-07-28T17:04:06","modified_gmt":"2025-07-28T15:04:06","slug":"science","status":"publish","type":"page","link":"https:\/\/packlabhu.com\/fr\/science\/","title":{"rendered":"Science"},"content":{"rendered":"[vc_row][vc_column][vc_column_text]\n<h1><span data-sheets-root=\"1\">Science<\/span><\/h1>\n[\/vc_column_text][\/vc_column][\/vc_row][vc_row][vc_column][vc_column_text]\nTodos nuestros miembros ense\u00f1an y publican en el Departamento de Log\u00edstica y Transporte de la <a href=\"http:\/\/uni.sze.hu\/kezdolap\">Universidad Sz\u00e9chenyi Istv\u00e1n<\/a>.<\/p>\n<p>Nuestros principales campos de investigaci\u00f3n:<\/p>\n<ul>\n<li>\n<div>Enfoques te\u00f3ricos de la metodolog\u00eda de compresi\u00f3n temporal para ensayos de vibraci\u00f3n ambiental<\/div>\n<\/li>\n<li>\n<div>Criterios de clasificaci\u00f3n de vibraciones arm\u00f3nicas y de choque<\/div>\n<\/li>\n<li>\n<div>Estudio del efecto de las cargas f\u00edsicas del transporte en los cambios microbiol\u00f3gicos del contenido alimentario<\/div>\n<\/li>\n<li>\n<div>Desarrollo del an\u00e1lisis t\u00e9rmico de papeles base<\/div>\n<\/li>\n<li>\n<div>Din\u00e1mica de cargas apiladas y posibilidades de simulaci\u00f3n en laboratorio<\/div>\n<\/li>\n<\/ul>\n[\/vc_column_text][\/vc_column][\/vc_row]\n","protected":false},"excerpt":{"rendered":"<p>[vc_row][vc_column][vc_column_text] Science [\/vc_column_text][\/vc_column][\/vc_row][vc_row][vc_column][vc_column_text] Todos nuestros miembros ense\u00f1an y publican en el Departamento de Log\u00edstica y Transporte de la Universidad Sz\u00e9chenyi Istv\u00e1n. Nuestros principales campos de investigaci\u00f3n: Enfoques te\u00f3ricos de la metodolog\u00eda de compresi\u00f3n temporal para ensayos de vibraci\u00f3n ambiental Criterios de clasificaci\u00f3n de vibraciones arm\u00f3nicas y de choque Estudio del efecto de las cargas f\u00edsicas del transporte en los cambios microbiol\u00f3gicos del contenido alimentario Desarrollo del an\u00e1lisis t\u00e9rmico de papeles base Din\u00e1mica de cargas apiladas y posibilidades de simulaci\u00f3n en laboratorio [\/vc_column_text][\/vc_column][\/vc_row]<\/p>\n","protected":false},"author":1,"featured_media":0,"parent":0,"menu_order":0,"comment_status":"closed","ping_status":"closed","template":"","meta":{"footnotes":""},"class_list":["post-1810","page","type-page","status-publish","hentry"],"_links":{"self":[{"href":"https:\/\/packlabhu.com\/fr\/wp-json\/wp\/v2\/pages\/1810","targetHints":{"allow":["GET"]}}],"collection":[{"href":"https:\/\/packlabhu.com\/fr\/wp-json\/wp\/v2\/pages"}],"about":[{"href":"https:\/\/packlabhu.com\/fr\/wp-json\/wp\/v2\/types\/page"}],"author":[{"embeddable":true,"href":"https:\/\/packlabhu.com\/fr\/wp-json\/wp\/v2\/users\/1"}],"replies":[{"embeddable":true,"href":"https:\/\/packlabhu.com\/fr\/wp-json\/wp\/v2\/comments?post=1810"}],"version-history":[{"count":1,"href":"https:\/\/packlabhu.com\/fr\/wp-json\/wp\/v2\/pages\/1810\/revisions"}],"predecessor-version":[{"id":1811,"href":"https:\/\/packlabhu.com\/fr\/wp-json\/wp\/v2\/pages\/1810\/revisions\/1811"}],"wp:attachment":[{"href":"https:\/\/packlabhu.com\/fr\/wp-json\/wp\/v2\/media?parent=1810"}],"curies":[{"name":"wp","href":"https:\/\/api.w.org\/{rel}","templated":true}]}}