{"id":1053,"date":"2021-07-13T23:22:02","date_gmt":"2021-07-13T21:22:02","guid":{"rendered":"https:\/\/packlabhu.com\/?page_id=1053"},"modified":"2021-07-13T23:22:24","modified_gmt":"2021-07-13T21:22:24","slug":"csomagolasvizsgalat","status":"publish","type":"page","link":"https:\/\/packlabhu.com\/hu\/csomagolasvizsgalat\/","title":{"rendered":"CSOMAGOL\u00c1SVIZSG\u00c1LAT"},"content":{"rendered":"[vc_row][vc_column][vc_column_text]\n<h1 style=\"text-align: center;\">CSOMAGOL\u00c1SVIZSG\u00c1LAT<\/h1>\n[\/vc_column_text][\/vc_column][\/vc_row][vc_row el_class=&#8221;kepeksor&#8221;][vc_column width=&#8221;1\/3&#8243;][vc_single_image image=&#8221;862&#8243; img_size=&#8221;full&#8221; alignment=&#8221;center&#8221; onclick=&#8221;custom_link&#8221; link=&#8221;https:\/\/packlabhu.com\/hu\/veszelyes-aru-csomagolas\/&#8221;][\/vc_column][vc_column width=&#8221;1\/3&#8243;][vc_single_image image=&#8221;900&#8243; img_size=&#8221;full&#8221; alignment=&#8221;center&#8221; onclick=&#8221;custom_link&#8221; link=&#8221;https:\/\/packlabhu.com\/hu\/ista\/&#8221;][\/vc_column][vc_column width=&#8221;1\/3&#8243;][vc_single_image image=&#8221;869&#8243; img_size=&#8221;full&#8221; alignment=&#8221;center&#8221; onclick=&#8221;custom_link&#8221; link=&#8221;https:\/\/packlabhu.com\/hu\/amazon\/&#8221;][\/vc_column][\/vc_row][vc_row][vc_column width=&#8221;1\/3&#8243;][vc_column_text]\n<h4 style=\"text-align: center;\"><a href=\"https:\/\/packlabhu.com\/hu\/veszelyes-aru-csomagolas\/\"><strong>Vesz\u00e9lyes \u00e1ru csomagol\u00e1s<\/strong><\/a><\/h4>\n<p style=\"text-align: center;\">A csomagol\u00e1st a vesz\u00e9lyes \u00e1rukra vonatkoz\u00f3 el\u0151\u00edr\u00e1soknak megfelel\u0151en vizsg\u00e1ljuk. Szab\u00e1lyoz\u00e1sok: ADR, RID, ADN, IATA, IMDG.<\/p>\n[\/vc_column_text][\/vc_column][vc_column width=&#8221;1\/3&#8243;][vc_column_text]\n<h4 style=\"text-align: center;\"><a href=\"https:\/\/packlabhu.com\/hu\/ista\/\"><strong>ISTA<\/strong><\/a><\/h4>\n<p style=\"text-align: center;\">Laborunk ISTA (International Safe Transit Association) tan\u00fas\u00edtv\u00e1nnyal rendelkezik.<\/p>\n[\/vc_column_text][\/vc_column][vc_column width=&#8221;1\/3&#8243;][vc_column_text]\n<h4 style=\"text-align: center;\"><a href=\"https:\/\/packlabhu.com\/hu\/amazon\/\"><strong>Amazon<\/strong><\/a><\/h4>\n<p style=\"text-align: center;\">Az e-kereskedelem gyors n\u00f6veked\u00e9s\u00e9vel vil\u00e1gszerte a csomagol\u00e1s szerepe egyre fontosabb\u00e1 v\u00e1lik. A j\u00f3 csomagol\u00e1snak egyre t\u00f6bb k\u00f6vetelm\u00e9nynek kell megfelelnie, mint a term\u00e9ke v\u00e9delme \u00e9s a k\u00f6lts\u00e9ghat\u00e9konys\u00e1g. Emellett k\u00f6nnyen nyithat\u00f3nak is kell lennie \u00e9s min\u00e9l kevesebb hullad\u00e9kot termelni.<\/p>\n[\/vc_column_text][\/vc_column][\/vc_row][vc_row el_class=&#8221;kepeksor&#8221;][vc_column width=&#8221;1\/3&#8243;][vc_single_image image=&#8221;866&#8243; img_size=&#8221;full&#8221; alignment=&#8221;center&#8221; onclick=&#8221;custom_link&#8221; link=&#8221;https:\/\/packlabhu.com\/hu\/mechanikai\/&#8221;][\/vc_column][vc_column width=&#8221;1\/3&#8243;][vc_single_image image=&#8221;881&#8243; img_size=&#8221;full&#8221; alignment=&#8221;center&#8221; onclick=&#8221;custom_link&#8221; link=&#8221;https:\/\/packlabhu.com\/hu\/kornyezetallosagi\/&#8221;][\/vc_column][vc_column width=&#8221;1\/3&#8243;][vc_single_image image=&#8221;888&#8243; img_size=&#8221;full&#8221; alignment=&#8221;center&#8221; onclick=&#8221;custom_link&#8221; link=&#8221;https:\/\/packlabhu.com\/hu\/anyagvizsgalat\/&#8221;][\/vc_column][\/vc_row][vc_row][vc_column width=&#8221;1\/3&#8243;][vc_column_text]\n<h4 style=\"text-align: center;\"><a href=\"https:\/\/packlabhu.com\/hu\/mechanikai\/\"><strong>Mechanikai vizsg\u00e1lat<\/strong><\/a><\/h4>\n<p style=\"text-align: center;\"> A sz\u00e1ll\u00edt\u00e1si k\u00f6rnyezet csomagol\u00e1si rendszerre \u00e9s term\u00e9kre gyakorolt hat\u00e1sainak modellez\u00e9s\u00e9re alkalmas vizsg\u00e1latok ellen\u0151rz\u00f6tt \u00e9s ism\u00e9telhet\u0151 be\u00e1ll\u00edt\u00e1sokkal t\u00f6rt\u00e9nnek.<\/p>\n[\/vc_column_text][\/vc_column][vc_column width=&#8221;1\/3&#8243;][vc_column_text]\n<h4 style=\"text-align: center;\"><a href=\"https:\/\/packlabhu.com\/hu\/kornyezetallosagi\/\"><strong>K\u00f6rnyezet\u00e1ll\u00f3s\u00e1gi vizsg\u00e1lat<\/strong><\/a><\/h4>\n<p style=\"text-align: center;\">A k\u00f6rnyezet\u00e1ll\u00f3s\u00e1gi vizsg\u00e1latok sor\u00e1n a csomagol\u00e1st, kont\u00e9nert vagy csomagol\u00f3elemet meghat\u00e1rozott h\u0151m\u00e9rs\u00e9klet \u00e9s p\u00e1ratartalom mellett vizsg\u00e1lj\u00e1k.<\/p>\n[\/vc_column_text][\/vc_column][vc_column width=&#8221;1\/3&#8243;][vc_column_text]\n<h4 style=\"text-align: center;\"><a href=\"https:\/\/packlabhu.com\/hu\/anyagvizsgalat\/\"><strong>Anyagvizsg\u00e1lat<\/strong><\/a><\/h4>\n<p style=\"text-align: center;\">Csomagol\u00f3anyagok min\u0151s\u00e9gellen\u0151rz\u0151 vizsg\u00e1latai.<\/p>\n[\/vc_column_text][\/vc_column][\/vc_row]\n","protected":false},"excerpt":{"rendered":"<p>[vc_row][vc_column][vc_column_text] CSOMAGOL\u00c1SVIZSG\u00c1LAT [\/vc_column_text][\/vc_column][\/vc_row][vc_row el_class=&#8221;kepeksor&#8221;][vc_column width=&#8221;1\/3&#8243;][vc_single_image image=&#8221;862&#8243; img_size=&#8221;full&#8221; alignment=&#8221;center&#8221; onclick=&#8221;custom_link&#8221; link=&#8221;https:\/\/packlabhu.com\/hu\/veszelyes-aru-csomagolas\/&#8221;][\/vc_column][vc_column width=&#8221;1\/3&#8243;][vc_single_image image=&#8221;900&#8243; img_size=&#8221;full&#8221; alignment=&#8221;center&#8221; onclick=&#8221;custom_link&#8221; link=&#8221;https:\/\/packlabhu.com\/hu\/ista\/&#8221;][\/vc_column][vc_column width=&#8221;1\/3&#8243;][vc_single_image image=&#8221;869&#8243; img_size=&#8221;full&#8221; alignment=&#8221;center&#8221; onclick=&#8221;custom_link&#8221; link=&#8221;https:\/\/packlabhu.com\/hu\/amazon\/&#8221;][\/vc_column][\/vc_row][vc_row][vc_column width=&#8221;1\/3&#8243;][vc_column_text] Vesz\u00e9lyes \u00e1ru csomagol\u00e1s A csomagol\u00e1st a vesz\u00e9lyes \u00e1rukra vonatkoz\u00f3 el\u0151\u00edr\u00e1soknak megfelel\u0151en vizsg\u00e1ljuk. Szab\u00e1lyoz\u00e1sok: ADR, RID, ADN, IATA, IMDG. [\/vc_column_text][\/vc_column][vc_column width=&#8221;1\/3&#8243;][vc_column_text] ISTA Laborunk ISTA (International Safe Transit Association) tan\u00fas\u00edtv\u00e1nnyal rendelkezik. [\/vc_column_text][\/vc_column][vc_column width=&#8221;1\/3&#8243;][vc_column_text] Amazon Az e-kereskedelem gyors n\u00f6veked\u00e9s\u00e9vel vil\u00e1gszerte a csomagol\u00e1s szerepe egyre fontosabb\u00e1 v\u00e1lik. A j\u00f3 csomagol\u00e1snak egyre t\u00f6bb k\u00f6vetelm\u00e9nynek kell megfelelnie, mint a term\u00e9ke v\u00e9delme \u00e9s a k\u00f6lts\u00e9ghat\u00e9konys\u00e1g. Emellett k\u00f6nnyen nyithat\u00f3nak is kell lennie \u00e9s min\u00e9l kevesebb hullad\u00e9kot termelni. [\/vc_column_text][\/vc_column][\/vc_row][vc_row el_class=&#8221;kepeksor&#8221;][vc_column width=&#8221;1\/3&#8243;][vc_single_image image=&#8221;866&#8243; img_size=&#8221;full&#8221; alignment=&#8221;center&#8221; onclick=&#8221;custom_link&#8221; link=&#8221;https:\/\/packlabhu.com\/hu\/mechanikai\/&#8221;][\/vc_column][vc_column width=&#8221;1\/3&#8243;][vc_single_image image=&#8221;881&#8243; img_size=&#8221;full&#8221; alignment=&#8221;center&#8221; onclick=&#8221;custom_link&#8221; link=&#8221;https:\/\/packlabhu.com\/hu\/kornyezetallosagi\/&#8221;][\/vc_column][vc_column width=&#8221;1\/3&#8243;][vc_single_image image=&#8221;888&#8243; img_size=&#8221;full&#8221; alignment=&#8221;center&#8221; onclick=&#8221;custom_link&#8221; link=&#8221;https:\/\/packlabhu.com\/hu\/anyagvizsgalat\/&#8221;][\/vc_column][\/vc_row][vc_row][vc_column width=&#8221;1\/3&#8243;][vc_column_text] Mechanikai vizsg\u00e1lat A sz\u00e1ll\u00edt\u00e1si k\u00f6rnyezet csomagol\u00e1si rendszerre \u00e9s term\u00e9kre gyakorolt hat\u00e1sainak modellez\u00e9s\u00e9re alkalmas vizsg\u00e1latok ellen\u0151rz\u00f6tt \u00e9s ism\u00e9telhet\u0151 be\u00e1ll\u00edt\u00e1sokkal t\u00f6rt\u00e9nnek. [\/vc_column_text][\/vc_column][vc_column width=&#8221;1\/3&#8243;][vc_column_text] K\u00f6rnyezet\u00e1ll\u00f3s\u00e1gi vizsg\u00e1lat A k\u00f6rnyezet\u00e1ll\u00f3s\u00e1gi vizsg\u00e1latok sor\u00e1n a csomagol\u00e1st, kont\u00e9nert vagy csomagol\u00f3elemet meghat\u00e1rozott h\u0151m\u00e9rs\u00e9klet \u00e9s p\u00e1ratartalom mellett vizsg\u00e1lj\u00e1k. [\/vc_column_text][\/vc_column][vc_column width=&#8221;1\/3&#8243;][vc_column_text] Anyagvizsg\u00e1lat Csomagol\u00f3anyagok min\u0151s\u00e9gellen\u0151rz\u0151 vizsg\u00e1latai. [\/vc_column_text][\/vc_column][\/vc_row]<\/p>\n","protected":false},"author":3,"featured_media":0,"parent":0,"menu_order":0,"comment_status":"closed","ping_status":"closed","template":"","meta":{"footnotes":""},"class_list":["post-1053","page","type-page","status-publish","hentry"],"_links":{"self":[{"href":"https:\/\/packlabhu.com\/hu\/wp-json\/wp\/v2\/pages\/1053","targetHints":{"allow":["GET"]}}],"collection":[{"href":"https:\/\/packlabhu.com\/hu\/wp-json\/wp\/v2\/pages"}],"about":[{"href":"https:\/\/packlabhu.com\/hu\/wp-json\/wp\/v2\/types\/page"}],"author":[{"embeddable":true,"href":"https:\/\/packlabhu.com\/hu\/wp-json\/wp\/v2\/users\/3"}],"replies":[{"embeddable":true,"href":"https:\/\/packlabhu.com\/hu\/wp-json\/wp\/v2\/comments?post=1053"}],"version-history":[{"count":1,"href":"https:\/\/packlabhu.com\/hu\/wp-json\/wp\/v2\/pages\/1053\/revisions"}],"predecessor-version":[{"id":1054,"href":"https:\/\/packlabhu.com\/hu\/wp-json\/wp\/v2\/pages\/1053\/revisions\/1054"}],"wp:attachment":[{"href":"https:\/\/packlabhu.com\/hu\/wp-json\/wp\/v2\/media?parent=1053"}],"curies":[{"name":"wp","href":"https:\/\/api.w.org\/{rel}","templated":true}]}}