{"id":1351,"date":"2025-07-24T15:14:00","date_gmt":"2025-07-24T13:14:00","guid":{"rendered":"https:\/\/packlabhu.com\/?page_id=1351"},"modified":"2025-07-24T15:14:00","modified_gmt":"2025-07-24T13:14:00","slug":"ista","status":"publish","type":"page","link":"https:\/\/packlabhu.com\/hu\/ista\/","title":{"rendered":"ISTA"},"content":{"rendered":"[vc_row][vc_column][vc_column_text]\n<h1>ISTA<\/h1>\n[\/vc_column_text][vc_column_text]Laborunk ISTA (International Safe Transit Association) tan\u00fas\u00edtv\u00e1nnyal rendelkezik.<\/p>\n<p>Az ISTA vizsg\u00e1lati elj\u00e1r\u00e1sok a disztrib\u00faci\u00f3s k\u00f6rnyezet szimul\u00e1l\u00e1s\u00e1ra szolg\u00e1lnak. Az ig\u00e9nybev\u00e9telek alapvet\u0151en n\u00e9gy csoportba sorolhat\u00f3k: sokk, r\u00e1z\u00e1s, halmazol\u00e1s \u00e9s klimatikus ig\u00e9nybev\u00e9telek (az \u00e1ruk egym\u00e1sra rak\u00e1sa, \u00e1rukezel\u00e9s, sz\u00e1ll\u00edt\u00e1s, k\u00f6rnyezeti hat\u00e1sok).<\/p>\n<p>Tov\u00e1bbi inform\u00e1ci\u00f3 a tesztel\u00e9si ir\u00e1nyelvekr\u0151l: <a href=\"https:\/\/ista.org\/testing_guidelines.php\">https:\/\/ista.org\/testing_guidelines.php<\/a><\/p>\n<h2><strong>Laborat\u00f3riumunkban az al\u00e1bbi ISTA teszteket v\u00e9gezz\u00fck:<\/strong><\/h2>\n<table>\n<tbody>\n<tr>\n<td rowspan=\"2\">Disztrib\u00faci\u00f3 jellege<\/td>\n<td colspan=\"2\">Csomagol\u00e1s t\u00edpusa<\/td>\n<\/tr>\n<tr>\n<td>Egy\u00e9ni<\/td>\n<td>Egys\u00e9grakom\u00e1ny<\/td>\n<\/tr>\n<tr>\n<td>Csomagk\u00fcld\u0151 szolg\u00e1lat<\/td>\n<td><b>3A<\/b><b>6 \u2013 FedEx &#8211; A<\/b><\/td>\n<td><\/td>\n<\/tr>\n<tr>\n<td>R\u00e9szrakom\u00e1ny (LTL)<\/td>\n<td><b>3B<\/b><\/td>\n<td><b>3B<\/b><\/td>\n<\/tr>\n<tr>\n<td>Gy\u00e1rt\u00e1s -&gt; Disztrib\u00faci\u00f3 (DC)<\/td>\n<td><\/td>\n<td><b>3E<\/b><\/td>\n<\/tr>\n<tr>\n<td>e-kereskedelem<\/td>\n<td><b>6 \u2013 Amazon<\/b><b>Over Boxing &amp; SIOC<\/b><\/td>\n<td><\/td>\n<\/tr>\n<tr>\n<td>Csomagol\u00e1stervez\u00e9si f\u00e1zis<\/td>\n<td><b>1A<\/b><\/td>\n<td><\/td>\n<\/tr>\n<tr>\n<td>R\u00e9szleges szimul\u00e1ci\u00f3<\/td>\n<td><b>2A<\/b><b>2B<\/b><\/td>\n<td><\/td>\n<\/tr>\n<\/tbody>\n<\/table>\n[\/vc_column_text][vc_column_text]<style> #grid-gallery-17-14584 .grid-gallery-caption[data-grid-gallery-type=\"show-on-hover\"]:hover figcaption, #grid-gallery-17-14584 .grid-gallery-caption[data-grid-gallery-type=\"show-on-hover\"].hovered figcaption, #grid-gallery-17-14584 .grid-gallery-caption[data-grid-gallery-type=\"show-on-hover\"]:active figcaption { background-color:rgba(111,0,0,0.5) !important; } <\/style> <div id=\"grid-gallery-17-14584\" data-gg-id=\"17\" data-title=\"ISTA\" data-grid-type=\"0\" data-offset=\"5\" data-area-position=\"center\" data-icons=\"false\" data-preloader=\"true\" data-width=\"215\" data-height=\"215\" data-padding=\"0\" data-quicksand=\"disabled\" data-quicksand-duration=\"none\" data-popup-theme=\"theme_6\" data-popup-type=\"pretty-photo\" data-popup-image-text=\"data-description\" data-popup-widthsize=\"auto\" data-popup-heightsize=\"auto\" data-popup-i18n-words=\"{&quot;close&quot;:&quot;close&quot;,&quot;next&quot;:&quot;next&quot;,&quot;previous&quot;:&quot;previous&quot;,&quot;start_slideshow&quot;:&quot;start slideshow&quot;,&quot;stop_slideshow&quot;:&quot;stop slideshow&quot;,&quot;image&quot;:&quot;image&quot;,&quot;of&quot;:&quot;of&quot;,&quot;prev&quot;:&quot;prev&quot;,&quot;cExpand&quot;:&quot;Expand&quot;,&quot;cPrevious&quot;:&quot;Previous&quot;,&quot;cNext&quot;:&quot;Next&quot;,&quot;cExpandStr&quot;:&quot;Expand the image&quot;,&quot;cRotate&quot;:&quot;Rotate&quot;,&quot;cDetails&quot;:&quot;Details&quot;}\" data-popup-slideshow=\"false\" data-popup-slideshow-speed=\"2500\" data-popup-hoverstop=\"true\" data-popup-slideshow-auto=\"false\" data-popup-background=\"\" data-popup-transparency=\"30\" data-popup-disable-history=\"\" data-popup-disable-changed-url=\"\" data-popup-border-type=\"solid\" data-popup-border-color=\"\" data-popup-border-width=\"\" data-popup-border-enable=\"\" data-fullscreen=\"false\" data-hide-tooltip=\"false\" data-caption-font-family=\"Default\" data-caption-text-size=\"140\" data-is-mobile=\"0\" data-caption-mobile=\"false\" data-hide-long-tltp-title=\"0\" data-caption-disabled-on-mobile=\"false\" data-lazyload-enable='1' data-lazyload-effect=\"show\" data-lazyload-effect-duration=\"400\" data-popup-placement-type=\"0\" data-social-sharing=\"{&quot;enabled&quot;:&quot;&quot;,&quot;gallerySharing&quot;:{&quot;enabled&quot;:null,&quot;position&quot;:null},&quot;imageSharing&quot;:{&quot;enabled&quot;:null,&quot;wrapperClass&quot;:&quot; vertical &quot;},&quot;popupSharing&quot;:{&quot;enabled&quot;:null,&quot;wrapperClass&quot;:&quot; vertical &quot;}}\" class=\"grid-gallery grid-gallery-fixed \" style=\" width:100%; height:auto; margin-left:auto; margin-right:auto;position:relative;\" data-popup-video=\"null\" data-popup-disable-source-image-for-linked-img=\"0\" data-popup-enable-download-photos-button=\"0\" data-thumbnail-size=\"150x150\"> <div class=\"gallery-loading\"> <div class=\"la-\" style=\"color:#0073AA\"> <div><\/div> <div><\/div> <\/div> <\/div> <div class=\"gallery-sharing-top\" style=\"display:none;\"> <\/div> <div id=\"photos-17\" class=\"grid-gallery-photos\"><a data-attachment-id=\"866\" id=\"gg-17-169\" class=\"gg-link \" data-attachment-id=\"866\" href=\"https:\/\/packlabhu.com\/wp-content\/uploads\/2021\/07\/packaging-laboratory-sze-hungary-60.jpg?gid=17\" target=\"_self\" title=\"packaging-laboratory-sze-hungary-60\" data-rel=\"prettyPhoto[pp_gal]\" style=\"border-radius:00;\" ><FIGURE data-tags=\"\" data-id=\"169\" class=\"grid-gallery-caption\" data-grid-gallery-type=\"quarter-slide-up\" data-index=\"0\" style=\"display:none;border-radius:00;; margin:5px; width:2150;\" ><div class=\"crop\" style=\" width:2150; height:2150; overflow:hidden;\"><img decoding=\"async\" data-gg-real-image-href=\"https:\/\/packlabhu.com\/wp-content\/uploads\/2021\/07\/packaging-laboratory-sze-hungary-60-215x215.jpg\" src=\"https:\/\/packlabhu.com\/wp-content\/plugins\/gallery-by-supsystic\/src\/GridGallery\/Galleries\/assets\/img\/loading.gif\" class=\"ggImg ggLazyImg\" alt=\"packaging-laboratory-sze-hungary-60\" title=\"packaging-laboratory-sze-hungary-60\" data-description=\"packaging-laboratory-sze-hungary-60\" data-caption=\"packaging-laboratory-sze-hungary-60\" data-title=\"packaging-laboratory-sze-hungary-60\" style=\" width:215px; height:215px;\" \/><\/div><FIGCAPTION class=\"\" data-alpha=\"5\" style=\"color:#ffffff; background-color:#6f0000; font-size:140; text-align:left; font-family:Default;\" ><div class=\"grid-gallery-figcaption-wrap\" style=\" vertical-align:top;\"><\/div><\/FIGCAPTION><\/FIGURE><\/a><a data-attachment-id=\"867\" id=\"gg-17-170\" class=\"gg-link \" data-attachment-id=\"867\" href=\"https:\/\/packlabhu.com\/wp-content\/uploads\/2021\/07\/packaging-laboratory-sze-hungary-62.jpg?gid=17\" target=\"_self\" title=\"packaging-laboratory-sze-hungary-62\" data-rel=\"prettyPhoto[pp_gal]\" style=\"border-radius:00;\" ><FIGURE data-tags=\"\" data-id=\"170\" class=\"grid-gallery-caption\" data-grid-gallery-type=\"quarter-slide-up\" data-index=\"1\" style=\"display:none;border-radius:00;; margin:5px; width:2150;\" ><div class=\"crop\" style=\" width:2150; height:2150; overflow:hidden;\"><img decoding=\"async\" data-gg-real-image-href=\"https:\/\/packlabhu.com\/wp-content\/uploads\/2021\/07\/packaging-laboratory-sze-hungary-62-215x215.jpg\" src=\"https:\/\/packlabhu.com\/wp-content\/plugins\/gallery-by-supsystic\/src\/GridGallery\/Galleries\/assets\/img\/loading.gif\" class=\"ggImg ggLazyImg\" alt=\"packaging-laboratory-sze-hungary-62\" title=\"packaging-laboratory-sze-hungary-62\" data-description=\"packaging-laboratory-sze-hungary-62\" data-caption=\"packaging-laboratory-sze-hungary-62\" data-title=\"packaging-laboratory-sze-hungary-62\" style=\" width:215px; height:215px;\" \/><\/div><FIGCAPTION class=\"\" data-alpha=\"5\" style=\"color:#ffffff; background-color:#6f0000; font-size:140; text-align:left; font-family:Default;\" ><div class=\"grid-gallery-figcaption-wrap\" style=\" vertical-align:top;\"><\/div><\/FIGCAPTION><\/FIGURE><\/a><a data-attachment-id=\"868\" id=\"gg-17-171\" class=\"gg-link \" data-attachment-id=\"868\" href=\"https:\/\/packlabhu.com\/wp-content\/uploads\/2021\/07\/packaging-laboratory-sze-hungary-57.jpg?gid=17\" target=\"_self\" title=\"packaging-laboratory-sze-hungary-57\" data-rel=\"prettyPhoto[pp_gal]\" style=\"border-radius:00;\" ><FIGURE data-tags=\"\" data-id=\"171\" class=\"grid-gallery-caption\" data-grid-gallery-type=\"quarter-slide-up\" data-index=\"2\" style=\"display:none;border-radius:00;; margin:5px; width:2150;\" ><div class=\"crop\" style=\" width:2150; height:2150; overflow:hidden;\"><img decoding=\"async\" data-gg-real-image-href=\"https:\/\/packlabhu.com\/wp-content\/uploads\/2021\/07\/packaging-laboratory-sze-hungary-57-215x215.jpg\" src=\"https:\/\/packlabhu.com\/wp-content\/plugins\/gallery-by-supsystic\/src\/GridGallery\/Galleries\/assets\/img\/loading.gif\" class=\"ggImg ggLazyImg\" alt=\"packaging-laboratory-sze-hungary-57\" title=\"packaging-laboratory-sze-hungary-57\" data-description=\"packaging-laboratory-sze-hungary-57\" data-caption=\"packaging-laboratory-sze-hungary-57\" data-title=\"packaging-laboratory-sze-hungary-57\" style=\" width:215px; height:215px;\" \/><\/div><FIGCAPTION class=\"\" data-alpha=\"5\" style=\"color:#ffffff; background-color:#6f0000; font-size:140; text-align:left; font-family:Default;\" ><div class=\"grid-gallery-figcaption-wrap\" style=\" vertical-align:top;\"><\/div><\/FIGCAPTION><\/FIGURE><\/a><a data-attachment-id=\"869\" id=\"gg-17-172\" class=\"gg-link \" data-attachment-id=\"869\" href=\"https:\/\/packlabhu.com\/wp-content\/uploads\/2021\/07\/packaging-laboratory-sze-hungary-37.jpg?gid=17\" target=\"_self\" title=\"packaging-laboratory-sze-hungary-37\" data-rel=\"prettyPhoto[pp_gal]\" style=\"border-radius:00;\" ><FIGURE data-tags=\"\" data-id=\"172\" class=\"grid-gallery-caption\" data-grid-gallery-type=\"quarter-slide-up\" data-index=\"3\" style=\"display:none;border-radius:00;; margin:5px; width:2150;\" ><div class=\"crop\" style=\" width:2150; height:2150; overflow:hidden;\"><img decoding=\"async\" data-gg-real-image-href=\"https:\/\/packlabhu.com\/wp-content\/uploads\/2021\/07\/packaging-laboratory-sze-hungary-37-215x215.jpg\" src=\"https:\/\/packlabhu.com\/wp-content\/plugins\/gallery-by-supsystic\/src\/GridGallery\/Galleries\/assets\/img\/loading.gif\" class=\"ggImg ggLazyImg\" alt=\"packaging-laboratory-sze-hungary-37\" title=\"packaging-laboratory-sze-hungary-37\" data-description=\"packaging-laboratory-sze-hungary-37\" data-caption=\"packaging-laboratory-sze-hungary-37\" data-title=\"packaging-laboratory-sze-hungary-37\" style=\" width:215px; height:215px;\" \/><\/div><FIGCAPTION class=\"\" data-alpha=\"5\" style=\"color:#ffffff; background-color:#6f0000; font-size:140; text-align:left; font-family:Default;\" ><div class=\"grid-gallery-figcaption-wrap\" style=\" vertical-align:top;\"><\/div><\/FIGCAPTION><\/FIGURE><\/a> <div class=\"grid-gallery-clearfix\"><\/div> <\/div> <div class=\"gallery-sharing-bottom\" style=\"display:none;\"> <\/div> <div class=\"gallery-sharing-image\" style=\"display:none;\"> <\/div> <div class=\"gallery-sharing-popup\" style=\"display:none;\"> <\/div> <div class=\"grid-gallery-clearfix\"><\/div> <\/div> <!-- Gallery by Supsystic plugin1.15.31 \/2.9.16 --> <style> <\/style><a title=\"\" style=\"display:none;\" href=\"https:\/\/supsystic.com\/plugins\/photo-gallery\/?utm_medium=love_link\" target=\"_blank\"><\/a>\n<div id=\"gtx-trans\" style=\"position: absolute; left: -22px; top: -9px;\">\n<div class=\"gtx-trans-icon\"><\/div>\n<\/div>\n[\/vc_column_text][\/vc_column][\/vc_row]\n","protected":false},"excerpt":{"rendered":"<p>[vc_row][vc_column][vc_column_text] ISTA [\/vc_column_text][vc_column_text]Laborunk ISTA (International Safe Transit Association) tan\u00fas\u00edtv\u00e1nnyal rendelkezik. Az ISTA vizsg\u00e1lati elj\u00e1r\u00e1sok a disztrib\u00faci\u00f3s k\u00f6rnyezet szimul\u00e1l\u00e1s\u00e1ra szolg\u00e1lnak. Az ig\u00e9nybev\u00e9telek alapvet\u0151en n\u00e9gy csoportba sorolhat\u00f3k: sokk, r\u00e1z\u00e1s, halmazol\u00e1s \u00e9s klimatikus ig\u00e9nybev\u00e9telek (az \u00e1ruk egym\u00e1sra rak\u00e1sa, \u00e1rukezel\u00e9s, sz\u00e1ll\u00edt\u00e1s, k\u00f6rnyezeti hat\u00e1sok). Tov\u00e1bbi inform\u00e1ci\u00f3 a tesztel\u00e9si ir\u00e1nyelvekr\u0151l: https:\/\/ista.org\/testing_guidelines.php Laborat\u00f3riumunkban az al\u00e1bbi ISTA teszteket v\u00e9gezz\u00fck: Disztrib\u00faci\u00f3 jellege Csomagol\u00e1s t\u00edpusa Egy\u00e9ni Egys\u00e9grakom\u00e1ny Csomagk\u00fcld\u0151 szolg\u00e1lat 3A6 \u2013 FedEx &#8211; A R\u00e9szrakom\u00e1ny (LTL) 3B 3B Gy\u00e1rt\u00e1s -&gt; Disztrib\u00faci\u00f3 (DC) 3E e-kereskedelem 6 \u2013 AmazonOver Boxing &amp; SIOC Csomagol\u00e1stervez\u00e9si f\u00e1zis 1A R\u00e9szleges szimul\u00e1ci\u00f3 2A2B [\/vc_column_text][vc_column_text] [\/vc_column_text][\/vc_column][\/vc_row]<\/p>\n","protected":false},"author":1,"featured_media":0,"parent":0,"menu_order":0,"comment_status":"closed","ping_status":"closed","template":"","meta":{"footnotes":""},"class_list":["post-1351","page","type-page","status-publish","hentry"],"_links":{"self":[{"href":"https:\/\/packlabhu.com\/hu\/wp-json\/wp\/v2\/pages\/1351","targetHints":{"allow":["GET"]}}],"collection":[{"href":"https:\/\/packlabhu.com\/hu\/wp-json\/wp\/v2\/pages"}],"about":[{"href":"https:\/\/packlabhu.com\/hu\/wp-json\/wp\/v2\/types\/page"}],"author":[{"embeddable":true,"href":"https:\/\/packlabhu.com\/hu\/wp-json\/wp\/v2\/users\/1"}],"replies":[{"embeddable":true,"href":"https:\/\/packlabhu.com\/hu\/wp-json\/wp\/v2\/comments?post=1351"}],"version-history":[{"count":1,"href":"https:\/\/packlabhu.com\/hu\/wp-json\/wp\/v2\/pages\/1351\/revisions"}],"predecessor-version":[{"id":1390,"href":"https:\/\/packlabhu.com\/hu\/wp-json\/wp\/v2\/pages\/1351\/revisions\/1390"}],"wp:attachment":[{"href":"https:\/\/packlabhu.com\/hu\/wp-json\/wp\/v2\/media?parent=1351"}],"curies":[{"name":"wp","href":"https:\/\/api.w.org\/{rel}","templated":true}]}}