{"id":57,"date":"2017-10-18T21:34:51","date_gmt":"2017-10-18T21:34:51","guid":{"rendered":"http:\/\/packlabhu.com?page_id=57"},"modified":"2018-04-16T12:56:17","modified_gmt":"2018-04-16T12:56:17","slug":"vizsgalatok","status":"publish","type":"page","link":"https:\/\/packlabhu.com\/hu\/vizsgalatok\/","title":{"rendered":"Vizsg\u00e1latok"},"content":{"rendered":"[vc_row][vc_column][vc_column_text]\n<h1>Vizsg\u00e1latok<\/h1>\n[\/vc_column_text][\/vc_column][\/vc_row][vc_row][vc_column][vc_column_text]A csomagol\u00e1s c\u00e9lja a term\u00e9k v\u00e9delme a kezel\u00e9s, eloszt\u00e1s, sz\u00e1ll\u00edt\u00e1s \u00e9s rakt\u00e1roz\u00e1s sor\u00e1n. A csomagol\u00e1svizsg\u00e1lat a hat\u00e1sok \u00e9s k\u00f6lcs\u00f6nhat\u00e1sok m\u00e9r\u00e9s\u00e9t v\u00e9gzi a csomagol\u00e1s k\u00fcl\u00f6nb\u00f6z\u0151 szintjein (csomagol\u00f3anyagok, csomagol\u00f3elemek, fogyaszt\u00f3i csomagol\u00e1s, kont\u00e9nerek \u00e9s egys\u00e9grakom\u00e1nyok), a csomag tartalma, k\u00fcls\u0151 er\u0151hat\u00e1sok \u00e9s a v\u00e9gfelhaszn\u00e1l\u00e1s kapcs\u00e1n.<\/p>\n<p>Laborat\u00f3riumunk vizsg\u00e1lati ter\u00fcletei:<\/p>\n<ul>\n<li>Vesz\u00e9lyes \u00e1ruk csomagol\u00e1s\u00e1nak t\u00edpusvizsg\u00e1latai<\/li>\n<li>Sz\u00e1ll\u00edt\u00e1si csomagol\u00e1sok (egys\u00e9grakom\u00e1ny) vizsg\u00e1lata<\/li>\n<li>Csomagol\u00f3anyagok \u00e9s -eszk\u00f6z\u00f6k min\u0151s\u00e9gellen\u0151rz\u0151 vizsg\u00e1latai<\/li>\n<li>Aut\u00f3ipari vizsg\u00e1latok<\/li>\n<\/ul>\n[\/vc_column_text][\/vc_column][\/vc_row]\n","protected":false},"excerpt":{"rendered":"<p>[vc_row][vc_column][vc_column_text] Vizsg\u00e1latok [\/vc_column_text][\/vc_column][\/vc_row][vc_row][vc_column][vc_column_text]A csomagol\u00e1s c\u00e9lja a term\u00e9k v\u00e9delme a kezel\u00e9s, eloszt\u00e1s, sz\u00e1ll\u00edt\u00e1s \u00e9s rakt\u00e1roz\u00e1s sor\u00e1n. A csomagol\u00e1svizsg\u00e1lat a hat\u00e1sok \u00e9s k\u00f6lcs\u00f6nhat\u00e1sok m\u00e9r\u00e9s\u00e9t v\u00e9gzi a csomagol\u00e1s k\u00fcl\u00f6nb\u00f6z\u0151 szintjein (csomagol\u00f3anyagok, csomagol\u00f3elemek, fogyaszt\u00f3i csomagol\u00e1s, kont\u00e9nerek \u00e9s egys\u00e9grakom\u00e1nyok), a csomag tartalma, k\u00fcls\u0151 er\u0151hat\u00e1sok \u00e9s a v\u00e9gfelhaszn\u00e1l\u00e1s kapcs\u00e1n. Laborat\u00f3riumunk vizsg\u00e1lati ter\u00fcletei: Vesz\u00e9lyes \u00e1ruk csomagol\u00e1s\u00e1nak t\u00edpusvizsg\u00e1latai Sz\u00e1ll\u00edt\u00e1si csomagol\u00e1sok (egys\u00e9grakom\u00e1ny) vizsg\u00e1lata Csomagol\u00f3anyagok \u00e9s -eszk\u00f6z\u00f6k min\u0151s\u00e9gellen\u0151rz\u0151 vizsg\u00e1latai Aut\u00f3ipari vizsg\u00e1latok [\/vc_column_text][\/vc_column][\/vc_row]<\/p>\n","protected":false},"author":1,"featured_media":0,"parent":0,"menu_order":0,"comment_status":"closed","ping_status":"closed","template":"","meta":{"footnotes":""},"class_list":["post-57","page","type-page","status-publish","hentry"],"_links":{"self":[{"href":"https:\/\/packlabhu.com\/hu\/wp-json\/wp\/v2\/pages\/57","targetHints":{"allow":["GET"]}}],"collection":[{"href":"https:\/\/packlabhu.com\/hu\/wp-json\/wp\/v2\/pages"}],"about":[{"href":"https:\/\/packlabhu.com\/hu\/wp-json\/wp\/v2\/types\/page"}],"author":[{"embeddable":true,"href":"https:\/\/packlabhu.com\/hu\/wp-json\/wp\/v2\/users\/1"}],"replies":[{"embeddable":true,"href":"https:\/\/packlabhu.com\/hu\/wp-json\/wp\/v2\/comments?post=57"}],"version-history":[{"count":4,"href":"https:\/\/packlabhu.com\/hu\/wp-json\/wp\/v2\/pages\/57\/revisions"}],"predecessor-version":[{"id":638,"href":"https:\/\/packlabhu.com\/hu\/wp-json\/wp\/v2\/pages\/57\/revisions\/638"}],"wp:attachment":[{"href":"https:\/\/packlabhu.com\/hu\/wp-json\/wp\/v2\/media?parent=57"}],"curies":[{"name":"wp","href":"https:\/\/api.w.org\/{rel}","templated":true}]}}