{"id":71,"date":"2017-10-18T21:40:33","date_gmt":"2017-10-18T21:40:33","guid":{"rendered":"http:\/\/packlabhu.com?page_id=71"},"modified":"2018-04-16T12:08:14","modified_gmt":"2018-04-16T12:08:14","slug":"tudomany","status":"publish","type":"page","link":"https:\/\/packlabhu.com\/hu\/tudomany\/","title":{"rendered":"Tudom\u00e1ny"},"content":{"rendered":"[vc_row][vc_column][vc_column_text]\n<h1>Tudom\u00e1ny<\/h1>\n[\/vc_column_text][\/vc_column][\/vc_row][vc_row][vc_column][vc_column_text]Minden tagunk a <a href=\"http:\/\/uni.sze.hu\/kezdolap\">Sz\u00e9chenyi Istv\u00e1n Egyetem<\/a> Logisztikai \u00e9s Sz\u00e1ll\u00edtm\u00e1nyoz\u00e1si Tansz\u00e9k\u00e9n oktat \u00e9s publik\u00e1l.<\/p>\n<p>F\u0151 kutat\u00e1si ter\u00fcleteink:<\/p>\n<ul>\n<li>\n<div>K\u00f6rnyezet\u00e1ll\u00f3s\u00e1gi r\u00e1z\u00f3vizsg\u00e1latok id\u0151t\u00f6m\u00f6r\u00edt\u00e9si m\u00f3dszertan\u00e1nak elvi megk\u00f6zel\u00edt\u00e9si lehet\u0151s\u00e9gei<\/div>\n<\/li>\n<li>\n<div>Harmonikus \u00e9s \u00fct\u00e9s jelleg\u0171 r\u00e1zk\u00f3d\u00e1sok oszt\u00e1lyoz\u00e1si felt\u00e9telei<\/div>\n<\/li>\n<li>\n<div>Sz\u00e1ll\u00edt\u00e1si fizikai ig\u00e9nybev\u00e9telek hat\u00e1s\u00e1nak vizsg\u00e1lata az \u00e9lelmiszerek beltartalm\u00e1nak mikrobiol\u00f3giai v\u00e1ltoz\u00e1sai<\/div>\n<\/li>\n<li>\n<div>Alappap\u00edrok termoanal\u00edzisenek kidolgoz\u00e1sa<\/div>\n<\/li>\n<li>\n<div>Halmazolt rakom\u00e1nyok dinamik\u00e1ja \u00e9s laborat\u00f3riumi szimul\u00e1ci\u00f3j\u00e1nak lehet\u0151s\u00e9gei<\/div>\n<\/li>\n<\/ul>\n[\/vc_column_text][\/vc_column][\/vc_row]\n","protected":false},"excerpt":{"rendered":"<p>[vc_row][vc_column][vc_column_text] Tudom\u00e1ny [\/vc_column_text][\/vc_column][\/vc_row][vc_row][vc_column][vc_column_text]Minden tagunk a Sz\u00e9chenyi Istv\u00e1n Egyetem Logisztikai \u00e9s Sz\u00e1ll\u00edtm\u00e1nyoz\u00e1si Tansz\u00e9k\u00e9n oktat \u00e9s publik\u00e1l. F\u0151 kutat\u00e1si ter\u00fcleteink: K\u00f6rnyezet\u00e1ll\u00f3s\u00e1gi r\u00e1z\u00f3vizsg\u00e1latok id\u0151t\u00f6m\u00f6r\u00edt\u00e9si m\u00f3dszertan\u00e1nak elvi megk\u00f6zel\u00edt\u00e9si lehet\u0151s\u00e9gei Harmonikus \u00e9s \u00fct\u00e9s jelleg\u0171 r\u00e1zk\u00f3d\u00e1sok oszt\u00e1lyoz\u00e1si felt\u00e9telei Sz\u00e1ll\u00edt\u00e1si fizikai ig\u00e9nybev\u00e9telek hat\u00e1s\u00e1nak vizsg\u00e1lata az \u00e9lelmiszerek beltartalm\u00e1nak mikrobiol\u00f3giai v\u00e1ltoz\u00e1sai Alappap\u00edrok termoanal\u00edzisenek kidolgoz\u00e1sa Halmazolt rakom\u00e1nyok dinamik\u00e1ja \u00e9s laborat\u00f3riumi szimul\u00e1ci\u00f3j\u00e1nak lehet\u0151s\u00e9gei [\/vc_column_text][\/vc_column][\/vc_row]<\/p>\n","protected":false},"author":1,"featured_media":0,"parent":0,"menu_order":0,"comment_status":"closed","ping_status":"closed","template":"","meta":{"footnotes":""},"class_list":["post-71","page","type-page","status-publish","hentry"],"_links":{"self":[{"href":"https:\/\/packlabhu.com\/hu\/wp-json\/wp\/v2\/pages\/71","targetHints":{"allow":["GET"]}}],"collection":[{"href":"https:\/\/packlabhu.com\/hu\/wp-json\/wp\/v2\/pages"}],"about":[{"href":"https:\/\/packlabhu.com\/hu\/wp-json\/wp\/v2\/types\/page"}],"author":[{"embeddable":true,"href":"https:\/\/packlabhu.com\/hu\/wp-json\/wp\/v2\/users\/1"}],"replies":[{"embeddable":true,"href":"https:\/\/packlabhu.com\/hu\/wp-json\/wp\/v2\/comments?post=71"}],"version-history":[{"count":7,"href":"https:\/\/packlabhu.com\/hu\/wp-json\/wp\/v2\/pages\/71\/revisions"}],"predecessor-version":[{"id":635,"href":"https:\/\/packlabhu.com\/hu\/wp-json\/wp\/v2\/pages\/71\/revisions\/635"}],"wp:attachment":[{"href":"https:\/\/packlabhu.com\/hu\/wp-json\/wp\/v2\/media?parent=71"}],"curies":[{"name":"wp","href":"https:\/\/api.w.org\/{rel}","templated":true}]}}