{"id":953,"date":"2021-07-12T11:18:14","date_gmt":"2021-07-12T09:18:14","guid":{"rendered":"https:\/\/packlabhu.com\/?page_id=953"},"modified":"2021-07-12T20:21:36","modified_gmt":"2021-07-12T18:21:36","slug":"kornyezetallosagi-vizsgalat","status":"publish","type":"page","link":"https:\/\/packlabhu.com\/hu\/kornyezetallosagi-vizsgalat\/","title":{"rendered":"K\u00d6RNYEZET\u00c1LL\u00d3S\u00c1GI VIZSG\u00c1LAT"},"content":{"rendered":"[vc_row][vc_column][vc_column_text]\n<h1 style=\"text-align: center;\">K\u00d6RNYEZET\u00c1LL\u00d3S\u00c1GI VIZSG\u00c1LAT<\/h1>\n[\/vc_column_text][\/vc_column][\/vc_row][vc_row el_class=&#8221;kepeksor&#8221;][vc_column width=&#8221;1\/4&#8243;][vc_single_image image=&#8221;900&#8243; img_size=&#8221;full&#8221; alignment=&#8221;center&#8221; onclick=&#8221;custom_link&#8221; link=&#8221;https:\/\/packlabhu.com\/hu\/razovizsgalat-es-mechanikai-sokk-teszt\/&#8221;][\/vc_column][vc_column width=&#8221;1\/4&#8243;][vc_single_image image=&#8221;908&#8243; img_size=&#8221;full&#8221; alignment=&#8221;center&#8221; onclick=&#8221;custom_link&#8221; link=&#8221;https:\/\/packlabhu.com\/hu\/homerseklet-es-paratartalom-teszt\/&#8221;][\/vc_column][vc_column width=&#8221;1\/4&#8243;][vc_single_image image=&#8221;914&#8243; img_size=&#8221;full&#8221; alignment=&#8221;center&#8221; onclick=&#8221;custom_link&#8221; link=&#8221;https:\/\/packlabhu.com\/hu\/idojaras-es-korrozio-allosagi-vizsgalat\/&#8221;][\/vc_column][vc_column width=&#8221;1\/4&#8243;][vc_single_image image=&#8221;921&#8243; img_size=&#8221;full&#8221; alignment=&#8221;center&#8221; onclick=&#8221;custom_link&#8221; link=&#8221;https:\/\/packlabhu.com\/hu\/environmental-anyagvizsgalat\/&#8221;][\/vc_column][\/vc_row][vc_row][vc_column width=&#8221;1\/4&#8243;][vc_column_text]\n<h4 style=\"text-align: center;\"><a href=\"https:\/\/packlabhu.com\/hu\/razovizsgalat-es-mechanikai-sokk-teszt\/\"><strong>R\u00e1z\u00f3vizsg\u00e1lat \u00e9s mechanikai sokk teszt<\/strong><\/a><\/h4>\n<p style=\"text-align: center;\">A r\u00e1z\u00f3vizsg\u00e1lat \u00e9s mechanikai sokk teszt a jobb min\u0151s\u00e9g\u0171 term\u00e9kek fejleszt\u00e9s\u00e9t t\u00e1mogatja, amelyek ellen\u00e1llnak a v\u00e9gfelhaszn\u00e1l\u00e1s sor\u00e1n v\u00e1rhat\u00f3 hat\u00e1soknak (r\u00e1z\u00e1s \u00e9s sokk).<\/p>\n[\/vc_column_text][\/vc_column][vc_column width=&#8221;1\/4&#8243;][vc_column_text]\n<h4 style=\"text-align: center;\"><a href=\"https:\/\/packlabhu.com\/hu\/homerseklet-es-paratartalom-teszt\/\"><strong>H\u0151m\u00e9rs\u00e9klet \u00e9s p\u00e1ratartalom teszt<\/strong><\/a><\/h4>\n<p style=\"text-align: center;\">A h\u0151m\u00e9rs\u00e9klet- \u00e9s p\u00e1ratartalom-teszt a v\u00e9gs\u0151 felhaszn\u00e1l\u00e1s sor\u00e1n v\u00e1rhat\u00f3 klimatikus k\u00f6rnyezet szimul\u00e1ci\u00f3j\u00e1val seg\u00edt cs\u00f6kkenteni a term\u00e9k meghib\u00e1sod\u00e1s\u00e1nak kock\u00e1zat\u00e1t a term\u00e9k \u00e9letciklusa sor\u00e1n.<\/p>\n[\/vc_column_text][\/vc_column][vc_column width=&#8221;1\/4&#8243;][vc_column_text]\n<h4 style=\"text-align: center;\"><a href=\"https:\/\/packlabhu.com\/hu\/idojaras-es-korrozio-allosagi-vizsgalat\/\"><strong>Id\u0151j\u00e1r\u00e1s \u00e9s korr\u00f3zi\u00f3 \u00e1ll\u00f3s\u00e1gi vizsg\u00e1lat<\/strong><\/a><\/h4>\n<p style=\"text-align: center;\">A gyors\u00edtott id\u0151j\u00e1r\u00e1si tesztek az anyagok tart\u00f3ss\u00e1g\u00e1nak j\u00f6v\u0151beli lehet\u0151s\u00e9geit m\u00e9rik bizonyos k\u00f6rnyezeti felt\u00e9telek mellett.<\/p>\n[\/vc_column_text][\/vc_column][vc_column width=&#8221;1\/4&#8243;][vc_column_text]\n<h4 style=\"text-align: center;\"><a href=\"https:\/\/packlabhu.com\/hu\/environmental-anyagvizsgalat\/\"><strong>Anyagvizsg\u00e1lat<\/strong><\/a><\/h4>\n<p style=\"text-align: center;\">Az anyagvizsg\u00e1latok sor\u00e1n a vizsg\u00e1lt anyag egy specifikus tulajdons\u00e1g\u00e1t m\u00e9rj\u00fck. Gyakran az anyagvizsg\u00e1latokat valamilyen k\u00f6rnyezet szimul\u00e1ci\u00f3s vizsg\u00e1lat ut\u00e1ni ki\u00e9rt\u00e9kel\u00e9sre haszn\u00e1ljuk.<\/p>\n[\/vc_column_text][\/vc_column][\/vc_row]\n","protected":false},"excerpt":{"rendered":"<p>[vc_row][vc_column][vc_column_text] K\u00d6RNYEZET\u00c1LL\u00d3S\u00c1GI VIZSG\u00c1LAT [\/vc_column_text][\/vc_column][\/vc_row][vc_row el_class=&#8221;kepeksor&#8221;][vc_column width=&#8221;1\/4&#8243;][vc_single_image image=&#8221;900&#8243; img_size=&#8221;full&#8221; alignment=&#8221;center&#8221; onclick=&#8221;custom_link&#8221; link=&#8221;https:\/\/packlabhu.com\/hu\/razovizsgalat-es-mechanikai-sokk-teszt\/&#8221;][\/vc_column][vc_column width=&#8221;1\/4&#8243;][vc_single_image image=&#8221;908&#8243; img_size=&#8221;full&#8221; alignment=&#8221;center&#8221; onclick=&#8221;custom_link&#8221; link=&#8221;https:\/\/packlabhu.com\/hu\/homerseklet-es-paratartalom-teszt\/&#8221;][\/vc_column][vc_column width=&#8221;1\/4&#8243;][vc_single_image image=&#8221;914&#8243; img_size=&#8221;full&#8221; alignment=&#8221;center&#8221; onclick=&#8221;custom_link&#8221; link=&#8221;https:\/\/packlabhu.com\/hu\/idojaras-es-korrozio-allosagi-vizsgalat\/&#8221;][\/vc_column][vc_column width=&#8221;1\/4&#8243;][vc_single_image image=&#8221;921&#8243; img_size=&#8221;full&#8221; alignment=&#8221;center&#8221; onclick=&#8221;custom_link&#8221; link=&#8221;https:\/\/packlabhu.com\/hu\/environmental-anyagvizsgalat\/&#8221;][\/vc_column][\/vc_row][vc_row][vc_column width=&#8221;1\/4&#8243;][vc_column_text] R\u00e1z\u00f3vizsg\u00e1lat \u00e9s mechanikai sokk teszt A r\u00e1z\u00f3vizsg\u00e1lat \u00e9s mechanikai sokk teszt a jobb min\u0151s\u00e9g\u0171 term\u00e9kek fejleszt\u00e9s\u00e9t t\u00e1mogatja, amelyek ellen\u00e1llnak a v\u00e9gfelhaszn\u00e1l\u00e1s sor\u00e1n v\u00e1rhat\u00f3 hat\u00e1soknak (r\u00e1z\u00e1s \u00e9s sokk). [\/vc_column_text][\/vc_column][vc_column width=&#8221;1\/4&#8243;][vc_column_text] H\u0151m\u00e9rs\u00e9klet \u00e9s p\u00e1ratartalom teszt A h\u0151m\u00e9rs\u00e9klet- \u00e9s p\u00e1ratartalom-teszt a v\u00e9gs\u0151 felhaszn\u00e1l\u00e1s sor\u00e1n v\u00e1rhat\u00f3 klimatikus k\u00f6rnyezet szimul\u00e1ci\u00f3j\u00e1val seg\u00edt cs\u00f6kkenteni a term\u00e9k meghib\u00e1sod\u00e1s\u00e1nak kock\u00e1zat\u00e1t a term\u00e9k \u00e9letciklusa sor\u00e1n. [\/vc_column_text][\/vc_column][vc_column width=&#8221;1\/4&#8243;][vc_column_text] Id\u0151j\u00e1r\u00e1s \u00e9s korr\u00f3zi\u00f3 \u00e1ll\u00f3s\u00e1gi vizsg\u00e1lat A gyors\u00edtott id\u0151j\u00e1r\u00e1si tesztek az anyagok tart\u00f3ss\u00e1g\u00e1nak j\u00f6v\u0151beli lehet\u0151s\u00e9geit m\u00e9rik bizonyos k\u00f6rnyezeti felt\u00e9telek mellett. [\/vc_column_text][\/vc_column][vc_column width=&#8221;1\/4&#8243;][vc_column_text] Anyagvizsg\u00e1lat Az anyagvizsg\u00e1latok sor\u00e1n a vizsg\u00e1lt anyag egy specifikus tulajdons\u00e1g\u00e1t m\u00e9rj\u00fck. Gyakran az anyagvizsg\u00e1latokat valamilyen k\u00f6rnyezet szimul\u00e1ci\u00f3s vizsg\u00e1lat ut\u00e1ni ki\u00e9rt\u00e9kel\u00e9sre haszn\u00e1ljuk. [\/vc_column_text][\/vc_column][\/vc_row]<\/p>\n","protected":false},"author":3,"featured_media":0,"parent":0,"menu_order":0,"comment_status":"closed","ping_status":"closed","template":"","meta":{"footnotes":""},"class_list":["post-953","page","type-page","status-publish","hentry"],"_links":{"self":[{"href":"https:\/\/packlabhu.com\/hu\/wp-json\/wp\/v2\/pages\/953","targetHints":{"allow":["GET"]}}],"collection":[{"href":"https:\/\/packlabhu.com\/hu\/wp-json\/wp\/v2\/pages"}],"about":[{"href":"https:\/\/packlabhu.com\/hu\/wp-json\/wp\/v2\/types\/page"}],"author":[{"embeddable":true,"href":"https:\/\/packlabhu.com\/hu\/wp-json\/wp\/v2\/users\/3"}],"replies":[{"embeddable":true,"href":"https:\/\/packlabhu.com\/hu\/wp-json\/wp\/v2\/comments?post=953"}],"version-history":[{"count":5,"href":"https:\/\/packlabhu.com\/hu\/wp-json\/wp\/v2\/pages\/953\/revisions"}],"predecessor-version":[{"id":1010,"href":"https:\/\/packlabhu.com\/hu\/wp-json\/wp\/v2\/pages\/953\/revisions\/1010"}],"wp:attachment":[{"href":"https:\/\/packlabhu.com\/hu\/wp-json\/wp\/v2\/media?parent=953"}],"curies":[{"name":"wp","href":"https:\/\/api.w.org\/{rel}","templated":true}]}}