{"id":988,"date":"2021-07-12T18:15:32","date_gmt":"2021-07-12T16:15:32","guid":{"rendered":"https:\/\/packlabhu.com\/?page_id=988"},"modified":"2021-08-30T11:06:34","modified_gmt":"2021-08-30T09:06:34","slug":"razovizsgalat-es-mechanikai-sokk-teszt","status":"publish","type":"page","link":"https:\/\/packlabhu.com\/hu\/razovizsgalat-es-mechanikai-sokk-teszt\/","title":{"rendered":"R\u00e1z\u00f3vizsg\u00e1lat \u00e9s mechanikai sokk teszt"},"content":{"rendered":"[vc_row][vc_column][vc_column_text]\n<h1><b>R\u00e1z\u00f3vizsg\u00e1lat \u00e9s mechanikai sokk teszt<\/b><\/h1>\n[\/vc_column_text][vc_column_text]A r\u00e1z\u00f3vizsg\u00e1lat \u00e9s mechanikai sokk teszt a jobb min\u0151s\u00e9g\u0171 term\u00e9kek fejleszt\u00e9s\u00e9t t\u00e1mogatja, amelyek ellen\u00e1llnak a v\u00e9gfelhaszn\u00e1l\u00e1s sor\u00e1n v\u00e1rhat\u00f3 hat\u00e1soknak (r\u00e1z\u00e1s \u00e9s sokk). Sz\u00e1mos ipar\u00e1g (p\u00e9ld\u00e1ul az aut\u00f3ipar \u00e9s az elektronikai ipar) megk\u00f6veteli a term\u00e9k vibr\u00e1ci\u00f3s- \u00e9s mechanikai sokk vizsg\u00e1lat\u00e1t a term\u00e9kfejleszt\u00e9s sor\u00e1n.<\/p>\n<p>A laborat\u00f3rium hidraulikus r\u00e1z\u00f3asztallal, valamint kl\u00edmakamr\u00e1val kombin\u00e1lhat\u00f3 elektrodinamikus shakerrel is rendelkezik, amely lehet\u0151s\u00e9get ny\u00fajt a k\u00fcl\u00f6nb\u00f6z\u0151 ipar\u00e1gak term\u00e9keinek sz\u00e9lesk\u00f6r\u0171 r\u00e1z\u00f3vizsg\u00e1lat\u00e1ra.<\/p>\n<h2><strong>Tesztjeink:<\/strong><\/h2>\n<ul>\n<li aria-level=\"1\">Random r\u00e1z\u00f3 vizsg\u00e1lat (szab\u00e1lyozott h\u0151m\u00e9rs\u00e9kleten is, kl\u00edmakamr\u00e1val kombin\u00e1ltan)<\/li>\n<li aria-level=\"1\">Szinuszos r\u00e1z\u00f3 vizsg\u00e1lat (szab\u00e1lyozott h\u0151m\u00e9rs\u00e9kleten is, kl\u00edmakamr\u00e1val kombin\u00e1ltan)<\/li>\n<li aria-level=\"1\">SoR r\u00e1z\u00f3vizsg\u00e1lat<\/li>\n<li aria-level=\"1\">Rezonancia keres\u00e9s<\/li>\n<li aria-level=\"1\">Mechanikai sokk teszt<\/li>\n<\/ul>\n<p><i>Alkalmazott szabv\u00e1nyok:<\/i><\/p>\n<ul>\n<li aria-level=\"1\">MSZ EN 60068-2-6 (IEC 60068-2-6) Environmental testing. Part 2-6: Tests. Test Fc: Vibration (sinusoidal)<\/li>\n<li aria-level=\"1\">MSZ EN 60068-2-64 (IEC 60068-2-64) Environmental testing. Part 2-64: Tests. Test Fh: Vibration, broadband random and guidance<\/li>\n<li aria-level=\"1\">MSZ EN 60068-2-27 (IEC 60068-2-27) Environmental testing. Part 2-27: Tests. Test Ea and guidance: Shock<\/li>\n<li aria-level=\"1\">ISO 16750-3 EN Road vehicles &#8211; Environmental conditions and testing Part 3 Mechanical Loads<\/li>\n<li aria-level=\"1\">VW 80000 &#8211; Vibration and mechanical shock tests<\/li>\n<li aria-level=\"1\">Various industrial standards<\/li>\n<\/ul>\n<p>El\u0151fordulhat, hogy n\u00e9h\u00e1ny felsorolt szabv\u00e1ny nem szerepel a laborat\u00f3riumi akkredit\u00e1ci\u00f3ban, a r\u00e9szletes lista itt tal\u00e1lhat\u00f3: <a href=\"https:\/\/nah.gov.hu\/uploads\/attachment\/file\/9034\/RO_3_-1-1454-2018-F2-HKI-241535794_al%C3%A1%C3%ADrt.pdf\">https:\/\/nah.gov.hu\/uploads\/attachment\/file\/9034\/RO_3_-1-1454-2018-F2-HKI-241535794_al%C3%A1%C3%ADrt.pdf<\/a>[\/vc_column_text][vc_column_text]<style> #grid-gallery-14-89439 .grid-gallery-caption[data-grid-gallery-type=\"show-on-hover\"]:hover figcaption, #grid-gallery-14-89439 .grid-gallery-caption[data-grid-gallery-type=\"show-on-hover\"].hovered figcaption, #grid-gallery-14-89439 .grid-gallery-caption[data-grid-gallery-type=\"show-on-hover\"]:active figcaption { background-color:rgba(111,0,0,0.5) !important; } <\/style> <div id=\"grid-gallery-14-89439\" data-gg-id=\"14\" data-title=\"Vibration testing and Mechanical Shock testing\" data-grid-type=\"0\" data-offset=\"5\" data-area-position=\"center\" data-icons=\"false\" data-preloader=\"true\" data-width=\"215\" data-height=\"215\" data-padding=\"0\" data-quicksand=\"disabled\" data-quicksand-duration=\"none\" data-popup-theme=\"theme_6\" data-popup-type=\"pretty-photo\" data-popup-image-text=\"data-description\" data-popup-widthsize=\"auto\" data-popup-heightsize=\"auto\" data-popup-i18n-words=\"{&quot;close&quot;:&quot;close&quot;,&quot;next&quot;:&quot;next&quot;,&quot;previous&quot;:&quot;previous&quot;,&quot;start_slideshow&quot;:&quot;start slideshow&quot;,&quot;stop_slideshow&quot;:&quot;stop slideshow&quot;,&quot;image&quot;:&quot;image&quot;,&quot;of&quot;:&quot;of&quot;,&quot;prev&quot;:&quot;prev&quot;,&quot;cExpand&quot;:&quot;Expand&quot;,&quot;cPrevious&quot;:&quot;Previous&quot;,&quot;cNext&quot;:&quot;Next&quot;,&quot;cExpandStr&quot;:&quot;Expand the image&quot;,&quot;cRotate&quot;:&quot;Rotate&quot;,&quot;cDetails&quot;:&quot;Details&quot;}\" data-popup-slideshow=\"false\" data-popup-slideshow-speed=\"2500\" data-popup-hoverstop=\"true\" data-popup-slideshow-auto=\"false\" data-popup-background=\"\" data-popup-transparency=\"30\" data-popup-disable-history=\"\" data-popup-disable-changed-url=\"\" data-popup-border-type=\"solid\" data-popup-border-color=\"\" data-popup-border-width=\"\" data-popup-border-enable=\"\" data-fullscreen=\"false\" data-hide-tooltip=\"false\" data-caption-font-family=\"Default\" data-caption-text-size=\"140\" data-is-mobile=\"0\" data-caption-mobile=\"false\" data-hide-long-tltp-title=\"0\" data-caption-disabled-on-mobile=\"false\" data-lazyload-enable='1' data-lazyload-effect=\"show\" data-lazyload-effect-duration=\"400\" data-popup-placement-type=\"0\" data-social-sharing=\"{&quot;enabled&quot;:&quot;&quot;,&quot;gallerySharing&quot;:{&quot;enabled&quot;:null,&quot;position&quot;:null},&quot;imageSharing&quot;:{&quot;enabled&quot;:null,&quot;wrapperClass&quot;:&quot; vertical &quot;},&quot;popupSharing&quot;:{&quot;enabled&quot;:null,&quot;wrapperClass&quot;:&quot; vertical &quot;}}\" class=\"grid-gallery grid-gallery-fixed \" style=\" width:100%; height:auto; margin-left:auto; margin-right:auto;position:relative;\" data-popup-video=\"null\" data-popup-disable-source-image-for-linked-img=\"0\" data-popup-enable-download-photos-button=\"0\" data-thumbnail-size=\"150x150\"> <div class=\"gallery-loading\"> <div class=\"la-\" style=\"color:#0073AA\"> <div><\/div> <div><\/div> <\/div> <\/div> <div class=\"gallery-sharing-top\" style=\"display:none;\"> <\/div> <div id=\"photos-14\" class=\"grid-gallery-photos\"><a data-attachment-id=\"899\" id=\"gg-14-159\" class=\"gg-link \" data-attachment-id=\"899\" href=\"https:\/\/packlabhu.com\/wp-content\/uploads\/2021\/07\/sze_labor-65.jpg?gid=14\" target=\"_self\" title=\"sze_labor-65\" data-rel=\"prettyPhoto[pp_gal]\" style=\"border-radius:00;\" ><FIGURE data-tags=\"\" data-id=\"159\" class=\"grid-gallery-caption\" data-grid-gallery-type=\"quarter-slide-up\" data-index=\"0\" style=\"display:none;border-radius:00;; margin:5px; width:2150;\" ><div class=\"crop\" style=\" width:2150; height:2150; overflow:hidden;\"><img decoding=\"async\" data-gg-real-image-href=\"https:\/\/packlabhu.com\/wp-content\/uploads\/2021\/07\/sze_labor-65-215x215.jpg\" src=\"https:\/\/packlabhu.com\/wp-content\/plugins\/gallery-by-supsystic\/src\/GridGallery\/Galleries\/assets\/img\/loading.gif\" class=\"ggImg ggLazyImg\" alt=\"sze_labor-65\" title=\"sze_labor-65\" data-description=\"sze_labor-65\" data-caption=\"sze_labor-65\" data-title=\"sze_labor-65\" style=\" width:215px; height:215px;\" \/><\/div><FIGCAPTION class=\"\" data-alpha=\"5\" style=\"color:#ffffff; background-color:#6f0000; font-size:140; text-align:left; font-family:Default;\" ><div class=\"grid-gallery-figcaption-wrap\" style=\" vertical-align:top;\"><\/div><\/FIGCAPTION><\/FIGURE><\/a><a data-attachment-id=\"900\" id=\"gg-14-160\" class=\"gg-link \" data-attachment-id=\"900\" href=\"https:\/\/packlabhu.com\/wp-content\/uploads\/2021\/07\/sze_labor-63.jpg?gid=14\" target=\"_self\" title=\"sze_labor-63\" data-rel=\"prettyPhoto[pp_gal]\" style=\"border-radius:00;\" ><FIGURE data-tags=\"\" data-id=\"160\" class=\"grid-gallery-caption\" data-grid-gallery-type=\"quarter-slide-up\" data-index=\"1\" style=\"display:none;border-radius:00;; margin:5px; width:2150;\" ><div class=\"crop\" style=\" width:2150; height:2150; overflow:hidden;\"><img decoding=\"async\" data-gg-real-image-href=\"https:\/\/packlabhu.com\/wp-content\/uploads\/2021\/07\/sze_labor-63-215x215.jpg\" src=\"https:\/\/packlabhu.com\/wp-content\/plugins\/gallery-by-supsystic\/src\/GridGallery\/Galleries\/assets\/img\/loading.gif\" class=\"ggImg ggLazyImg\" alt=\"sze_labor-63\" title=\"sze_labor-63\" data-description=\"sze_labor-63\" data-caption=\"sze_labor-63\" data-title=\"sze_labor-63\" style=\" width:215px; height:215px;\" \/><\/div><FIGCAPTION class=\"\" data-alpha=\"5\" style=\"color:#ffffff; background-color:#6f0000; font-size:140; text-align:left; font-family:Default;\" ><div class=\"grid-gallery-figcaption-wrap\" style=\" vertical-align:top;\"><\/div><\/FIGCAPTION><\/FIGURE><\/a><a data-attachment-id=\"901\" id=\"gg-14-161\" class=\"gg-link \" data-attachment-id=\"901\" href=\"https:\/\/packlabhu.com\/wp-content\/uploads\/2021\/07\/sze_labor-31.jpg?gid=14\" target=\"_self\" title=\"sze_labor-31\" data-rel=\"prettyPhoto[pp_gal]\" style=\"border-radius:00;\" ><FIGURE data-tags=\"\" data-id=\"161\" class=\"grid-gallery-caption\" data-grid-gallery-type=\"quarter-slide-up\" data-index=\"2\" style=\"display:none;border-radius:00;; margin:5px; width:2150;\" ><div class=\"crop\" style=\" width:2150; height:2150; overflow:hidden;\"><img decoding=\"async\" data-gg-real-image-href=\"https:\/\/packlabhu.com\/wp-content\/uploads\/2021\/07\/sze_labor-31-215x215.jpg\" src=\"https:\/\/packlabhu.com\/wp-content\/plugins\/gallery-by-supsystic\/src\/GridGallery\/Galleries\/assets\/img\/loading.gif\" class=\"ggImg ggLazyImg\" alt=\"sze_labor-31\" title=\"sze_labor-31\" data-description=\"sze_labor-31\" data-caption=\"sze_labor-31\" data-title=\"sze_labor-31\" style=\" width:215px; height:215px;\" \/><\/div><FIGCAPTION class=\"\" data-alpha=\"5\" style=\"color:#ffffff; background-color:#6f0000; font-size:140; text-align:left; font-family:Default;\" ><div class=\"grid-gallery-figcaption-wrap\" style=\" vertical-align:top;\"><\/div><\/FIGCAPTION><\/FIGURE><\/a><a data-attachment-id=\"902\" id=\"gg-14-162\" class=\"gg-link \" data-attachment-id=\"902\" href=\"https:\/\/packlabhu.com\/wp-content\/uploads\/2021\/07\/sze_labor-27.jpg?gid=14\" target=\"_self\" title=\"sze_labor-27\" data-rel=\"prettyPhoto[pp_gal]\" style=\"border-radius:00;\" ><FIGURE data-tags=\"\" data-id=\"162\" class=\"grid-gallery-caption\" data-grid-gallery-type=\"quarter-slide-up\" data-index=\"3\" style=\"display:none;border-radius:00;; margin:5px; width:2150;\" ><div class=\"crop\" style=\" width:2150; height:2150; overflow:hidden;\"><img decoding=\"async\" data-gg-real-image-href=\"https:\/\/packlabhu.com\/wp-content\/uploads\/2021\/07\/sze_labor-27-215x215.jpg\" src=\"https:\/\/packlabhu.com\/wp-content\/plugins\/gallery-by-supsystic\/src\/GridGallery\/Galleries\/assets\/img\/loading.gif\" class=\"ggImg ggLazyImg\" alt=\"sze_labor-27\" title=\"sze_labor-27\" data-description=\"sze_labor-27\" data-caption=\"sze_labor-27\" data-title=\"sze_labor-27\" style=\" width:215px; height:215px;\" \/><\/div><FIGCAPTION class=\"\" data-alpha=\"5\" style=\"color:#ffffff; background-color:#6f0000; font-size:140; text-align:left; font-family:Default;\" ><div class=\"grid-gallery-figcaption-wrap\" style=\" vertical-align:top;\"><\/div><\/FIGCAPTION><\/FIGURE><\/a> <div class=\"grid-gallery-clearfix\"><\/div> <\/div> <div class=\"gallery-sharing-bottom\" style=\"display:none;\"> <\/div> <div class=\"gallery-sharing-image\" style=\"display:none;\"> <\/div> <div class=\"gallery-sharing-popup\" style=\"display:none;\"> <\/div> <div class=\"grid-gallery-clearfix\"><\/div> <\/div> <!-- Gallery by Supsystic plugin1.15.31 \/2.9.16 --> <style> <\/style><a title=\"\" style=\"display:none;\" href=\"https:\/\/supsystic.com\/plugins\/photo-gallery\/?utm_medium=love_link\" target=\"_blank\"><\/a>\n<div id=\"gtx-trans\" style=\"position: absolute; left: -24px; top: -9px;\">\n<div class=\"gtx-trans-icon\"><\/div>\n<\/div>\n[\/vc_column_text][\/vc_column][\/vc_row]\n","protected":false},"excerpt":{"rendered":"<p>[vc_row][vc_column][vc_column_text] R\u00e1z\u00f3vizsg\u00e1lat \u00e9s mechanikai sokk teszt [\/vc_column_text][vc_column_text]A r\u00e1z\u00f3vizsg\u00e1lat \u00e9s mechanikai sokk teszt a jobb min\u0151s\u00e9g\u0171 term\u00e9kek fejleszt\u00e9s\u00e9t t\u00e1mogatja, amelyek ellen\u00e1llnak a v\u00e9gfelhaszn\u00e1l\u00e1s sor\u00e1n v\u00e1rhat\u00f3 hat\u00e1soknak (r\u00e1z\u00e1s \u00e9s sokk). Sz\u00e1mos ipar\u00e1g (p\u00e9ld\u00e1ul az aut\u00f3ipar \u00e9s az elektronikai ipar) megk\u00f6veteli a term\u00e9k vibr\u00e1ci\u00f3s- \u00e9s mechanikai sokk vizsg\u00e1lat\u00e1t a term\u00e9kfejleszt\u00e9s sor\u00e1n. A laborat\u00f3rium hidraulikus r\u00e1z\u00f3asztallal, valamint kl\u00edmakamr\u00e1val kombin\u00e1lhat\u00f3 elektrodinamikus shakerrel is rendelkezik, amely lehet\u0151s\u00e9get ny\u00fajt a k\u00fcl\u00f6nb\u00f6z\u0151 ipar\u00e1gak term\u00e9keinek sz\u00e9lesk\u00f6r\u0171 r\u00e1z\u00f3vizsg\u00e1lat\u00e1ra. Tesztjeink: Random r\u00e1z\u00f3 vizsg\u00e1lat (szab\u00e1lyozott h\u0151m\u00e9rs\u00e9kleten is, kl\u00edmakamr\u00e1val kombin\u00e1ltan) Szinuszos r\u00e1z\u00f3 vizsg\u00e1lat (szab\u00e1lyozott h\u0151m\u00e9rs\u00e9kleten is, kl\u00edmakamr\u00e1val kombin\u00e1ltan) SoR r\u00e1z\u00f3vizsg\u00e1lat Rezonancia keres\u00e9s Mechanikai sokk teszt Alkalmazott szabv\u00e1nyok: MSZ EN 60068-2-6 (IEC 60068-2-6) Environmental testing. Part 2-6: Tests. Test Fc: Vibration (sinusoidal) MSZ EN 60068-2-64 (IEC 60068-2-64) Environmental testing. Part 2-64: Tests. Test Fh: Vibration, broadband random and guidance MSZ EN 60068-2-27 (IEC 60068-2-27) Environmental testing. Part 2-27: Tests. Test Ea and guidance: Shock ISO 16750-3 EN Road vehicles &#8211; Environmental conditions and testing Part 3 Mechanical Loads VW 80000 &#8211; Vibration and mechanical shock tests Various industrial standards El\u0151fordulhat, hogy n\u00e9h\u00e1ny felsorolt szabv\u00e1ny nem szerepel a laborat\u00f3riumi akkredit\u00e1ci\u00f3ban, a r\u00e9szletes lista itt tal\u00e1lhat\u00f3: https:\/\/nah.gov.hu\/uploads\/attachment\/file\/9034\/RO_3_-1-1454-2018-F2-HKI-241535794_al%C3%A1%C3%ADrt.pdf[\/vc_column_text][vc_column_text] [\/vc_column_text][\/vc_column][\/vc_row]<\/p>\n","protected":false},"author":3,"featured_media":0,"parent":0,"menu_order":0,"comment_status":"closed","ping_status":"closed","template":"","meta":{"footnotes":""},"class_list":["post-988","page","type-page","status-publish","hentry"],"_links":{"self":[{"href":"https:\/\/packlabhu.com\/hu\/wp-json\/wp\/v2\/pages\/988","targetHints":{"allow":["GET"]}}],"collection":[{"href":"https:\/\/packlabhu.com\/hu\/wp-json\/wp\/v2\/pages"}],"about":[{"href":"https:\/\/packlabhu.com\/hu\/wp-json\/wp\/v2\/types\/page"}],"author":[{"embeddable":true,"href":"https:\/\/packlabhu.com\/hu\/wp-json\/wp\/v2\/users\/3"}],"replies":[{"embeddable":true,"href":"https:\/\/packlabhu.com\/hu\/wp-json\/wp\/v2\/comments?post=988"}],"version-history":[{"count":5,"href":"https:\/\/packlabhu.com\/hu\/wp-json\/wp\/v2\/pages\/988\/revisions"}],"predecessor-version":[{"id":1065,"href":"https:\/\/packlabhu.com\/hu\/wp-json\/wp\/v2\/pages\/988\/revisions\/1065"}],"wp:attachment":[{"href":"https:\/\/packlabhu.com\/hu\/wp-json\/wp\/v2\/media?parent=988"}],"curies":[{"name":"wp","href":"https:\/\/api.w.org\/{rel}","templated":true}]}}