{"id":1595,"date":"2025-07-25T14:56:26","date_gmt":"2025-07-25T12:56:26","guid":{"rendered":"https:\/\/packlabhu.com\/?page_id=1595"},"modified":"2025-07-25T14:56:26","modified_gmt":"2025-07-25T12:56:26","slug":"contatto","status":"publish","type":"page","link":"https:\/\/packlabhu.com\/it\/contatto\/","title":{"rendered":"Contatto"},"content":{"rendered":"[vc_row][vc_column][vc_column_text]\n<h1>Contatto<\/h1>\n[\/vc_column_text][\/vc_column][\/vc_row][vc_row][vc_column width=&#8221;1\/2&#8243;][vc_column_text]\n<h2>Laboratorio di Prove su Imballaggi e Resistenza Ambientale<\/h2>\n<h3>Indirizzo:<\/h3>\n<h3>Universit\u00e0 Sz\u00e9chenyi Istv\u00e1n,<br \/>\nH \u2013 9026 Gy\u0151r, Egyetem t\u00e9r 1.<\/h3>\n<p>Indirizzo postale:<br \/>\nUniversit\u00e0 Sz\u00e9chenyi Istv\u00e1n, LSZT, H-9007 Gy\u0151r, Casella postale: 701.<\/p>\n<p>GPS: N47\u00b041&#8217;41.8&#8221; &#8211; E17\u00b037&#8217;44.4&#8221;<\/p>\n<p>Telefono: <a>+36 30 19 02 889<\/a> (P\u00e9ter Csavajda, accettazione incarichi)<br \/>\nE-mail: <a href=\"mailto:packlab@sze.hu\">packlab@sze.hu<\/a>, <a href=\"mailto:csavajda.peter@sze.hu\">csavajda.peter@sze.hu<\/a><br \/>\n[\/vc_column_text][\/vc_column][vc_column width=&#8221;1\/2&#8243;][vc_column_text]\n<iframe loading=\"lazy\" style=\"border: 0;\" src=\"https:\/\/www.google.com\/maps\/embed?pb=!1m18!1m12!1m3!1d2685.461344749132!2d17.62643531563359!3d47.69488007919063!2m3!1f0!2f0!3f0!3m2!1i1024!2i768!4f13.1!3m3!1m2!1s0x476bbf9025a4b293%3A0x4b01e16bf5587872!2zQ3NvbWFnb2zDoXN2aXpzZ8OhbMOzIExhYm9yYXTDs3JpdW0!5e0!3m2!1shu!2shu!4v1551044296945\" width=\"400\" height=\"300\" frameborder=\"0\" allowfullscreen=\"allowfullscreen\"><\/iframe><br \/>\n[\/vc_column_text][\/vc_column][\/vc_row]\n<p>La certificazione \u00e8 rilasciata dal laboratorio secondo la regola decisionale binaria del documento ILAC G8:09\/2019 sezione 4.2.1.<\/p>\n","protected":false},"excerpt":{"rendered":"<p>[vc_row][vc_column][vc_column_text] Contatto [\/vc_column_text][\/vc_column][\/vc_row][vc_row][vc_column width=&#8221;1\/2&#8243;][vc_column_text] Laboratorio di Prove su Imballaggi e Resistenza Ambientale Indirizzo: Universit\u00e0 Sz\u00e9chenyi Istv\u00e1n, H \u2013 9026 Gy\u0151r, Egyetem t\u00e9r 1. Indirizzo postale: Universit\u00e0 Sz\u00e9chenyi Istv\u00e1n, LSZT, H-9007 Gy\u0151r, Casella postale: 701. GPS: N47\u00b041&#8217;41.8&#8221; &#8211; E17\u00b037&#8217;44.4&#8221; Telefono: +36 30 19 02 889 (P\u00e9ter Csavajda, accettazione incarichi) E-mail: packlab@sze.hu, csavajda.peter@sze.hu [\/vc_column_text][\/vc_column][vc_column width=&#8221;1\/2&#8243;][vc_column_text] [\/vc_column_text][\/vc_column][\/vc_row] La certificazione \u00e8 rilasciata dal laboratorio secondo la regola decisionale binaria del documento ILAC G8:09\/2019 sezione 4.2.1.<\/p>\n","protected":false},"author":1,"featured_media":0,"parent":0,"menu_order":0,"comment_status":"closed","ping_status":"closed","template":"","meta":{"footnotes":""},"class_list":["post-1595","page","type-page","status-publish","hentry"],"_links":{"self":[{"href":"https:\/\/packlabhu.com\/it\/wp-json\/wp\/v2\/pages\/1595","targetHints":{"allow":["GET"]}}],"collection":[{"href":"https:\/\/packlabhu.com\/it\/wp-json\/wp\/v2\/pages"}],"about":[{"href":"https:\/\/packlabhu.com\/it\/wp-json\/wp\/v2\/types\/page"}],"author":[{"embeddable":true,"href":"https:\/\/packlabhu.com\/it\/wp-json\/wp\/v2\/users\/1"}],"replies":[{"embeddable":true,"href":"https:\/\/packlabhu.com\/it\/wp-json\/wp\/v2\/comments?post=1595"}],"version-history":[{"count":1,"href":"https:\/\/packlabhu.com\/it\/wp-json\/wp\/v2\/pages\/1595\/revisions"}],"predecessor-version":[{"id":1597,"href":"https:\/\/packlabhu.com\/it\/wp-json\/wp\/v2\/pages\/1595\/revisions\/1597"}],"wp:attachment":[{"href":"https:\/\/packlabhu.com\/it\/wp-json\/wp\/v2\/media?parent=1595"}],"curies":[{"name":"wp","href":"https:\/\/api.w.org\/{rel}","templated":true}]}}