{"id":2016,"date":"2025-07-29T21:07:21","date_gmt":"2025-07-29T19:07:21","guid":{"rendered":"https:\/\/packlabhu.com\/?page_id=2016"},"modified":"2025-07-29T21:07:21","modified_gmt":"2025-07-29T19:07:21","slug":"badania","status":"publish","type":"page","link":"https:\/\/packlabhu.com\/pl\/badania\/","title":{"rendered":"Badania"},"content":{"rendered":"[vc_row][vc_column][vc_column_text]\n<h1>Badania<\/h1>\n[\/vc_column_text][\/vc_column][\/vc_row][vc_row][vc_column][vc_column_text]Celem opakowania jest ochrona produktu podczas obs\u0142ugi, dystrybucji, transportu i przechowywania. Badania opakowa\u0144 polegaj\u0105 na pomiarze oddzia\u0142ywa\u0144 i interakcji na r\u00f3\u017cnych poziomach opakowania (materia\u0142y opakowaniowe, elementy opakowa\u0144, opakowania konsumenckie, kontenery i \u0142adunki jednostkowe) w odniesieniu do zawarto\u015bci opakowania, si\u0142 zewn\u0119trznych i u\u017cytkowania ko\u0144cowego.<\/p>\n<p>Obszary testowe naszego laboratorium:<\/p>\n<ul>\n<li>Badania typu opakowa\u0144 dla towar\u00f3w niebezpiecznych<\/li>\n<li>Badanie opakowa\u0144 transportowych (\u0142adunki jednostkowe)<\/li>\n<li>Kontrola jako\u015bci materia\u0142\u00f3w i urz\u0105dze\u0144 opakowaniowych<\/li>\n<li>Testy motoryzacyjne<\/li>\n<\/ul>\n[\/vc_column_text][\/vc_column][\/vc_row]\n","protected":false},"excerpt":{"rendered":"<p>[vc_row][vc_column][vc_column_text] Badania [\/vc_column_text][\/vc_column][\/vc_row][vc_row][vc_column][vc_column_text]Celem opakowania jest ochrona produktu podczas obs\u0142ugi, dystrybucji, transportu i przechowywania. Badania opakowa\u0144 polegaj\u0105 na pomiarze oddzia\u0142ywa\u0144 i interakcji na r\u00f3\u017cnych poziomach opakowania (materia\u0142y opakowaniowe, elementy opakowa\u0144, opakowania konsumenckie, kontenery i \u0142adunki jednostkowe) w odniesieniu do zawarto\u015bci opakowania, si\u0142 zewn\u0119trznych i u\u017cytkowania ko\u0144cowego. Obszary testowe naszego laboratorium: Badania typu opakowa\u0144 dla towar\u00f3w niebezpiecznych Badanie opakowa\u0144 transportowych (\u0142adunki jednostkowe) Kontrola jako\u015bci materia\u0142\u00f3w i urz\u0105dze\u0144 opakowaniowych Testy motoryzacyjne [\/vc_column_text][\/vc_column][\/vc_row]<\/p>\n","protected":false},"author":1,"featured_media":0,"parent":0,"menu_order":0,"comment_status":"closed","ping_status":"closed","template":"","meta":{"footnotes":""},"class_list":["post-2016","page","type-page","status-publish","hentry"],"_links":{"self":[{"href":"https:\/\/packlabhu.com\/pl\/wp-json\/wp\/v2\/pages\/2016","targetHints":{"allow":["GET"]}}],"collection":[{"href":"https:\/\/packlabhu.com\/pl\/wp-json\/wp\/v2\/pages"}],"about":[{"href":"https:\/\/packlabhu.com\/pl\/wp-json\/wp\/v2\/types\/page"}],"author":[{"embeddable":true,"href":"https:\/\/packlabhu.com\/pl\/wp-json\/wp\/v2\/users\/1"}],"replies":[{"embeddable":true,"href":"https:\/\/packlabhu.com\/pl\/wp-json\/wp\/v2\/comments?post=2016"}],"version-history":[{"count":1,"href":"https:\/\/packlabhu.com\/pl\/wp-json\/wp\/v2\/pages\/2016\/revisions"}],"predecessor-version":[{"id":2017,"href":"https:\/\/packlabhu.com\/pl\/wp-json\/wp\/v2\/pages\/2016\/revisions\/2017"}],"wp:attachment":[{"href":"https:\/\/packlabhu.com\/pl\/wp-json\/wp\/v2\/media?parent=2016"}],"curies":[{"name":"wp","href":"https:\/\/api.w.org\/{rel}","templated":true}]}}