{"id":2018,"date":"2025-07-29T21:10:32","date_gmt":"2025-07-29T19:10:32","guid":{"rendered":"https:\/\/packlabhu.com\/?page_id=2018"},"modified":"2025-07-29T21:28:31","modified_gmt":"2025-07-29T19:28:31","slug":"badanie-opakowan","status":"publish","type":"page","link":"https:\/\/packlabhu.com\/pl\/badanie-opakowan\/","title":{"rendered":"BADANIE OPAKOWA\u0143"},"content":{"rendered":"[vc_row][vc_column][vc_column_text]\n<h1 style=\"text-align: center;\">BADANIE OPAKOWA\u0143<\/h1>\n[\/vc_column_text][\/vc_column][\/vc_row][vc_row el_class=&#8221;kepeksor&#8221;][vc_column width=&#8221;1\/3&#8243;][vc_single_image image=&#8221;862&#8243; img_size=&#8221;full&#8221; alignment=&#8221;center&#8221; onclick=&#8221;custom_link&#8221; link=&#8221;https:\/\/packlabhu.com\/hu\/veszelyes-aru-csomagolas\/&#8221;][\/vc_column][vc_column width=&#8221;1\/3&#8243;][vc_single_image image=&#8221;900&#8243; img_size=&#8221;full&#8221; alignment=&#8221;center&#8221; onclick=&#8221;custom_link&#8221; link=&#8221;https:\/\/packlabhu.com\/hu\/ista\/&#8221;][\/vc_column][vc_column width=&#8221;1\/3&#8243;][vc_single_image image=&#8221;869&#8243; img_size=&#8221;full&#8221; alignment=&#8221;center&#8221; onclick=&#8221;custom_link&#8221; link=&#8221;https:\/\/packlabhu.com\/hu\/amazon\/&#8221;][\/vc_column][\/vc_row][vc_row][vc_column width=&#8221;1\/3&#8243;][vc_column_text]\n<h4 style=\"text-align: center;\"><a href=\"https:\/\/packlabhu.com\/pl\/opakowania-materialow-niebezpiecznych\"><strong>Opakowania materia\u0142\u00f3w niebezpiecznych<\/strong><\/a><\/h4>\n<p style=\"text-align: center;\">Opakowania s\u0105 testowane zgodnie z przepisami dotycz\u0105cymi materia\u0142\u00f3w niebezpiecznych. Normy: ADR, RID, ADN, IATA, IMDG.<\/p>\n[\/vc_column_text][\/vc_column][vc_column width=&#8221;1\/3&#8243;][vc_column_text]\n<h4 style=\"text-align: center;\"><a href=\"https:\/\/packlabhu.com\/pl\/ista\"><strong>ISTA<\/strong><\/a><\/h4>\n<p style=\"text-align: center;\">Nasze laboratorium posiada certyfikat ISTA.<\/p>\n[\/vc_column_text][\/vc_column][vc_column width=&#8221;1\/3&#8243;][vc_column_text]\n<h4 style=\"text-align: center;\"><a href=\"https:\/\/packlabhu.com\/pl\/amazon\/\"><strong>Amazon<\/strong><\/a><\/h4>\n<p style=\"text-align: center;\">Wraz z szybkim rozwojem e-commerce opakowania staj\u0105 si\u0119 coraz wa\u017cniejsze \u2013 musz\u0105 chroni\u0107 produkt, by\u0107 ekonomiczne, \u0142atwe do otwarcia i generowa\u0107 jak najmniej odpad\u00f3w.<\/p>\n[\/vc_column_text][\/vc_column][\/vc_row][vc_row el_class=&#8221;kepeksor&#8221;][vc_column width=&#8221;1\/3&#8243;][vc_single_image image=&#8221;866&#8243; img_size=&#8221;full&#8221; alignment=&#8221;center&#8221; onclick=&#8221;custom_link&#8221; link=&#8221;https:\/\/packlabhu.com\/hu\/mechanikai\/&#8221;][\/vc_column][vc_column width=&#8221;1\/3&#8243;][vc_single_image image=&#8221;881&#8243; img_size=&#8221;full&#8221; alignment=&#8221;center&#8221; onclick=&#8221;custom_link&#8221; link=&#8221;https:\/\/packlabhu.com\/hu\/kornyezetallosagi\/&#8221;][\/vc_column][vc_column width=&#8221;1\/3&#8243;][vc_single_image image=&#8221;888&#8243; img_size=&#8221;full&#8221; alignment=&#8221;center&#8221; onclick=&#8221;custom_link&#8221; link=&#8221;https:\/\/packlabhu.com\/hu\/anyagvizsgalat\/&#8221;][\/vc_column][\/vc_row][vc_row][vc_column width=&#8221;1\/3&#8243;][vc_column_text]\n<h4 style=\"text-align: center;\"><a href=\"https:\/\/packlabhu.com\/pl\/testy-mechaniczne\"><strong>Testy mechaniczne<\/strong><\/a><\/h4>\n<p style=\"text-align: center;\">Testy mechaniczne symuluj\u0105 \u015brodowisko transportowe w kontrolowanych warunkach.<\/p>\n[\/vc_column_text][\/vc_column][vc_column width=&#8221;1\/3&#8243;][vc_column_text]\n<h4 style=\"text-align: center;\"><a href=\"https:\/\/packlabhu.com\/pl\/badania-odpornosci-srodowiskowej\"><strong>Badania odporno\u015bci \u015brodowiskowej<\/strong><\/a><\/h4>\n<p style=\"text-align: center;\">Opakowania s\u0105 testowane w okre\u015blonych temperaturach i wilgotno\u015bci.<\/p>\n[\/vc_column_text][\/vc_column][vc_column width=&#8221;1\/3&#8243;][vc_column_text]\n<h4 style=\"text-align: center;\"><a href=\"https:\/\/packlabhu.com\/pl\/badania-materialowe\"><strong>Badania materia\u0142owe<\/strong><\/a><\/h4>\n<p style=\"text-align: center;\">Kontrola jako\u015bci materia\u0142\u00f3w opakowaniowych.<\/p>\n[\/vc_column_text][\/vc_column][\/vc_row]\n","protected":false},"excerpt":{"rendered":"<p>[vc_row][vc_column][vc_column_text] BADANIE OPAKOWA\u0143 [\/vc_column_text][\/vc_column][\/vc_row][vc_row el_class=&#8221;kepeksor&#8221;][vc_column width=&#8221;1\/3&#8243;][vc_single_image image=&#8221;862&#8243; img_size=&#8221;full&#8221; alignment=&#8221;center&#8221; onclick=&#8221;custom_link&#8221; link=&#8221;https:\/\/packlabhu.com\/hu\/veszelyes-aru-csomagolas\/&#8221;][\/vc_column][vc_column width=&#8221;1\/3&#8243;][vc_single_image image=&#8221;900&#8243; img_size=&#8221;full&#8221; alignment=&#8221;center&#8221; onclick=&#8221;custom_link&#8221; link=&#8221;https:\/\/packlabhu.com\/hu\/ista\/&#8221;][\/vc_column][vc_column width=&#8221;1\/3&#8243;][vc_single_image image=&#8221;869&#8243; img_size=&#8221;full&#8221; alignment=&#8221;center&#8221; onclick=&#8221;custom_link&#8221; link=&#8221;https:\/\/packlabhu.com\/hu\/amazon\/&#8221;][\/vc_column][\/vc_row][vc_row][vc_column width=&#8221;1\/3&#8243;][vc_column_text] Opakowania materia\u0142\u00f3w niebezpiecznych Opakowania s\u0105 testowane zgodnie z przepisami dotycz\u0105cymi materia\u0142\u00f3w niebezpiecznych. Normy: ADR, RID, ADN, IATA, IMDG. [\/vc_column_text][\/vc_column][vc_column width=&#8221;1\/3&#8243;][vc_column_text] ISTA Nasze laboratorium posiada certyfikat ISTA. [\/vc_column_text][\/vc_column][vc_column width=&#8221;1\/3&#8243;][vc_column_text] Amazon Wraz z szybkim rozwojem e-commerce opakowania staj\u0105 si\u0119 coraz wa\u017cniejsze \u2013 musz\u0105 chroni\u0107 produkt, by\u0107 ekonomiczne, \u0142atwe do otwarcia i generowa\u0107 jak najmniej odpad\u00f3w. [\/vc_column_text][\/vc_column][\/vc_row][vc_row el_class=&#8221;kepeksor&#8221;][vc_column width=&#8221;1\/3&#8243;][vc_single_image image=&#8221;866&#8243; img_size=&#8221;full&#8221; alignment=&#8221;center&#8221; onclick=&#8221;custom_link&#8221; link=&#8221;https:\/\/packlabhu.com\/hu\/mechanikai\/&#8221;][\/vc_column][vc_column width=&#8221;1\/3&#8243;][vc_single_image image=&#8221;881&#8243; img_size=&#8221;full&#8221; alignment=&#8221;center&#8221; onclick=&#8221;custom_link&#8221; link=&#8221;https:\/\/packlabhu.com\/hu\/kornyezetallosagi\/&#8221;][\/vc_column][vc_column width=&#8221;1\/3&#8243;][vc_single_image image=&#8221;888&#8243; img_size=&#8221;full&#8221; alignment=&#8221;center&#8221; onclick=&#8221;custom_link&#8221; link=&#8221;https:\/\/packlabhu.com\/hu\/anyagvizsgalat\/&#8221;][\/vc_column][\/vc_row][vc_row][vc_column width=&#8221;1\/3&#8243;][vc_column_text] Testy mechaniczne Testy mechaniczne symuluj\u0105 \u015brodowisko transportowe w kontrolowanych warunkach. [\/vc_column_text][\/vc_column][vc_column width=&#8221;1\/3&#8243;][vc_column_text] Badania odporno\u015bci \u015brodowiskowej Opakowania s\u0105 testowane w okre\u015blonych temperaturach i wilgotno\u015bci. [\/vc_column_text][\/vc_column][vc_column width=&#8221;1\/3&#8243;][vc_column_text] Badania materia\u0142owe Kontrola jako\u015bci materia\u0142\u00f3w opakowaniowych. [\/vc_column_text][\/vc_column][\/vc_row]<\/p>\n","protected":false},"author":1,"featured_media":0,"parent":0,"menu_order":0,"comment_status":"closed","ping_status":"closed","template":"","meta":{"footnotes":""},"class_list":["post-2018","page","type-page","status-publish","hentry"],"_links":{"self":[{"href":"https:\/\/packlabhu.com\/pl\/wp-json\/wp\/v2\/pages\/2018","targetHints":{"allow":["GET"]}}],"collection":[{"href":"https:\/\/packlabhu.com\/pl\/wp-json\/wp\/v2\/pages"}],"about":[{"href":"https:\/\/packlabhu.com\/pl\/wp-json\/wp\/v2\/types\/page"}],"author":[{"embeddable":true,"href":"https:\/\/packlabhu.com\/pl\/wp-json\/wp\/v2\/users\/1"}],"replies":[{"embeddable":true,"href":"https:\/\/packlabhu.com\/pl\/wp-json\/wp\/v2\/comments?post=2018"}],"version-history":[{"count":3,"href":"https:\/\/packlabhu.com\/pl\/wp-json\/wp\/v2\/pages\/2018\/revisions"}],"predecessor-version":[{"id":2025,"href":"https:\/\/packlabhu.com\/pl\/wp-json\/wp\/v2\/pages\/2018\/revisions\/2025"}],"wp:attachment":[{"href":"https:\/\/packlabhu.com\/pl\/wp-json\/wp\/v2\/media?parent=2018"}],"curies":[{"name":"wp","href":"https:\/\/api.w.org\/{rel}","templated":true}]}}