{"id":2047,"date":"2025-07-29T21:34:39","date_gmt":"2025-07-29T19:34:39","guid":{"rendered":"https:\/\/packlabhu.com\/?page_id=2047"},"modified":"2025-07-29T21:46:42","modified_gmt":"2025-07-29T19:46:42","slug":"badanie-odpornosci-na-warunki-zewnetrzne","status":"publish","type":"page","link":"https:\/\/packlabhu.com\/pl\/badanie-odpornosci-na-warunki-zewnetrzne\/","title":{"rendered":"BADANIE ODPORNO\u015aCI NA WARUNKI ZEWN\u0118TRZNE"},"content":{"rendered":"[vc_row][vc_column][vc_column_text]\n<h1 style=\"text-align: center;\">BADANIE ODPORNO\u015aCI NA WARUNKI ZEWN\u0118TRZNE<\/h1>\n[\/vc_column_text][\/vc_column][\/vc_row][vc_row el_class=&#8221;kepeksor&#8221;][vc_column width=&#8221;1\/4&#8243;][vc_single_image image=&#8221;900&#8243; img_size=&#8221;full&#8221; alignment=&#8221;center&#8221; onclick=&#8221;custom_link&#8221; link=&#8221;https:\/\/packlabhu.com\/hu\/razovizsgalat-es-mechanikai-sokk-teszt\/&#8221;][\/vc_column][vc_column width=&#8221;1\/4&#8243;][vc_single_image image=&#8221;908&#8243; img_size=&#8221;full&#8221; alignment=&#8221;center&#8221; onclick=&#8221;custom_link&#8221; link=&#8221;https:\/\/packlabhu.com\/hu\/homerseklet-es-paratartalom-teszt\/&#8221;][\/vc_column][vc_column width=&#8221;1\/4&#8243;][vc_single_image image=&#8221;914&#8243; img_size=&#8221;full&#8221; alignment=&#8221;center&#8221; onclick=&#8221;custom_link&#8221; link=&#8221;https:\/\/packlabhu.com\/hu\/idojaras-es-korrozio-allosagi-vizsgalat\/&#8221;][\/vc_column][vc_column width=&#8221;1\/4&#8243;][vc_single_image image=&#8221;921&#8243; img_size=&#8221;full&#8221; alignment=&#8221;center&#8221; onclick=&#8221;custom_link&#8221; link=&#8221;https:\/\/packlabhu.com\/hu\/environmental-anyagvizsgalat\/&#8221;][\/vc_column][\/vc_row][vc_row][vc_column width=&#8221;1\/4&#8243;][vc_column_text]\n<h4 style=\"text-align: center;\"><a href=\"https:\/\/packlabhu.com\/pl\/test-drgan-i-wstrzasow-mechanicznych\"><strong>Test drga\u0144 i wstrz\u0105s\u00f3w mechanicznych<\/strong><\/a><\/h4>\n<p style=\"text-align: center;\">Testy drga\u0144 i wstrz\u0105s\u00f3w wspieraj\u0105 rozw\u00f3j wy\u017cszej jako\u015bci produkt\u00f3w odpornych na spodziewane obci\u0105\u017cenia podczas u\u017cytkowania.<\/p>\n[\/vc_column_text][\/vc_column][vc_column width=&#8221;1\/4&#8243;][vc_column_text]\n<h4 style=\"text-align: center;\"><a href=\"https:\/\/packlabhu.com\/pl\/test-temperatury-i-wilgotnosci\"><strong>Test temperatury i wilgotno\u015bci<\/strong><\/a><\/h4>\n<p style=\"text-align: center;\">Test temperatury i wilgotno\u015bci symuluje spodziewane warunki klimatyczne i pomaga zmniejszy\u0107 ryzyko awarii produktu.<\/p>\n[\/vc_column_text][\/vc_column][vc_column width=&#8221;1\/4&#8243;][vc_column_text]\n<h4 style=\"text-align: center;\"><a href=\"https:\/\/packlabhu.com\/pl\/badanie-odpornosci-na-warunki-atmosferyczne-i-korozje\"><strong>Badanie odporno\u015bci na warunki atmosferyczne i korozj\u0119<\/strong><\/a><\/h4>\n<p style=\"text-align: center;\">Przyspieszone testy starzenia oceniaj\u0105 trwa\u0142o\u015b\u0107 materia\u0142\u00f3w w okre\u015blonych warunkach \u015brodowiskowych.<\/p>\n[\/vc_column_text][\/vc_column][vc_column width=&#8221;1\/4&#8243;][vc_column_text]\n<h4 style=\"text-align: center;\"><a href=\"https:\/\/packlabhu.com\/pl\/badanie-materialow\"><strong>Badanie materia\u0142\u00f3w<\/strong><\/a><\/h4>\n<p style=\"text-align: center;\">Badanie materia\u0142\u00f3w mierzy okre\u015blon\u0105 w\u0142a\u015bciwo\u015b\u0107 materia\u0142u. Cz\u0119sto stosowane po testach \u015brodowiskowych.<\/p>\n[\/vc_column_text][\/vc_column][\/vc_row]\n","protected":false},"excerpt":{"rendered":"<p>[vc_row][vc_column][vc_column_text] BADANIE ODPORNO\u015aCI NA WARUNKI ZEWN\u0118TRZNE [\/vc_column_text][\/vc_column][\/vc_row][vc_row el_class=&#8221;kepeksor&#8221;][vc_column width=&#8221;1\/4&#8243;][vc_single_image image=&#8221;900&#8243; img_size=&#8221;full&#8221; alignment=&#8221;center&#8221; onclick=&#8221;custom_link&#8221; link=&#8221;https:\/\/packlabhu.com\/hu\/razovizsgalat-es-mechanikai-sokk-teszt\/&#8221;][\/vc_column][vc_column width=&#8221;1\/4&#8243;][vc_single_image image=&#8221;908&#8243; img_size=&#8221;full&#8221; alignment=&#8221;center&#8221; onclick=&#8221;custom_link&#8221; link=&#8221;https:\/\/packlabhu.com\/hu\/homerseklet-es-paratartalom-teszt\/&#8221;][\/vc_column][vc_column width=&#8221;1\/4&#8243;][vc_single_image image=&#8221;914&#8243; img_size=&#8221;full&#8221; alignment=&#8221;center&#8221; onclick=&#8221;custom_link&#8221; link=&#8221;https:\/\/packlabhu.com\/hu\/idojaras-es-korrozio-allosagi-vizsgalat\/&#8221;][\/vc_column][vc_column width=&#8221;1\/4&#8243;][vc_single_image image=&#8221;921&#8243; img_size=&#8221;full&#8221; alignment=&#8221;center&#8221; onclick=&#8221;custom_link&#8221; link=&#8221;https:\/\/packlabhu.com\/hu\/environmental-anyagvizsgalat\/&#8221;][\/vc_column][\/vc_row][vc_row][vc_column width=&#8221;1\/4&#8243;][vc_column_text] Test drga\u0144 i wstrz\u0105s\u00f3w mechanicznych Testy drga\u0144 i wstrz\u0105s\u00f3w wspieraj\u0105 rozw\u00f3j wy\u017cszej jako\u015bci produkt\u00f3w odpornych na spodziewane obci\u0105\u017cenia podczas u\u017cytkowania. [\/vc_column_text][\/vc_column][vc_column width=&#8221;1\/4&#8243;][vc_column_text] Test temperatury i wilgotno\u015bci Test temperatury i wilgotno\u015bci symuluje spodziewane warunki klimatyczne i pomaga zmniejszy\u0107 ryzyko awarii produktu. [\/vc_column_text][\/vc_column][vc_column width=&#8221;1\/4&#8243;][vc_column_text] Badanie odporno\u015bci na warunki atmosferyczne i korozj\u0119 Przyspieszone testy starzenia oceniaj\u0105 trwa\u0142o\u015b\u0107 materia\u0142\u00f3w w okre\u015blonych warunkach \u015brodowiskowych. [\/vc_column_text][\/vc_column][vc_column width=&#8221;1\/4&#8243;][vc_column_text] Badanie materia\u0142\u00f3w Badanie materia\u0142\u00f3w mierzy okre\u015blon\u0105 w\u0142a\u015bciwo\u015b\u0107 materia\u0142u. Cz\u0119sto stosowane po testach \u015brodowiskowych. [\/vc_column_text][\/vc_column][\/vc_row]<\/p>\n","protected":false},"author":1,"featured_media":0,"parent":0,"menu_order":0,"comment_status":"closed","ping_status":"closed","template":"","meta":{"footnotes":""},"class_list":["post-2047","page","type-page","status-publish","hentry"],"_links":{"self":[{"href":"https:\/\/packlabhu.com\/pl\/wp-json\/wp\/v2\/pages\/2047","targetHints":{"allow":["GET"]}}],"collection":[{"href":"https:\/\/packlabhu.com\/pl\/wp-json\/wp\/v2\/pages"}],"about":[{"href":"https:\/\/packlabhu.com\/pl\/wp-json\/wp\/v2\/types\/page"}],"author":[{"embeddable":true,"href":"https:\/\/packlabhu.com\/pl\/wp-json\/wp\/v2\/users\/1"}],"replies":[{"embeddable":true,"href":"https:\/\/packlabhu.com\/pl\/wp-json\/wp\/v2\/comments?post=2047"}],"version-history":[{"count":3,"href":"https:\/\/packlabhu.com\/pl\/wp-json\/wp\/v2\/pages\/2047\/revisions"}],"predecessor-version":[{"id":2058,"href":"https:\/\/packlabhu.com\/pl\/wp-json\/wp\/v2\/pages\/2047\/revisions\/2058"}],"wp:attachment":[{"href":"https:\/\/packlabhu.com\/pl\/wp-json\/wp\/v2\/media?parent=2047"}],"curies":[{"name":"wp","href":"https:\/\/api.w.org\/{rel}","templated":true}]}}