{"id":2049,"date":"2025-07-29T21:37:19","date_gmt":"2025-07-29T19:37:19","guid":{"rendered":"https:\/\/packlabhu.com\/?page_id=2049"},"modified":"2025-07-29T21:37:19","modified_gmt":"2025-07-29T19:37:19","slug":"test-drgan-i-wstrzasow-mechanicznych","status":"publish","type":"page","link":"https:\/\/packlabhu.com\/pl\/test-drgan-i-wstrzasow-mechanicznych\/","title":{"rendered":"Test drga\u0144 i wstrz\u0105s\u00f3w mechanicznych"},"content":{"rendered":"[vc_row][vc_column][vc_column_text]\n<h1><b>Test drga\u0144 i wstrz\u0105s\u00f3w mechanicznych<\/b><\/h1>\n[\/vc_column_text][vc_column_text]Testy drga\u0144 i wstrz\u0105s\u00f3w mechanicznych wspieraj\u0105 rozw\u00f3j wy\u017cszej jako\u015bci produkt\u00f3w odpornych na spodziewane obci\u0105\u017cenia. Wiele bran\u017c (np. motoryzacyjna, elektroniczna) wymaga tych test\u00f3w na etapie rozwoju.<\/p>\n<p>Laboratorium jest wyposa\u017cone w hydrauliczny i elektrodynamiczny shaker, mo\u017cliwy do po\u0142\u0105czenia z komor\u0105 klimatyczn\u0105, umo\u017cliwiaj\u0105c szeroki zakres test\u00f3w.<\/p>\n<h2><strong>Nasze testy:<\/strong><\/h2>\n<ul>\n<li aria-level=\"1\">Test losowych drga\u0144 (r\u00f3wnie\u017c w kontrolowanej temperaturze, z komor\u0105 klimatyczn\u0105)<\/li>\n<li aria-level=\"1\">Test drga\u0144 sinusoidalnych (r\u00f3wnie\u017c w kontrolowanej temperaturze, z komor\u0105 klimatyczn\u0105)<\/li>\n<li aria-level=\"1\">Test drga\u0144 SoR<\/li>\n<li aria-level=\"1\">Wyszukiwanie rezonansu<\/li>\n<li aria-level=\"1\">Test wstrz\u0105su mechanicznego<\/li>\n<\/ul>\n<p><i>Stosowane normy:<\/i><\/p>\n<ul>\n<li aria-level=\"1\">MSZ EN 60068-2-6 (IEC 60068-2-6) Environmental testing. Part 2-6: Tests. Test Fc: Vibration (sinusoidal)<\/li>\n<li aria-level=\"1\">MSZ EN 60068-2-64 (IEC 60068-2-64) Environmental testing. Part 2-64: Tests. Test Fh: Vibration, broadband random and guidance<\/li>\n<li aria-level=\"1\">MSZ EN 60068-2-27 (IEC 60068-2-27) Environmental testing. Part 2-27: Tests. Test Ea and guidance: Shock<\/li>\n<li aria-level=\"1\">ISO 16750-3 EN Road vehicles &#8211; Environmental conditions and testing Part 3 Mechanical Loads<\/li>\n<li aria-level=\"1\">VW 80000 &#8211; Vibration and mechanical shock tests<\/li>\n<li aria-level=\"1\">Various industrial standards<\/li>\n<\/ul>\n<p>Nale\u017cy pami\u0119ta\u0107, \u017ce niekt\u00f3re z wymienionych norm mog\u0105 nie by\u0107 obj\u0119te akredytacj\u0105 laboratorium. Szczeg\u00f3\u0142y dost\u0119pne s\u0105 tutaj: <a href=\"https:\/\/nah.gov.hu\/uploads\/attachment\/file\/9034\/RO_3_-1-1454-2018-F2-HKI-241535794_al%C3%A1%C3%ADrt.pdf\">https:\/\/nah.gov.hu\/uploads\/attachment\/file\/9034\/RO_3_-1-1454-2018-F2-HKI-241535794_al%C3%A1%C3%ADrt.pdf<\/a><br \/>\n[\/vc_column_text][vc_column_text]<style> #grid-gallery-14-52421 .grid-gallery-caption[data-grid-gallery-type=\"show-on-hover\"]:hover figcaption, #grid-gallery-14-52421 .grid-gallery-caption[data-grid-gallery-type=\"show-on-hover\"].hovered figcaption, #grid-gallery-14-52421 .grid-gallery-caption[data-grid-gallery-type=\"show-on-hover\"]:active figcaption { background-color:rgba(111,0,0,0.5) !important; } <\/style> <div id=\"grid-gallery-14-52421\" data-gg-id=\"14\" data-title=\"Vibration testing and Mechanical Shock testing\" data-grid-type=\"0\" data-offset=\"5\" data-area-position=\"center\" data-icons=\"false\" data-preloader=\"true\" data-width=\"215\" data-height=\"215\" data-padding=\"0\" data-quicksand=\"disabled\" data-quicksand-duration=\"none\" data-popup-theme=\"theme_6\" data-popup-type=\"pretty-photo\" data-popup-image-text=\"data-description\" data-popup-widthsize=\"auto\" data-popup-heightsize=\"auto\" data-popup-i18n-words=\"{&quot;close&quot;:&quot;close&quot;,&quot;next&quot;:&quot;next&quot;,&quot;previous&quot;:&quot;previous&quot;,&quot;start_slideshow&quot;:&quot;start slideshow&quot;,&quot;stop_slideshow&quot;:&quot;stop slideshow&quot;,&quot;image&quot;:&quot;image&quot;,&quot;of&quot;:&quot;of&quot;,&quot;prev&quot;:&quot;prev&quot;,&quot;cExpand&quot;:&quot;Expand&quot;,&quot;cPrevious&quot;:&quot;Previous&quot;,&quot;cNext&quot;:&quot;Next&quot;,&quot;cExpandStr&quot;:&quot;Expand the image&quot;,&quot;cRotate&quot;:&quot;Rotate&quot;,&quot;cDetails&quot;:&quot;Details&quot;}\" data-popup-slideshow=\"false\" data-popup-slideshow-speed=\"2500\" data-popup-hoverstop=\"true\" data-popup-slideshow-auto=\"false\" data-popup-background=\"\" data-popup-transparency=\"30\" data-popup-disable-history=\"\" data-popup-disable-changed-url=\"\" data-popup-border-type=\"solid\" data-popup-border-color=\"\" data-popup-border-width=\"\" data-popup-border-enable=\"\" data-fullscreen=\"false\" data-hide-tooltip=\"false\" data-caption-font-family=\"Default\" data-caption-text-size=\"140\" data-is-mobile=\"0\" data-caption-mobile=\"false\" data-hide-long-tltp-title=\"0\" data-caption-disabled-on-mobile=\"false\" data-lazyload-enable='1' data-lazyload-effect=\"show\" data-lazyload-effect-duration=\"400\" data-popup-placement-type=\"0\" data-social-sharing=\"{&quot;enabled&quot;:&quot;&quot;,&quot;gallerySharing&quot;:{&quot;enabled&quot;:null,&quot;position&quot;:null},&quot;imageSharing&quot;:{&quot;enabled&quot;:null,&quot;wrapperClass&quot;:&quot; vertical &quot;},&quot;popupSharing&quot;:{&quot;enabled&quot;:null,&quot;wrapperClass&quot;:&quot; vertical &quot;}}\" class=\"grid-gallery grid-gallery-fixed \" style=\" width:100%; height:auto; margin-left:auto; margin-right:auto;position:relative;\" data-popup-video=\"null\" data-popup-disable-source-image-for-linked-img=\"0\" data-popup-enable-download-photos-button=\"0\" data-thumbnail-size=\"150x150\"> <div class=\"gallery-loading\"> <div class=\"la-\" style=\"color:#0073AA\"> <div><\/div> <div><\/div> <\/div> <\/div> <div class=\"gallery-sharing-top\" style=\"display:none;\"> <\/div> <div id=\"photos-14\" class=\"grid-gallery-photos\"><a data-attachment-id=\"899\" id=\"gg-14-159\" class=\"gg-link \" data-attachment-id=\"899\" href=\"https:\/\/packlabhu.com\/wp-content\/uploads\/2021\/07\/sze_labor-65.jpg?gid=14\" target=\"_self\" title=\"sze_labor-65\" data-rel=\"prettyPhoto[pp_gal]\" style=\"border-radius:00;\" ><FIGURE data-tags=\"\" data-id=\"159\" class=\"grid-gallery-caption\" data-grid-gallery-type=\"quarter-slide-up\" data-index=\"0\" style=\"display:none;border-radius:00;; margin:5px; width:2150;\" ><div class=\"crop\" style=\" width:2150; height:2150; overflow:hidden;\"><img decoding=\"async\" data-gg-real-image-href=\"https:\/\/packlabhu.com\/wp-content\/uploads\/2021\/07\/sze_labor-65-215x215.jpg\" src=\"https:\/\/packlabhu.com\/wp-content\/plugins\/gallery-by-supsystic\/src\/GridGallery\/Galleries\/assets\/img\/loading.gif\" class=\"ggImg ggLazyImg\" alt=\"sze_labor-65\" title=\"sze_labor-65\" data-description=\"sze_labor-65\" data-caption=\"sze_labor-65\" data-title=\"sze_labor-65\" style=\" width:215px; height:215px;\" \/><\/div><FIGCAPTION class=\"\" data-alpha=\"5\" style=\"color:#ffffff; background-color:#6f0000; font-size:140; text-align:left; font-family:Default;\" ><div class=\"grid-gallery-figcaption-wrap\" style=\" vertical-align:top;\"><\/div><\/FIGCAPTION><\/FIGURE><\/a><a data-attachment-id=\"900\" id=\"gg-14-160\" class=\"gg-link \" data-attachment-id=\"900\" href=\"https:\/\/packlabhu.com\/wp-content\/uploads\/2021\/07\/sze_labor-63.jpg?gid=14\" target=\"_self\" title=\"sze_labor-63\" data-rel=\"prettyPhoto[pp_gal]\" style=\"border-radius:00;\" ><FIGURE data-tags=\"\" data-id=\"160\" class=\"grid-gallery-caption\" data-grid-gallery-type=\"quarter-slide-up\" data-index=\"1\" style=\"display:none;border-radius:00;; margin:5px; width:2150;\" ><div class=\"crop\" style=\" width:2150; height:2150; overflow:hidden;\"><img decoding=\"async\" data-gg-real-image-href=\"https:\/\/packlabhu.com\/wp-content\/uploads\/2021\/07\/sze_labor-63-215x215.jpg\" src=\"https:\/\/packlabhu.com\/wp-content\/plugins\/gallery-by-supsystic\/src\/GridGallery\/Galleries\/assets\/img\/loading.gif\" class=\"ggImg ggLazyImg\" alt=\"sze_labor-63\" title=\"sze_labor-63\" data-description=\"sze_labor-63\" data-caption=\"sze_labor-63\" data-title=\"sze_labor-63\" style=\" width:215px; height:215px;\" \/><\/div><FIGCAPTION class=\"\" data-alpha=\"5\" style=\"color:#ffffff; background-color:#6f0000; font-size:140; text-align:left; font-family:Default;\" ><div class=\"grid-gallery-figcaption-wrap\" style=\" vertical-align:top;\"><\/div><\/FIGCAPTION><\/FIGURE><\/a><a data-attachment-id=\"901\" id=\"gg-14-161\" class=\"gg-link \" data-attachment-id=\"901\" href=\"https:\/\/packlabhu.com\/wp-content\/uploads\/2021\/07\/sze_labor-31.jpg?gid=14\" target=\"_self\" title=\"sze_labor-31\" data-rel=\"prettyPhoto[pp_gal]\" style=\"border-radius:00;\" ><FIGURE data-tags=\"\" data-id=\"161\" class=\"grid-gallery-caption\" data-grid-gallery-type=\"quarter-slide-up\" data-index=\"2\" style=\"display:none;border-radius:00;; margin:5px; width:2150;\" ><div class=\"crop\" style=\" width:2150; height:2150; overflow:hidden;\"><img decoding=\"async\" data-gg-real-image-href=\"https:\/\/packlabhu.com\/wp-content\/uploads\/2021\/07\/sze_labor-31-215x215.jpg\" src=\"https:\/\/packlabhu.com\/wp-content\/plugins\/gallery-by-supsystic\/src\/GridGallery\/Galleries\/assets\/img\/loading.gif\" class=\"ggImg ggLazyImg\" alt=\"sze_labor-31\" title=\"sze_labor-31\" data-description=\"sze_labor-31\" data-caption=\"sze_labor-31\" data-title=\"sze_labor-31\" style=\" width:215px; height:215px;\" \/><\/div><FIGCAPTION class=\"\" data-alpha=\"5\" style=\"color:#ffffff; background-color:#6f0000; font-size:140; text-align:left; font-family:Default;\" ><div class=\"grid-gallery-figcaption-wrap\" style=\" vertical-align:top;\"><\/div><\/FIGCAPTION><\/FIGURE><\/a><a data-attachment-id=\"902\" id=\"gg-14-162\" class=\"gg-link \" data-attachment-id=\"902\" href=\"https:\/\/packlabhu.com\/wp-content\/uploads\/2021\/07\/sze_labor-27.jpg?gid=14\" target=\"_self\" title=\"sze_labor-27\" data-rel=\"prettyPhoto[pp_gal]\" style=\"border-radius:00;\" ><FIGURE data-tags=\"\" data-id=\"162\" class=\"grid-gallery-caption\" data-grid-gallery-type=\"quarter-slide-up\" data-index=\"3\" style=\"display:none;border-radius:00;; margin:5px; width:2150;\" ><div class=\"crop\" style=\" width:2150; height:2150; overflow:hidden;\"><img decoding=\"async\" data-gg-real-image-href=\"https:\/\/packlabhu.com\/wp-content\/uploads\/2021\/07\/sze_labor-27-215x215.jpg\" src=\"https:\/\/packlabhu.com\/wp-content\/plugins\/gallery-by-supsystic\/src\/GridGallery\/Galleries\/assets\/img\/loading.gif\" class=\"ggImg ggLazyImg\" alt=\"sze_labor-27\" title=\"sze_labor-27\" data-description=\"sze_labor-27\" data-caption=\"sze_labor-27\" data-title=\"sze_labor-27\" style=\" width:215px; height:215px;\" \/><\/div><FIGCAPTION class=\"\" data-alpha=\"5\" style=\"color:#ffffff; background-color:#6f0000; font-size:140; text-align:left; font-family:Default;\" ><div class=\"grid-gallery-figcaption-wrap\" style=\" vertical-align:top;\"><\/div><\/FIGCAPTION><\/FIGURE><\/a> <div class=\"grid-gallery-clearfix\"><\/div> <\/div> <div class=\"gallery-sharing-bottom\" style=\"display:none;\"> <\/div> <div class=\"gallery-sharing-image\" style=\"display:none;\"> <\/div> <div class=\"gallery-sharing-popup\" style=\"display:none;\"> <\/div> <div class=\"grid-gallery-clearfix\"><\/div> <\/div> <!-- Gallery by Supsystic plugin1.15.31 \/2.9.16 --> <style> <\/style><a title=\"\" style=\"display:none;\" href=\"https:\/\/supsystic.com\/plugins\/photo-gallery\/?utm_medium=love_link\" target=\"_blank\"><\/a>\n<div id=\"gtx-trans\" style=\"position: absolute; left: -24px; top: -9px;\">\n<div class=\"gtx-trans-icon\"><\/div>\n<\/div>\n[\/vc_column_text][\/vc_column][\/vc_row]\n","protected":false},"excerpt":{"rendered":"<p>[vc_row][vc_column][vc_column_text] Test drga\u0144 i wstrz\u0105s\u00f3w mechanicznych [\/vc_column_text][vc_column_text]Testy drga\u0144 i wstrz\u0105s\u00f3w mechanicznych wspieraj\u0105 rozw\u00f3j wy\u017cszej jako\u015bci produkt\u00f3w odpornych na spodziewane obci\u0105\u017cenia. Wiele bran\u017c (np. motoryzacyjna, elektroniczna) wymaga tych test\u00f3w na etapie rozwoju. Laboratorium jest wyposa\u017cone w hydrauliczny i elektrodynamiczny shaker, mo\u017cliwy do po\u0142\u0105czenia z komor\u0105 klimatyczn\u0105, umo\u017cliwiaj\u0105c szeroki zakres test\u00f3w. Nasze testy: Test losowych drga\u0144 (r\u00f3wnie\u017c w kontrolowanej temperaturze, z komor\u0105 klimatyczn\u0105) Test drga\u0144 sinusoidalnych (r\u00f3wnie\u017c w kontrolowanej temperaturze, z komor\u0105 klimatyczn\u0105) Test drga\u0144 SoR Wyszukiwanie rezonansu Test wstrz\u0105su mechanicznego Stosowane normy: MSZ EN 60068-2-6 (IEC 60068-2-6) Environmental testing. Part 2-6: Tests. Test Fc: Vibration (sinusoidal) MSZ EN 60068-2-64 (IEC 60068-2-64) Environmental testing. Part 2-64: Tests. Test Fh: Vibration, broadband random and guidance MSZ EN 60068-2-27 (IEC 60068-2-27) Environmental testing. Part 2-27: Tests. Test Ea and guidance: Shock ISO 16750-3 EN Road vehicles &#8211; Environmental conditions and testing Part 3 Mechanical Loads VW 80000 &#8211; Vibration and mechanical shock tests Various industrial standards Nale\u017cy pami\u0119ta\u0107, \u017ce niekt\u00f3re z wymienionych norm mog\u0105 nie by\u0107 obj\u0119te akredytacj\u0105 laboratorium. Szczeg\u00f3\u0142y dost\u0119pne s\u0105 tutaj: https:\/\/nah.gov.hu\/uploads\/attachment\/file\/9034\/RO_3_-1-1454-2018-F2-HKI-241535794_al%C3%A1%C3%ADrt.pdf [\/vc_column_text][vc_column_text] [\/vc_column_text][\/vc_column][\/vc_row]<\/p>\n","protected":false},"author":1,"featured_media":0,"parent":0,"menu_order":0,"comment_status":"closed","ping_status":"closed","template":"","meta":{"footnotes":""},"class_list":["post-2049","page","type-page","status-publish","hentry"],"_links":{"self":[{"href":"https:\/\/packlabhu.com\/pl\/wp-json\/wp\/v2\/pages\/2049","targetHints":{"allow":["GET"]}}],"collection":[{"href":"https:\/\/packlabhu.com\/pl\/wp-json\/wp\/v2\/pages"}],"about":[{"href":"https:\/\/packlabhu.com\/pl\/wp-json\/wp\/v2\/types\/page"}],"author":[{"embeddable":true,"href":"https:\/\/packlabhu.com\/pl\/wp-json\/wp\/v2\/users\/1"}],"replies":[{"embeddable":true,"href":"https:\/\/packlabhu.com\/pl\/wp-json\/wp\/v2\/comments?post=2049"}],"version-history":[{"count":1,"href":"https:\/\/packlabhu.com\/pl\/wp-json\/wp\/v2\/pages\/2049\/revisions"}],"predecessor-version":[{"id":2050,"href":"https:\/\/packlabhu.com\/pl\/wp-json\/wp\/v2\/pages\/2049\/revisions\/2050"}],"wp:attachment":[{"href":"https:\/\/packlabhu.com\/pl\/wp-json\/wp\/v2\/media?parent=2049"}],"curies":[{"name":"wp","href":"https:\/\/api.w.org\/{rel}","templated":true}]}}