{"id":2056,"date":"2025-07-29T21:46:19","date_gmt":"2025-07-29T19:46:19","guid":{"rendered":"https:\/\/packlabhu.com\/?page_id=2056"},"modified":"2025-07-29T21:46:19","modified_gmt":"2025-07-29T19:46:19","slug":"badanie-materialow","status":"publish","type":"page","link":"https:\/\/packlabhu.com\/pl\/badanie-materialow\/","title":{"rendered":"Badanie materia\u0142\u00f3w"},"content":{"rendered":"[vc_row][vc_column][vc_column_text]\n<h1><b>Badanie materia\u0142\u00f3w<\/b><\/h1>\n[\/vc_column_text][vc_column_text]Podczas bada\u0144 materia\u0142owych mierzy si\u0119 konkretn\u0105 w\u0142a\u015bciwo\u015b\u0107 materia\u0142u. Cz\u0119sto s\u0105 one wykorzystywane do oceny po testach symulacji \u015brodowiska.<\/p>\n<h2><strong>Nasze testy:<\/strong><\/h2>\n<ul>\n<li aria-level=\"1\">Test palno\u015bci<\/li>\n<\/ul>\n<p>(SES N 3245:20192, ISO 3795, CNS 13387:19942, VW TL 1010:2008, MS 300-08:2008, Peugeot D1333:2005, UL94:2006, FMVSS 302:2007-08, GMW 3232:2011, BMW GS 97038:20162, GB 8410:2016, DIN 75200:1980-09)<\/p>\n<ul>\n<li aria-level=\"1\">Pr\u00f3ba rozci\u0105gania (ISO 527-2, ISO 527-3)<\/li>\n<\/ul>\n<ul>\n<li aria-level=\"1\">Test udarowy (ISO 6272-1)<\/li>\n<\/ul>\n<ul>\n<li aria-level=\"1\">Pomiar DSC<\/li>\n<li aria-level=\"1\">Pomiar twardo\u015bci (ISO 868)<\/li>\n<\/ul>\n<ul>\n<li aria-level=\"1\">Pomiar koloru (ISO 11664-3, ASTM D2244-16)<\/li>\n<\/ul>\n<ul>\n<li aria-level=\"1\">Pomiar po\u0142ysku (ISO 2813)<\/li>\n<\/ul>\n<ul>\n<li aria-level=\"1\">Test naci\u0119\u0107 krzy\u017cowych (ISO 2409)<\/li>\n<\/ul>\n<ul>\n<li aria-level=\"1\">Pomiar oporu elektrostatycznego (MSZ EN 61340-2-3, IEC 61340-2-3)<\/li>\n<\/ul>\n<p>Nale\u017cy pami\u0119ta\u0107, \u017ce niekt\u00f3re z wymienionych norm mog\u0105 nie by\u0107 obj\u0119te akredytacj\u0105 laboratorium. Szczeg\u00f3\u0142y dost\u0119pne s\u0105 tutaj:<\/p>\n<p><a href=\"https:\/\/nah.gov.hu\/uploads\/attachment\/file\/9034\/RO_3_-1-1454-2018-F2-HKI-241535794_al%C3%A1%C3%ADrt.pdf\">https:\/\/nah.gov.hu\/uploads\/attachment\/file\/9034\/RO_3_-1-1454-2018-F2-HKI-241535794_al%C3%A1%C3%ADrt.pdf<\/a><br \/>\n[\/vc_column_text][vc_column_text]<style> #grid-gallery-18-25811 .grid-gallery-caption[data-grid-gallery-type=\"show-on-hover\"]:hover figcaption, #grid-gallery-18-25811 .grid-gallery-caption[data-grid-gallery-type=\"show-on-hover\"].hovered figcaption, #grid-gallery-18-25811 .grid-gallery-caption[data-grid-gallery-type=\"show-on-hover\"]:active figcaption { background-color:rgba(111,0,0,0.5) !important; } <\/style> <div id=\"grid-gallery-18-25811\" data-gg-id=\"18\" data-title=\"Material testing\" data-grid-type=\"0\" data-offset=\"5\" data-area-position=\"center\" data-icons=\"false\" data-preloader=\"true\" data-width=\"215\" data-height=\"215\" data-padding=\"0\" data-quicksand=\"disabled\" data-quicksand-duration=\"none\" data-popup-theme=\"theme_6\" data-popup-type=\"pretty-photo\" data-popup-image-text=\"data-description\" data-popup-widthsize=\"auto\" data-popup-heightsize=\"auto\" data-popup-i18n-words=\"{&quot;close&quot;:&quot;close&quot;,&quot;next&quot;:&quot;next&quot;,&quot;previous&quot;:&quot;previous&quot;,&quot;start_slideshow&quot;:&quot;start slideshow&quot;,&quot;stop_slideshow&quot;:&quot;stop slideshow&quot;,&quot;image&quot;:&quot;image&quot;,&quot;of&quot;:&quot;of&quot;,&quot;prev&quot;:&quot;prev&quot;,&quot;cExpand&quot;:&quot;Expand&quot;,&quot;cPrevious&quot;:&quot;Previous&quot;,&quot;cNext&quot;:&quot;Next&quot;,&quot;cExpandStr&quot;:&quot;Expand the image&quot;,&quot;cRotate&quot;:&quot;Rotate&quot;,&quot;cDetails&quot;:&quot;Details&quot;}\" data-popup-slideshow=\"false\" data-popup-slideshow-speed=\"2500\" data-popup-hoverstop=\"true\" data-popup-slideshow-auto=\"false\" data-popup-background=\"\" data-popup-transparency=\"30\" data-popup-disable-history=\"\" data-popup-disable-changed-url=\"\" data-popup-border-type=\"solid\" data-popup-border-color=\"\" data-popup-border-width=\"\" data-popup-border-enable=\"\" data-fullscreen=\"false\" data-hide-tooltip=\"false\" data-caption-font-family=\"Default\" data-caption-text-size=\"140\" data-is-mobile=\"0\" data-caption-mobile=\"false\" data-hide-long-tltp-title=\"0\" data-caption-disabled-on-mobile=\"false\" data-lazyload-enable='1' data-lazyload-effect=\"show\" data-lazyload-effect-duration=\"400\" data-popup-placement-type=\"0\" data-social-sharing=\"{&quot;enabled&quot;:&quot;&quot;,&quot;gallerySharing&quot;:{&quot;enabled&quot;:null,&quot;position&quot;:null},&quot;imageSharing&quot;:{&quot;enabled&quot;:null,&quot;wrapperClass&quot;:&quot; vertical &quot;},&quot;popupSharing&quot;:{&quot;enabled&quot;:null,&quot;wrapperClass&quot;:&quot; vertical &quot;}}\" class=\"grid-gallery grid-gallery-fixed \" style=\" width:100%; height:auto; margin-left:auto; margin-right:auto;position:relative;\" data-popup-video=\"null\" data-popup-disable-source-image-for-linked-img=\"0\" data-popup-enable-download-photos-button=\"0\" data-thumbnail-size=\"150x150\"> <div class=\"gallery-loading\"> <div class=\"la-\" style=\"color:#0073AA\"> <div><\/div> <div><\/div> <\/div> <\/div> <div class=\"gallery-sharing-top\" style=\"display:none;\"> <\/div> <div id=\"photos-18\" class=\"grid-gallery-photos\"><a data-attachment-id=\"919\" id=\"gg-18-173\" class=\"gg-link \" data-attachment-id=\"919\" href=\"https:\/\/packlabhu.com\/wp-content\/uploads\/2021\/07\/SZE_PackLabHu_2021_01_Majer_Csaba_Jozsef.jpg?gid=18\" target=\"_self\" title=\"SZE_PackLabHu_2021_01_Majer_Csaba_Jozsef\" data-rel=\"prettyPhoto[pp_gal]\" style=\"border-radius:00;\" ><FIGURE data-tags=\"\" data-id=\"173\" class=\"grid-gallery-caption\" data-grid-gallery-type=\"quarter-slide-up\" data-index=\"0\" style=\"display:none;border-radius:00;; margin:5px; width:2150;\" ><div class=\"crop\" style=\" width:2150; height:2150; overflow:hidden;\"><img decoding=\"async\" data-gg-real-image-href=\"https:\/\/packlabhu.com\/wp-content\/uploads\/2021\/07\/SZE_PackLabHu_2021_01_Majer_Csaba_Jozsef-215x215.jpg\" src=\"https:\/\/packlabhu.com\/wp-content\/plugins\/gallery-by-supsystic\/src\/GridGallery\/Galleries\/assets\/img\/loading.gif\" class=\"ggImg ggLazyImg\" alt=\"SZE_PackLabHu_2021_01_Majer_Csaba_Jozsef\" title=\"SZE_PackLabHu_2021_01_Majer_Csaba_Jozsef\" data-description=\"SZE_PackLabHu_2021_01_Majer_Csaba_Jozsef\" data-caption=\"SZE_PackLabHu_2021_01_Majer_Csaba_Jozsef\" data-title=\"SZE_PackLabHu_2021_01_Majer_Csaba_Jozsef\" style=\" width:215px; height:215px;\" \/><\/div><FIGCAPTION class=\"\" data-alpha=\"5\" style=\"color:#ffffff; background-color:#6f0000; font-size:140; text-align:left; font-family:Default;\" ><div class=\"grid-gallery-figcaption-wrap\" style=\" vertical-align:top;\"><\/div><\/FIGCAPTION><\/FIGURE><\/a><a data-attachment-id=\"920\" id=\"gg-18-174\" class=\"gg-link \" data-attachment-id=\"920\" href=\"https:\/\/packlabhu.com\/wp-content\/uploads\/2021\/07\/sze_labor-50.jpg?gid=18\" target=\"_self\" title=\"sze_labor-50\" data-rel=\"prettyPhoto[pp_gal]\" style=\"border-radius:00;\" ><FIGURE data-tags=\"\" data-id=\"174\" class=\"grid-gallery-caption\" data-grid-gallery-type=\"quarter-slide-up\" data-index=\"1\" style=\"display:none;border-radius:00;; margin:5px; width:2150;\" ><div class=\"crop\" style=\" width:2150; height:2150; overflow:hidden;\"><img decoding=\"async\" data-gg-real-image-href=\"https:\/\/packlabhu.com\/wp-content\/uploads\/2021\/07\/sze_labor-50-215x215.jpg\" src=\"https:\/\/packlabhu.com\/wp-content\/plugins\/gallery-by-supsystic\/src\/GridGallery\/Galleries\/assets\/img\/loading.gif\" class=\"ggImg ggLazyImg\" alt=\"sze_labor-50\" title=\"sze_labor-50\" data-description=\"sze_labor-50\" data-caption=\"sze_labor-50\" data-title=\"sze_labor-50\" style=\" width:215px; height:215px;\" \/><\/div><FIGCAPTION class=\"\" data-alpha=\"5\" style=\"color:#ffffff; background-color:#6f0000; font-size:140; text-align:left; font-family:Default;\" ><div class=\"grid-gallery-figcaption-wrap\" style=\" vertical-align:top;\"><\/div><\/FIGCAPTION><\/FIGURE><\/a><a data-attachment-id=\"921\" id=\"gg-18-175\" class=\"gg-link \" data-attachment-id=\"921\" href=\"https:\/\/packlabhu.com\/wp-content\/uploads\/2021\/07\/sze_labor-46.jpg?gid=18\" target=\"_self\" title=\"sze_labor-46\" data-rel=\"prettyPhoto[pp_gal]\" style=\"border-radius:00;\" ><FIGURE data-tags=\"\" data-id=\"175\" class=\"grid-gallery-caption\" data-grid-gallery-type=\"quarter-slide-up\" data-index=\"2\" style=\"display:none;border-radius:00;; margin:5px; width:2150;\" ><div class=\"crop\" style=\" width:2150; height:2150; overflow:hidden;\"><img decoding=\"async\" data-gg-real-image-href=\"https:\/\/packlabhu.com\/wp-content\/uploads\/2021\/07\/sze_labor-46-215x215.jpg\" src=\"https:\/\/packlabhu.com\/wp-content\/plugins\/gallery-by-supsystic\/src\/GridGallery\/Galleries\/assets\/img\/loading.gif\" class=\"ggImg ggLazyImg\" alt=\"sze_labor-46\" title=\"sze_labor-46\" data-description=\"sze_labor-46\" data-caption=\"sze_labor-46\" data-title=\"sze_labor-46\" style=\" width:215px; height:215px;\" \/><\/div><FIGCAPTION class=\"\" data-alpha=\"5\" style=\"color:#ffffff; background-color:#6f0000; font-size:140; text-align:left; font-family:Default;\" ><div class=\"grid-gallery-figcaption-wrap\" style=\" vertical-align:top;\"><\/div><\/FIGCAPTION><\/FIGURE><\/a> <div class=\"grid-gallery-clearfix\"><\/div> <\/div> <div class=\"gallery-sharing-bottom\" style=\"display:none;\"> <\/div> <div class=\"gallery-sharing-image\" style=\"display:none;\"> <\/div> <div class=\"gallery-sharing-popup\" style=\"display:none;\"> <\/div> <div class=\"grid-gallery-clearfix\"><\/div> <\/div> <!-- Gallery by Supsystic plugin1.15.31 \/2.9.16 --> <style> <\/style><a title=\"\" style=\"display:none;\" href=\"https:\/\/supsystic.com\/plugins\/photo-gallery\/?utm_medium=love_link\" target=\"_blank\"><\/a>\n<div id=\"gtx-trans\" style=\"position: absolute; left: -104px; top: -9px;\">\n<div class=\"gtx-trans-icon\"><\/div>\n<\/div>\n[\/vc_column_text][\/vc_column][\/vc_row]\n","protected":false},"excerpt":{"rendered":"<p>[vc_row][vc_column][vc_column_text] Badanie materia\u0142\u00f3w [\/vc_column_text][vc_column_text]Podczas bada\u0144 materia\u0142owych mierzy si\u0119 konkretn\u0105 w\u0142a\u015bciwo\u015b\u0107 materia\u0142u. Cz\u0119sto s\u0105 one wykorzystywane do oceny po testach symulacji \u015brodowiska. Nasze testy: Test palno\u015bci (SES N 3245:20192, ISO 3795, CNS 13387:19942, VW TL 1010:2008, MS 300-08:2008, Peugeot D1333:2005, UL94:2006, FMVSS 302:2007-08, GMW 3232:2011, BMW GS 97038:20162, GB 8410:2016, DIN 75200:1980-09) Pr\u00f3ba rozci\u0105gania (ISO 527-2, ISO 527-3) Test udarowy (ISO 6272-1) Pomiar DSC Pomiar twardo\u015bci (ISO 868) Pomiar koloru (ISO 11664-3, ASTM D2244-16) Pomiar po\u0142ysku (ISO 2813) Test naci\u0119\u0107 krzy\u017cowych (ISO 2409) Pomiar oporu elektrostatycznego (MSZ EN 61340-2-3, IEC 61340-2-3) Nale\u017cy pami\u0119ta\u0107, \u017ce niekt\u00f3re z wymienionych norm mog\u0105 nie by\u0107 obj\u0119te akredytacj\u0105 laboratorium. Szczeg\u00f3\u0142y dost\u0119pne s\u0105 tutaj: https:\/\/nah.gov.hu\/uploads\/attachment\/file\/9034\/RO_3_-1-1454-2018-F2-HKI-241535794_al%C3%A1%C3%ADrt.pdf [\/vc_column_text][vc_column_text] [\/vc_column_text][\/vc_column][\/vc_row]<\/p>\n","protected":false},"author":1,"featured_media":0,"parent":0,"menu_order":0,"comment_status":"closed","ping_status":"closed","template":"","meta":{"footnotes":""},"class_list":["post-2056","page","type-page","status-publish","hentry"],"_links":{"self":[{"href":"https:\/\/packlabhu.com\/pl\/wp-json\/wp\/v2\/pages\/2056","targetHints":{"allow":["GET"]}}],"collection":[{"href":"https:\/\/packlabhu.com\/pl\/wp-json\/wp\/v2\/pages"}],"about":[{"href":"https:\/\/packlabhu.com\/pl\/wp-json\/wp\/v2\/types\/page"}],"author":[{"embeddable":true,"href":"https:\/\/packlabhu.com\/pl\/wp-json\/wp\/v2\/users\/1"}],"replies":[{"embeddable":true,"href":"https:\/\/packlabhu.com\/pl\/wp-json\/wp\/v2\/comments?post=2056"}],"version-history":[{"count":1,"href":"https:\/\/packlabhu.com\/pl\/wp-json\/wp\/v2\/pages\/2056\/revisions"}],"predecessor-version":[{"id":2057,"href":"https:\/\/packlabhu.com\/pl\/wp-json\/wp\/v2\/pages\/2056\/revisions\/2057"}],"wp:attachment":[{"href":"https:\/\/packlabhu.com\/pl\/wp-json\/wp\/v2\/media?parent=2056"}],"curies":[{"name":"wp","href":"https:\/\/api.w.org\/{rel}","templated":true}]}}