{"id":2059,"date":"2025-07-29T21:51:00","date_gmt":"2025-07-29T19:51:00","guid":{"rendered":"https:\/\/packlabhu.com\/?page_id=2059"},"modified":"2025-07-29T21:51:00","modified_gmt":"2025-07-29T19:51:00","slug":"nauka","status":"publish","type":"page","link":"https:\/\/packlabhu.com\/pl\/nauka\/","title":{"rendered":"Nauka"},"content":{"rendered":"[vc_row][vc_column][vc_column_text]\n<h1>Nauka<\/h1>\n[\/vc_column_text][\/vc_column][\/vc_row][vc_row][vc_column][vc_column_text]Wszyscy nasi cz\u0142onkowie ucz\u0105 i publikuj\u0105 na <a href=\"http:\/\/uni.sze.hu\/kezdolap\">Uniwersytecie Sz\u00e9chenyi Istv\u00e1n<\/a> na Wydziale Logistyki i Transportu.<\/p>\n<p>Nasze g\u0142\u00f3wne obszary badawcze:<\/p>\n<ul>\n<li>\n<div>Teoretyczne podej\u015bcia do metodologii kompresji czasowej w testach drga\u0144 \u015brodowiskowych<\/div>\n<\/li>\n<li>\n<div>Kryteria klasyfikacji dla drga\u0144 harmonicznych i udarowych<\/div>\n<\/li>\n<li>\n<div>Badanie wp\u0142ywu fizycznych obci\u0105\u017ce\u0144 transportowych na zmiany mikrobiologiczne zawarto\u015bci \u017cywno\u015bci<\/div>\n<\/li>\n<li>\n<div>Opracowanie analizy termicznej papier\u00f3w bazowych<\/div>\n<\/li>\n<li>\n<div>Dynamika \u0142adunk\u00f3w spi\u0119trzonych i mo\u017cliwo\u015bci ich symulacji laboratoryjnej<\/div>\n<\/li>\n<\/ul>\n[\/vc_column_text][\/vc_column][\/vc_row]\n","protected":false},"excerpt":{"rendered":"<p>[vc_row][vc_column][vc_column_text] Nauka [\/vc_column_text][\/vc_column][\/vc_row][vc_row][vc_column][vc_column_text]Wszyscy nasi cz\u0142onkowie ucz\u0105 i publikuj\u0105 na Uniwersytecie Sz\u00e9chenyi Istv\u00e1n na Wydziale Logistyki i Transportu. Nasze g\u0142\u00f3wne obszary badawcze: Teoretyczne podej\u015bcia do metodologii kompresji czasowej w testach drga\u0144 \u015brodowiskowych Kryteria klasyfikacji dla drga\u0144 harmonicznych i udarowych Badanie wp\u0142ywu fizycznych obci\u0105\u017ce\u0144 transportowych na zmiany mikrobiologiczne zawarto\u015bci \u017cywno\u015bci Opracowanie analizy termicznej papier\u00f3w bazowych Dynamika \u0142adunk\u00f3w spi\u0119trzonych i mo\u017cliwo\u015bci ich symulacji laboratoryjnej [\/vc_column_text][\/vc_column][\/vc_row]<\/p>\n","protected":false},"author":1,"featured_media":0,"parent":0,"menu_order":0,"comment_status":"closed","ping_status":"closed","template":"","meta":{"footnotes":""},"class_list":["post-2059","page","type-page","status-publish","hentry"],"_links":{"self":[{"href":"https:\/\/packlabhu.com\/pl\/wp-json\/wp\/v2\/pages\/2059","targetHints":{"allow":["GET"]}}],"collection":[{"href":"https:\/\/packlabhu.com\/pl\/wp-json\/wp\/v2\/pages"}],"about":[{"href":"https:\/\/packlabhu.com\/pl\/wp-json\/wp\/v2\/types\/page"}],"author":[{"embeddable":true,"href":"https:\/\/packlabhu.com\/pl\/wp-json\/wp\/v2\/users\/1"}],"replies":[{"embeddable":true,"href":"https:\/\/packlabhu.com\/pl\/wp-json\/wp\/v2\/comments?post=2059"}],"version-history":[{"count":1,"href":"https:\/\/packlabhu.com\/pl\/wp-json\/wp\/v2\/pages\/2059\/revisions"}],"predecessor-version":[{"id":2060,"href":"https:\/\/packlabhu.com\/pl\/wp-json\/wp\/v2\/pages\/2059\/revisions\/2060"}],"wp:attachment":[{"href":"https:\/\/packlabhu.com\/pl\/wp-json\/wp\/v2\/media?parent=2059"}],"curies":[{"name":"wp","href":"https:\/\/api.w.org\/{rel}","templated":true}]}}