{"id":2116,"date":"2025-07-30T13:55:21","date_gmt":"2025-07-30T11:55:21","guid":{"rendered":"https:\/\/packlabhu.com\/?page_id=2116"},"modified":"2025-07-30T13:55:21","modified_gmt":"2025-07-30T11:55:21","slug":"preskusi","status":"publish","type":"page","link":"https:\/\/packlabhu.com\/sl\/preskusi\/","title":{"rendered":"Preskusi"},"content":{"rendered":"[vc_row][vc_column][vc_column_text]\n<h1>Preskusi<\/h1>\n[\/vc_column_text][\/vc_column][\/vc_row][vc_row][vc_column][vc_column_text]\nNamen embala\u017ee je za\u0161\u010dita izdelka med ravnanjem, distribucijo, prevozom in skladi\u0161\u010denjem. Presku\u0161anje embala\u017ee meri vplive in interakcije na razli\u010dnih ravneh embala\u017ee (embala\u017eni materiali, embala\u017eni elementi, potro\u0161ni\u0161ka embala\u017ea, zabojniki in enotne enote) v povezavi z vsebino, zunanjimi vplivi in kon\u010dno uporabo.<\/p>\n<p>Preskusna podro\u010dja na\u0161ega laboratorija:<\/p>\n<ul>\n<li>Tipno presku\u0161anje embala\u017ee za nevarne snovi<\/li>\n<li>Presku\u0161anje transportne embala\u017ee (enotne enote)<\/li>\n<li>Preverjanje kakovosti embala\u017enih materialov in opreme<\/li>\n<li>Avtomobilski testi<\/li>\n<\/ul>\n[\/vc_column_text][\/vc_column][\/vc_row]\n","protected":false},"excerpt":{"rendered":"<p>[vc_row][vc_column][vc_column_text] Preskusi [\/vc_column_text][\/vc_column][\/vc_row][vc_row][vc_column][vc_column_text] Namen embala\u017ee je za\u0161\u010dita izdelka med ravnanjem, distribucijo, prevozom in skladi\u0161\u010denjem. Presku\u0161anje embala\u017ee meri vplive in interakcije na razli\u010dnih ravneh embala\u017ee (embala\u017eni materiali, embala\u017eni elementi, potro\u0161ni\u0161ka embala\u017ea, zabojniki in enotne enote) v povezavi z vsebino, zunanjimi vplivi in kon\u010dno uporabo. Preskusna podro\u010dja na\u0161ega laboratorija: Tipno presku\u0161anje embala\u017ee za nevarne snovi Presku\u0161anje transportne embala\u017ee (enotne enote) Preverjanje kakovosti embala\u017enih materialov in opreme Avtomobilski testi [\/vc_column_text][\/vc_column][\/vc_row]<\/p>\n","protected":false},"author":1,"featured_media":0,"parent":0,"menu_order":0,"comment_status":"closed","ping_status":"closed","template":"","meta":{"footnotes":""},"class_list":["post-2116","page","type-page","status-publish","hentry"],"_links":{"self":[{"href":"https:\/\/packlabhu.com\/sl\/wp-json\/wp\/v2\/pages\/2116","targetHints":{"allow":["GET"]}}],"collection":[{"href":"https:\/\/packlabhu.com\/sl\/wp-json\/wp\/v2\/pages"}],"about":[{"href":"https:\/\/packlabhu.com\/sl\/wp-json\/wp\/v2\/types\/page"}],"author":[{"embeddable":true,"href":"https:\/\/packlabhu.com\/sl\/wp-json\/wp\/v2\/users\/1"}],"replies":[{"embeddable":true,"href":"https:\/\/packlabhu.com\/sl\/wp-json\/wp\/v2\/comments?post=2116"}],"version-history":[{"count":1,"href":"https:\/\/packlabhu.com\/sl\/wp-json\/wp\/v2\/pages\/2116\/revisions"}],"predecessor-version":[{"id":2117,"href":"https:\/\/packlabhu.com\/sl\/wp-json\/wp\/v2\/pages\/2116\/revisions\/2117"}],"wp:attachment":[{"href":"https:\/\/packlabhu.com\/sl\/wp-json\/wp\/v2\/media?parent=2116"}],"curies":[{"name":"wp","href":"https:\/\/api.w.org\/{rel}","templated":true}]}}